{"id":6778,"date":"2023-04-25T12:34:05","date_gmt":"2023-04-25T10:34:05","guid":{"rendered":"https:\/\/auriva-elevage.com\/jobs\/"},"modified":"2023-04-25T12:34:05","modified_gmt":"2023-04-25T10:34:05","slug":"jobs","status":"publish","type":"page","link":"https:\/\/auriva-elevage.com\/en\/jobs\/","title":{"rendered":"Jobs"},"content":{"rendered":"\t<div class=\"awsm-job-wrap\">\n\n\t\t<div class=\"awsm-filter-wrap\"><form action=\"https:\/\/auriva-elevage.com\/wp-admin\/admin-ajax.php\" method=\"POST\"><div class=\"awsm-filter-item-search\"><div class=\"awsm-filter-item-search-in\"><label for=\"awsm-jq-1\" class=\"awsm-sr-only\">Search<\/label><input type=\"text\" id=\"awsm-jq-1\" name=\"jq\" value=\"\" placeholder=\"Search\" class=\"awsm-job-search awsm-job-form-control\"><span class=\"awsm-job-search-btn awsm-job-search-icon-wrapper\"><i class=\"awsm-job-icon-search\"><\/i><\/span><span class=\"awsm-job-search-close-btn awsm-job-search-icon-wrapper awsm-job-hide\"><i class=\"awsm-job-icon-close-circle\"><\/i><\/span><\/div><\/div><a href=\"#\" class=\"awsm-filter-toggle\" role=\"button\" aria-pressed=\"false\"><span class=\"awsm-filter-toggle-text-wrapper awsm-sr-only\">Filter by<\/span><svg width=\"100\" height=\"100\" viewBox=\"0 0 100 100\" xmlns=\"http:\/\/www.w3.org\/2000\/svg\" version=\"1.1\" preserveAspectRatio=\"xMinYMin\"><path xmlns=\"http:\/\/www.w3.org\/2000\/svg\" fill=\"rgb(9.803922%,9.803922%,9.803922%)\" d=\"M 36.417969 19.9375 L 36.417969 17.265625 C 36.417969 16.160156 35.523438 15.265625 34.417969 15.265625 L 21.578125 15.265625 C 20.476562 15.265625 19.578125 16.160156 19.578125 17.265625 L 19.578125 19.9375 L 11 19.9375 L 11 26.9375 L 19.578125 26.9375 L 19.578125 30.105469 C 19.578125 31.210938 20.476562 32.105469 21.578125 32.105469 L 34.417969 32.105469 C 35.523438 32.105469 36.417969 31.210938 36.417969 30.105469 L 36.417969 26.9375 L 89 26.9375 L 89 19.9375 Z M 58.421875 43.578125 C 58.421875 42.476562 57.527344 41.578125 56.421875 41.578125 L 43.582031 41.578125 C 42.480469 41.578125 41.582031 42.476562 41.582031 43.578125 L 41.582031 46.5 L 11 46.5 L 11 53.5 L 41.582031 53.5 L 41.582031 56.421875 C 41.582031 57.527344 42.480469 58.421875 43.582031 58.421875 L 56.421875 58.421875 C 57.527344 58.421875 58.421875 57.527344 58.421875 56.421875 L 58.421875 53.5 L 89 53.5 L 89 46.5 L 58.421875 46.5 Z M 80.417969 70.140625 C 80.417969 69.035156 79.523438 68.140625 78.417969 68.140625 L 65.578125 68.140625 C 64.476562 68.140625 63.578125 69.035156 63.578125 70.140625 L 63.578125 73.0625 L 11 73.0625 L 11 80.0625 L 63.578125 80.0625 L 63.578125 82.984375 C 63.578125 84.085938 64.476562 84.984375 65.578125 84.984375 L 78.417969 84.984375 C 79.523438 84.984375 80.417969 84.085938 80.417969 82.984375 L 80.417969 80.0625 L 89 80.0625 L 89 73.0625 L 80.417969 73.0625 Z M 80.417969 70.140625\"\/><\/svg><\/a><div class=\"awsm-filter-items\"><div class=\"awsm-filter-item\" data-filter=\"job__category_spec\"><label for=\"awsm-job-category-filter-option-1\" class=\"awsm-sr-only\">All Domaine<\/label><select name=\"awsm_job_spec[job-category]\" class=\"awsm-filter-option awsm-job-category-filter-option\" id=\"awsm-job-category-filter-option-1\" aria-label=\"All Domaine\"><option value=\"\">All Domaine<\/option><option value=\"168\" data-slug=\"genetics-crossbreeding\">Genetics Crossbreeding<\/option><\/select><\/div><div class=\"awsm-filter-item\" data-filter=\"job__type_spec\"><label for=\"awsm-job-type-filter-option-1\" class=\"awsm-sr-only\">All Type de contrat<\/label><select name=\"awsm_job_spec[job-type]\" class=\"awsm-filter-option awsm-job-type-filter-option\" id=\"awsm-job-type-filter-option-1\" aria-label=\"All Type de contrat\"><option value=\"\">All Type de contrat<\/option><option value=\"110\" data-slug=\"cdi-en\">CDI<\/option><option value=\"145\" data-slug=\"part-time-work\">Part-time work<\/option><\/select><\/div><div class=\"awsm-filter-item\" data-filter=\"job__location_spec\"><label for=\"awsm-job-location-filter-option-1\" class=\"awsm-sr-only\">All Localisation<\/label><select name=\"awsm_job_spec[job-location]\" class=\"awsm-filter-option awsm-job-location-filter-option\" id=\"awsm-job-location-filter-option-1\" aria-label=\"All Localisation\"><option value=\"\">All Localisation<\/option><option value=\"109\" data-slug=\"soual-en\">Soual<\/option><\/select><\/div><\/div><input type=\"hidden\" name=\"lang\" value=\"en\"><input type=\"hidden\" name=\"action\" value=\"jobfilter\"><\/form><\/div>\n\t\t<div class=\"awsm-job-listings awsm-row awsm-grid-col-3\" data-listings=\"10\" data-lang=\"en\">\n\t\t\t\t\t<div class=\"awsm-job-listing-item awsm-grid-item\" id=\"awsm-grid-item-12994\">\t\t<a href=\"https:\/\/auriva-elevage.com\/en\/offres\/a-meat-genetics-technician-yperios\/\" class=\"awsm-job-item\">\t\t\t<div class=\"awsm-grid-left-col\">\n\t\t\t\t\n\t\t\t\t<div class=\"awsm-job-featured-image\"><img decoding=\"async\" width=\"150\" height=\"150\" src=\"https:\/\/auriva-elevage.com\/wp-content\/uploads\/2025\/12\/technicien-eleveurs-66-150x150.png\" class=\"attachment-thumbnail size-thumbnail\" alt=\"\" \/><\/div>\n\t\t\t\t<h2 class=\"awsm-job-post-title\">\n\t\t\t\t\tA Meat Genetics Technician &#8211; YPERIOS\t\t\t\t<\/h2>\n\n\t\t\t\t\t\t\t<\/div>\n\n\t\t\t<div class=\"awsm-grid-right-col\">\n\t\t\t\t<div class=\"awsm-job-specification-wrapper\"><div class=\"awsm-job-specification-item awsm-job-specification-job-category\"><i class=\"awsm-job-icon-group\"><\/i><span class=\"awsm-job-specification-term\">Genetics Crossbreeding<\/span> <\/div><div class=\"awsm-job-specification-item awsm-job-specification-job-type\"><i class=\"awsm-job-icon-clipboard\"><\/i><span class=\"awsm-job-specification-term\">CDI<\/span> <\/div><div class=\"awsm-job-specification-item awsm-job-specification-job-location\"><i class=\"awsm-job-icon-location-arrow\"><\/i><span class=\"awsm-job-specification-term\">Soual<\/span> <\/div><\/div><div class=\"awsm-job-more-container\"><span class=\"awsm-job-more\">More Details <span><\/span><\/span><\/div>\t\t\t<\/div>\n\t\t<\/a>\t<\/div>\t\t\t\t<\/div>\n\t<\/div>\n\n","protected":false},"excerpt":{"rendered":"","protected":false},"author":3,"featured_media":0,"parent":0,"menu_order":0,"comment_status":"closed","ping_status":"closed","template":"","meta":{"footnotes":""},"class_list":["post-6778","page","type-page","status-publish","hentry"],"yoast_head":"<!-- This site is optimized with the Yoast SEO plugin v27.2 - https:\/\/yoast.com\/product\/yoast-seo-wordpress\/ -->\n<title>Jobs - AURIVA-Elevage.com<\/title>\n<meta name=\"robots\" content=\"index, follow, max-snippet:-1, max-image-preview:large, max-video-preview:-1\" \/>\n<link rel=\"canonical\" href=\"https:\/\/auriva-elevage.com\/en\/jobs\/\" \/>\n<meta property=\"og:locale\" content=\"en_US\" \/>\n<meta property=\"og:type\" content=\"article\" \/>\n<meta property=\"og:title\" content=\"Jobs - AURIVA-Elevage.com\" \/>\n<meta property=\"og:url\" content=\"https:\/\/auriva-elevage.com\/en\/jobs\/\" \/>\n<meta property=\"og:site_name\" content=\"AURIVA-Elevage.com\" \/>\n<meta property=\"article:publisher\" content=\"https:\/\/www.facebook.com\/aurivaelevage\/\" \/>\n<meta name=\"twitter:card\" content=\"summary_large_image\" \/>\n<script type=\"application\/ld+json\" class=\"yoast-schema-graph\">{\"@context\":\"https:\/\/schema.org\",\"@graph\":[{\"@type\":\"WebPage\",\"@id\":\"https:\/\/auriva-elevage.com\/en\/jobs\/\",\"url\":\"https:\/\/auriva-elevage.com\/en\/jobs\/\",\"name\":\"Jobs - AURIVA-Elevage.com\",\"isPartOf\":{\"@id\":\"https:\/\/auriva-elevage.com\/en\/#website\"},\"datePublished\":\"2023-04-25T10:34:05+00:00\",\"breadcrumb\":{\"@id\":\"https:\/\/auriva-elevage.com\/en\/jobs\/#breadcrumb\"},\"inLanguage\":\"en-US\",\"potentialAction\":[{\"@type\":\"ReadAction\",\"target\":[\"https:\/\/auriva-elevage.com\/en\/jobs\/\"]}]},{\"@type\":\"BreadcrumbList\",\"@id\":\"https:\/\/auriva-elevage.com\/en\/jobs\/#breadcrumb\",\"itemListElement\":[{\"@type\":\"ListItem\",\"position\":1,\"name\":\"Accueil\",\"item\":\"https:\/\/auriva-elevage.com\/en\/home\/\"},{\"@type\":\"ListItem\",\"position\":2,\"name\":\"Jobs\"}]},{\"@type\":\"WebSite\",\"@id\":\"https:\/\/auriva-elevage.com\/en\/#website\",\"url\":\"https:\/\/auriva-elevage.com\/en\/\",\"name\":\"AURIVA-Elevage\",\"description\":\"L&#039;\u00e9levage nouvelle g\u00e9n\u00e9ration\",\"publisher\":{\"@id\":\"https:\/\/auriva-elevage.com\/en\/#organization\"},\"potentialAction\":[{\"@type\":\"SearchAction\",\"target\":{\"@type\":\"EntryPoint\",\"urlTemplate\":\"https:\/\/auriva-elevage.com\/en\/?s={search_term_string}\"},\"query-input\":{\"@type\":\"PropertyValueSpecification\",\"valueRequired\":true,\"valueName\":\"search_term_string\"}}],\"inLanguage\":\"en-US\"},{\"@type\":\"Organization\",\"@id\":\"https:\/\/auriva-elevage.com\/en\/#organization\",\"name\":\"AURIVA-Elevage\",\"url\":\"https:\/\/auriva-elevage.com\/en\/\",\"logo\":{\"@type\":\"ImageObject\",\"inLanguage\":\"en-US\",\"@id\":\"https:\/\/auriva-elevage.com\/en\/#\/schema\/logo\/image\/\",\"url\":\"https:\/\/auriva-elevage.com\/wp-content\/uploads\/2022\/12\/Auriva_RVB-blancorange200.png\",\"contentUrl\":\"https:\/\/auriva-elevage.com\/wp-content\/uploads\/2022\/12\/Auriva_RVB-blancorange200.png\",\"width\":200,\"height\":178,\"caption\":\"AURIVA-Elevage\"},\"image\":{\"@id\":\"https:\/\/auriva-elevage.com\/en\/#\/schema\/logo\/image\/\"},\"sameAs\":[\"https:\/\/www.facebook.com\/aurivaelevage\/\",\"https:\/\/www.instagram.com\/auriva_elevage\/\",\"https:\/\/www.youtube.com\/channel\/UCJZKuf_iczqPTU6v0Gu1Hlw\",\"https:\/\/www.linkedin.com\/company\/10562979\/admin\/\"]}]}<\/script>\n<!-- \/ Yoast SEO plugin. -->","yoast_head_json":{"title":"Jobs - AURIVA-Elevage.com","robots":{"index":"index","follow":"follow","max-snippet":"max-snippet:-1","max-image-preview":"max-image-preview:large","max-video-preview":"max-video-preview:-1"},"canonical":"https:\/\/auriva-elevage.com\/en\/jobs\/","og_locale":"en_US","og_type":"article","og_title":"Jobs - AURIVA-Elevage.com","og_url":"https:\/\/auriva-elevage.com\/en\/jobs\/","og_site_name":"AURIVA-Elevage.com","article_publisher":"https:\/\/www.facebook.com\/aurivaelevage\/","twitter_card":"summary_large_image","schema":{"@context":"https:\/\/schema.org","@graph":[{"@type":"WebPage","@id":"https:\/\/auriva-elevage.com\/en\/jobs\/","url":"https:\/\/auriva-elevage.com\/en\/jobs\/","name":"Jobs - AURIVA-Elevage.com","isPartOf":{"@id":"https:\/\/auriva-elevage.com\/en\/#website"},"datePublished":"2023-04-25T10:34:05+00:00","breadcrumb":{"@id":"https:\/\/auriva-elevage.com\/en\/jobs\/#breadcrumb"},"inLanguage":"en-US","potentialAction":[{"@type":"ReadAction","target":["https:\/\/auriva-elevage.com\/en\/jobs\/"]}]},{"@type":"BreadcrumbList","@id":"https:\/\/auriva-elevage.com\/en\/jobs\/#breadcrumb","itemListElement":[{"@type":"ListItem","position":1,"name":"Accueil","item":"https:\/\/auriva-elevage.com\/en\/home\/"},{"@type":"ListItem","position":2,"name":"Jobs"}]},{"@type":"WebSite","@id":"https:\/\/auriva-elevage.com\/en\/#website","url":"https:\/\/auriva-elevage.com\/en\/","name":"AURIVA-Elevage","description":"L&#039;\u00e9levage nouvelle g\u00e9n\u00e9ration","publisher":{"@id":"https:\/\/auriva-elevage.com\/en\/#organization"},"potentialAction":[{"@type":"SearchAction","target":{"@type":"EntryPoint","urlTemplate":"https:\/\/auriva-elevage.com\/en\/?s={search_term_string}"},"query-input":{"@type":"PropertyValueSpecification","valueRequired":true,"valueName":"search_term_string"}}],"inLanguage":"en-US"},{"@type":"Organization","@id":"https:\/\/auriva-elevage.com\/en\/#organization","name":"AURIVA-Elevage","url":"https:\/\/auriva-elevage.com\/en\/","logo":{"@type":"ImageObject","inLanguage":"en-US","@id":"https:\/\/auriva-elevage.com\/en\/#\/schema\/logo\/image\/","url":"https:\/\/auriva-elevage.com\/wp-content\/uploads\/2022\/12\/Auriva_RVB-blancorange200.png","contentUrl":"https:\/\/auriva-elevage.com\/wp-content\/uploads\/2022\/12\/Auriva_RVB-blancorange200.png","width":200,"height":178,"caption":"AURIVA-Elevage"},"image":{"@id":"https:\/\/auriva-elevage.com\/en\/#\/schema\/logo\/image\/"},"sameAs":["https:\/\/www.facebook.com\/aurivaelevage\/","https:\/\/www.instagram.com\/auriva_elevage\/","https:\/\/www.youtube.com\/channel\/UCJZKuf_iczqPTU6v0Gu1Hlw","https:\/\/www.linkedin.com\/company\/10562979\/admin\/"]}]}},"_links":{"self":[{"href":"https:\/\/auriva-elevage.com\/en\/wp-json\/wp\/v2\/pages\/6778","targetHints":{"allow":["GET"]}}],"collection":[{"href":"https:\/\/auriva-elevage.com\/en\/wp-json\/wp\/v2\/pages"}],"about":[{"href":"https:\/\/auriva-elevage.com\/en\/wp-json\/wp\/v2\/types\/page"}],"author":[{"embeddable":true,"href":"https:\/\/auriva-elevage.com\/en\/wp-json\/wp\/v2\/users\/3"}],"replies":[{"embeddable":true,"href":"https:\/\/auriva-elevage.com\/en\/wp-json\/wp\/v2\/comments?post=6778"}],"version-history":[{"count":0,"href":"https:\/\/auriva-elevage.com\/en\/wp-json\/wp\/v2\/pages\/6778\/revisions"}],"wp:attachment":[{"href":"https:\/\/auriva-elevage.com\/en\/wp-json\/wp\/v2\/media?parent=6778"}],"curies":[{"name":"wp","href":"https:\/\/api.w.org\/{rel}","templated":true}]}}