{"id":6852,"date":"2023-06-27T18:19:47","date_gmt":"2023-06-27T16:19:47","guid":{"rendered":"https:\/\/auriva-elevage.com\/salers\/"},"modified":"2026-02-03T09:55:23","modified_gmt":"2026-02-03T08:55:23","slug":"salers","status":"publish","type":"page","link":"https:\/\/auriva-elevage.com\/en\/salers\/","title":{"rendered":"SALERS"},"content":{"rendered":"\t\t<div data-elementor-type=\"wp-page\" data-elementor-id=\"6852\" class=\"elementor elementor-6852 elementor-3179\" data-elementor-settings=\"{&quot;ha_cmc_init_switcher&quot;:&quot;no&quot;}\" data-elementor-post-type=\"page\">\n\t\t\t\t\t\t<section class=\"elementor-section elementor-top-section elementor-element elementor-element-42f0979 elementor-section-stretched elementor-section-boxed elementor-section-height-default elementor-section-height-default\" data-id=\"42f0979\" data-element_type=\"section\" data-e-type=\"section\" data-settings=\"{&quot;stretch_section&quot;:&quot;section-stretched&quot;,&quot;background_background&quot;:&quot;classic&quot;}\">\n\t\t\t\t\t\t<div class=\"elementor-container elementor-column-gap-wider\">\n\t\t\t\t\t<div class=\"elementor-column elementor-col-100 elementor-top-column elementor-element elementor-element-06b5384\" data-id=\"06b5384\" data-element_type=\"column\" data-e-type=\"column\">\n\t\t\t<div class=\"elementor-widget-wrap elementor-element-populated\">\n\t\t\t\t\t\t<section class=\"elementor-section elementor-inner-section elementor-element elementor-element-c930b30 elementor-section-boxed elementor-section-height-default elementor-section-height-default\" data-id=\"c930b30\" data-element_type=\"section\" data-e-type=\"section\">\n\t\t\t\t\t\t<div class=\"elementor-container elementor-column-gap-default\">\n\t\t\t\t\t<div class=\"elementor-column elementor-col-50 elementor-inner-column elementor-element elementor-element-a859ae2\" data-id=\"a859ae2\" data-element_type=\"column\" data-e-type=\"column\">\n\t\t\t<div class=\"elementor-widget-wrap elementor-element-populated\">\n\t\t\t\t\t\t<div class=\"elementor-element elementor-element-e5b7841 elementor-widget elementor-widget-text-editor\" data-id=\"e5b7841\" data-element_type=\"widget\" data-e-type=\"widget\" data-widget_type=\"text-editor.default\">\n\t\t\t\t<div class=\"elementor-widget-container\">\n\t\t\t\t\t\t\t\t\t<h6><span style=\"color: #feba4d;\">PARTNER PROGRAM<\/span><\/h6><h1>SALERS<\/h1>\t\t\t\t\t\t\t\t<\/div>\n\t\t\t\t<\/div>\n\t\t\t\t<div class=\"elementor-element elementor-element-2519978 elementor-widget elementor-widget-text-editor\" data-id=\"2519978\" data-element_type=\"widget\" data-e-type=\"widget\" data-widget_type=\"text-editor.default\">\n\t\t\t\t<div class=\"elementor-widget-container\">\n\t\t\t\t\t\t\t\t\t<p class=\"MsoNoSpacing\"><span style=\"color: #ffffff;\"><b>The advantages of the Salers breed<\/b><\/span><\/p>\t\t\t\t\t\t\t\t<\/div>\n\t\t\t\t<\/div>\n\t\t\t\t<div class=\"elementor-element elementor-element-58cb2eb elementor-widget elementor-widget-text-editor\" data-id=\"58cb2eb\" data-element_type=\"widget\" data-e-type=\"widget\" data-widget_type=\"text-editor.default\">\n\t\t\t\t<div class=\"elementor-widget-container\">\n\t\t\t\t\t\t\t\t\t<div><span style=\"color: #ffffff;\">Native to western Cantal and southern Puy de D\u00f4me, Salers are renowned for their hardiness and adaptability, and can be recognized by the mahogany color of their coat and their fine, lyre-shaped horns. Hardy, it resists heat well and makes the most of its diet in a variety of pastures, however rugged.<\/span><\/div><div><span style=\"color: #ffffff;\">Salers cows have good maternal qualities. With a well-developed maternal instinct, they calve easily and produce enough milk to feed their calves. They are also known for their longevity and ease of breeding.  <\/span><\/div><div> <\/div><div><span style=\"color: #ffffff;\">Of course, Salers is widely renowned for the quality of its meat. Highly appreciated for its tenderness, juiciness and flavor, Salers meat is renowned for its quality and is often used in the production of top-of-the-range meats.  <\/span><\/div>\t\t\t\t\t\t\t\t<\/div>\n\t\t\t\t<\/div>\n\t\t\t\t\t<\/div>\n\t\t<\/div>\n\t\t\t\t<div class=\"elementor-column elementor-col-50 elementor-inner-column elementor-element elementor-element-5dff508\" data-id=\"5dff508\" data-element_type=\"column\" data-e-type=\"column\">\n\t\t\t<div class=\"elementor-widget-wrap elementor-element-populated\">\n\t\t\t\t\t\t<div class=\"elementor-element elementor-element-002b9fe elementor-widget elementor-widget-image\" data-id=\"002b9fe\" data-element_type=\"widget\" data-e-type=\"widget\" data-widget_type=\"image.default\">\n\t\t\t\t<div class=\"elementor-widget-container\">\n\t\t\t\t\t\t\t\t\t\t\t\t\t\t\t<img fetchpriority=\"high\" decoding=\"async\" width=\"812\" height=\"984\" src=\"https:\/\/auriva-elevage.com\/wp-content\/uploads\/2023\/06\/13-HOUSTONSalers.jpg\" class=\"attachment-large size-large wp-image-4944\" alt=\"\" srcset=\"https:\/\/auriva-elevage.com\/wp-content\/uploads\/2023\/06\/13-HOUSTONSalers.jpg 812w, https:\/\/auriva-elevage.com\/wp-content\/uploads\/2023\/06\/13-HOUSTONSalers-248x300.jpg 248w, https:\/\/auriva-elevage.com\/wp-content\/uploads\/2023\/06\/13-HOUSTONSalers-768x931.jpg 768w, https:\/\/auriva-elevage.com\/wp-content\/uploads\/2023\/06\/13-HOUSTONSalers-62x75.jpg 62w, https:\/\/auriva-elevage.com\/wp-content\/uploads\/2023\/06\/13-HOUSTONSalers-480x582.jpg 480w\" sizes=\"(max-width:767px) 480px, (max-width:812px) 100vw, 812px\" \/>\t\t\t\t\t\t\t\t\t\t\t\t\t\t\t<\/div>\n\t\t\t\t<\/div>\n\t\t\t\t\t<\/div>\n\t\t<\/div>\n\t\t\t\t\t<\/div>\n\t\t<\/section>\n\t\t\t\t\t<\/div>\n\t\t<\/div>\n\t\t\t\t\t<\/div>\n\t\t<\/section>\n\t\t<div class=\"elementor-element elementor-element-c9a13cb e-flex e-con-boxed e-con e-parent\" data-id=\"c9a13cb\" data-element_type=\"container\" data-e-type=\"container\">\n\t\t\t\t\t<div class=\"e-con-inner\">\n\t\t\t\t<div class=\"elementor-element elementor-element-a209d43 elementor-widget elementor-widget-spacer\" data-id=\"a209d43\" data-element_type=\"widget\" data-e-type=\"widget\" data-widget_type=\"spacer.default\">\n\t\t\t\t<div class=\"elementor-widget-container\">\n\t\t\t\t\t\t\t<div class=\"elementor-spacer\">\n\t\t\t<div class=\"elementor-spacer-inner\"><\/div>\n\t\t<\/div>\n\t\t\t\t\t\t<\/div>\n\t\t\t\t<\/div>\n\t\t\t\t\t<\/div>\n\t\t\t\t<\/div>\n\t\t<div class=\"elementor-element elementor-element-aa1f039 e-flex e-con-boxed e-con e-parent\" data-id=\"aa1f039\" data-element_type=\"container\" data-e-type=\"container\">\n\t\t\t\t\t<div class=\"e-con-inner\">\n\t\t<div class=\"elementor-element elementor-element-73b327b e-con-full e-flex e-con e-child\" data-id=\"73b327b\" data-element_type=\"container\" data-e-type=\"container\" data-settings=\"{&quot;background_background&quot;:&quot;classic&quot;}\">\n\t\t\t\t<div class=\"elementor-element elementor-element-94dd745 elementor-cta--skin-cover elementor-widget elementor-widget-call-to-action\" data-id=\"94dd745\" data-element_type=\"widget\" data-e-type=\"widget\" data-widget_type=\"call-to-action.default\">\n\t\t\t\t<div class=\"elementor-widget-container\">\n\t\t\t\t\t\t\t<div class=\"elementor-cta\">\n\t\t\t\t\t<div class=\"elementor-cta__bg-wrapper\">\n\t\t\t\t<div class=\"elementor-cta__bg elementor-bg\" style=\"background-image: url(https:\/\/auriva-elevage.com\/wp-content\/uploads\/2021\/07\/business4-footer-bg.jpg);\" role=\"img\" aria-label=\"business4-footer-bg\"><\/div>\n\t\t\t\t<div class=\"elementor-cta__bg-overlay\"><\/div>\n\t\t\t<\/div>\n\t\t\t\t\t\t\t<div class=\"elementor-cta__content\">\n\t\t\t\t\n\t\t\t\t\t\t\t\t\t<h2 class=\"elementor-cta__title elementor-cta__content-item elementor-content-item\">\n\t\t\t\t\t\tCatalog 2025-2026\t\t\t\t\t<\/h2>\n\t\t\t\t\n\t\t\t\t\n\t\t\t\t\t\t\t\t\t<div class=\"elementor-cta__button-wrapper elementor-cta__content-item elementor-content-item \">\n\t\t\t\t\t<a class=\"elementor-cta__button elementor-button elementor-size-\" href=\"https:\/\/www.salers.org\/wp-content\/uploads\/2025\/12\/CATALOGUE-25-26-1.pdf\">\n\t\t\t\t\t\tClick here\t\t\t\t\t<\/a>\n\t\t\t\t\t<\/div>\n\t\t\t\t\t\t\t<\/div>\n\t\t\t\t\t\t<\/div>\n\t\t\t\t\t\t<\/div>\n\t\t\t\t<\/div>\n\t\t\t\t<\/div>\n\t\t\t\t\t<\/div>\n\t\t\t\t<\/div>\n\t\t<div class=\"elementor-element elementor-element-007560e e-flex e-con-boxed e-con e-parent\" data-id=\"007560e\" data-element_type=\"container\" data-e-type=\"container\">\n\t\t\t\t\t<div class=\"e-con-inner\">\n\t\t<div class=\"elementor-element elementor-element-f8fe349 e-con-full e-flex e-con e-child\" data-id=\"f8fe349\" data-element_type=\"container\" data-e-type=\"container\">\n\t\t\t\t<div class=\"elementor-element elementor-element-3a29c9c elementor-widget elementor-widget-spacer\" data-id=\"3a29c9c\" data-element_type=\"widget\" data-e-type=\"widget\" data-widget_type=\"spacer.default\">\n\t\t\t\t<div class=\"elementor-widget-container\">\n\t\t\t\t\t\t\t<div class=\"elementor-spacer\">\n\t\t\t<div class=\"elementor-spacer-inner\"><\/div>\n\t\t<\/div>\n\t\t\t\t\t\t<\/div>\n\t\t\t\t<\/div>\n\t\t\t\t<\/div>\n\t\t\t\t\t<\/div>\n\t\t\t\t<\/div>\n\t\t<div class=\"elementor-element elementor-element-7af3dc8 e-flex e-con-boxed e-con e-parent\" data-id=\"7af3dc8\" data-element_type=\"container\" data-e-type=\"container\">\n\t\t\t\t\t<div class=\"e-con-inner\">\n\t\t\t\t<div class=\"elementor-element elementor-element-cb90fa8 elementor-widget elementor-widget-spacer\" data-id=\"cb90fa8\" data-element_type=\"widget\" data-e-type=\"widget\" data-widget_type=\"spacer.default\">\n\t\t\t\t<div class=\"elementor-widget-container\">\n\t\t\t\t\t\t\t<div class=\"elementor-spacer\">\n\t\t\t<div class=\"elementor-spacer-inner\"><\/div>\n\t\t<\/div>\n\t\t\t\t\t\t<\/div>\n\t\t\t\t<\/div>\n\t\t\t\t\t<\/div>\n\t\t\t\t<\/div>\n\t\t<div class=\"elementor-element elementor-element-35f15f5 e-flex e-con-boxed e-con e-parent\" data-id=\"35f15f5\" data-element_type=\"container\" data-e-type=\"container\">\n\t\t\t\t\t<div class=\"e-con-inner\">\n\t\t<div class=\"elementor-element elementor-element-d51793e e-con-full e-flex e-con e-child\" data-id=\"d51793e\" data-element_type=\"container\" data-e-type=\"container\" data-settings=\"{&quot;background_background&quot;:&quot;classic&quot;}\">\n\t\t\t\t<div class=\"elementor-element elementor-element-3064772 elementor-view-default elementor-position-block-start elementor-mobile-position-block-start elementor-widget elementor-widget-icon-box\" data-id=\"3064772\" data-element_type=\"widget\" data-e-type=\"widget\" data-widget_type=\"icon-box.default\">\n\t\t\t\t<div class=\"elementor-widget-container\">\n\t\t\t\t\t\t\t<div class=\"elementor-icon-box-wrapper\">\n\n\t\t\t\t\t\t<div class=\"elementor-icon-box-icon\">\n\t\t\t\t<a href=\"\" class=\"elementor-icon\" tabindex=\"-1\" aria-label=\"To order doses or request genotyping\">\n\t\t\t\t<i aria-hidden=\"true\" class=\"icon icon-shopping-cart11\"><\/i>\t\t\t\t<\/a>\n\t\t\t<\/div>\n\t\t\t\n\t\t\t\t\t\t<div class=\"elementor-icon-box-content\">\n\n\t\t\t\t\t\t\t\t\t<h3 class=\"elementor-icon-box-title\">\n\t\t\t\t\t\t<a href=\"\" >\n\t\t\t\t\t\t\tTo order doses or request genotyping\t\t\t\t\t\t<\/a>\n\t\t\t\t\t<\/h3>\n\t\t\t\t\n\t\t\t\t\t\t\t\t\t<p class=\"elementor-icon-box-description\">\n\t\t\t\t\t\tPlease contact your insemination cooperative.  \t\t\t\t\t<\/p>\n\t\t\t\t\n\t\t\t<\/div>\n\t\t\t\n\t\t<\/div>\n\t\t\t\t\t\t<\/div>\n\t\t\t\t<\/div>\n\t\t\t\t<\/div>\n\t\t<div class=\"elementor-element elementor-element-dfac467 e-con-full e-flex e-con e-child\" data-id=\"dfac467\" data-element_type=\"container\" data-e-type=\"container\" data-settings=\"{&quot;background_background&quot;:&quot;classic&quot;}\">\n\t\t\t\t<div class=\"elementor-element elementor-element-1123d3f elementor-widget elementor-widget-image\" data-id=\"1123d3f\" data-element_type=\"widget\" data-e-type=\"widget\" data-widget_type=\"image.default\">\n\t\t\t\t<div class=\"elementor-widget-container\">\n\t\t\t\t\t\t\t\t\t\t\t\t\t\t\t\t<a href=\"https:\/\/www.simmentalfrance.fr\/\">\n\t\t\t\t\t\t\t<img decoding=\"async\" width=\"1024\" height=\"512\" src=\"https:\/\/auriva-elevage.com\/wp-content\/uploads\/2023\/06\/Logo-UALC-detoure.png\" class=\"attachment-large size-large wp-image-4946\" alt=\"\" \/>\t\t\t\t\t\t\t\t<\/a>\n\t\t\t\t\t\t\t\t\t\t\t\t\t\t\t<\/div>\n\t\t\t\t<\/div>\n\t\t\t\t<div class=\"elementor-element elementor-element-5435fa9 elementor-align-center elementor-widget elementor-widget-button\" data-id=\"5435fa9\" data-element_type=\"widget\" data-e-type=\"widget\" data-widget_type=\"button.default\">\n\t\t\t\t<div class=\"elementor-widget-container\">\n\t\t\t\t\t\t\t\t\t<div class=\"elementor-button-wrapper\">\n\t\t\t\t\t<a class=\"elementor-button elementor-button-link elementor-size-sm\" href=\"https:\/\/www.ualc.fr\/%20%20\">\n\t\t\t\t\t\t<span class=\"elementor-button-content-wrapper\">\n\t\t\t\t\t\t\t\t\t<span class=\"elementor-button-text\">Find out more<\/span>\n\t\t\t\t\t<\/span>\n\t\t\t\t\t<\/a>\n\t\t\t\t<\/div>\n\t\t\t\t\t\t\t\t<\/div>\n\t\t\t\t<\/div>\n\t\t\t\t<\/div>\n\t\t\t\t\t<\/div>\n\t\t\t\t<\/div>\n\t\t<div class=\"elementor-element elementor-element-b5cfee0 e-flex e-con-boxed e-con e-parent\" data-id=\"b5cfee0\" data-element_type=\"container\" data-e-type=\"container\">\n\t\t\t\t\t<div class=\"e-con-inner\">\n\t\t\t\t<div class=\"elementor-element elementor-element-2fc9487 elementor-widget elementor-widget-spacer\" data-id=\"2fc9487\" data-element_type=\"widget\" data-e-type=\"widget\" data-widget_type=\"spacer.default\">\n\t\t\t\t<div class=\"elementor-widget-container\">\n\t\t\t\t\t\t\t<div class=\"elementor-spacer\">\n\t\t\t<div class=\"elementor-spacer-inner\"><\/div>\n\t\t<\/div>\n\t\t\t\t\t\t<\/div>\n\t\t\t\t<\/div>\n\t\t\t\t\t<\/div>\n\t\t\t\t<\/div>\n\t\t<div class=\"elementor-element elementor-element-7d250d6 e-flex e-con-boxed e-con e-parent\" data-id=\"7d250d6\" data-element_type=\"container\" data-e-type=\"container\">\n\t\t\t\t\t<div class=\"e-con-inner\">\n\t\t\t\t<div class=\"elementor-element elementor-element-f0f5d81 elementor-widget elementor-widget-heading\" data-id=\"f0f5d81\" data-element_type=\"widget\" data-e-type=\"widget\" data-widget_type=\"heading.default\">\n\t\t\t\t<div class=\"elementor-widget-container\">\n\t\t\t\t\t<h5 class=\"elementor-heading-title elementor-size-default\">Simmental, THE mixed breed  <\/h5>\t\t\t\t<\/div>\n\t\t\t\t<\/div>\n\t\t\t\t\t<\/div>\n\t\t\t\t<\/div>\n\t\t\t\t<\/div>\n\t\t","protected":false},"excerpt":{"rendered":"<p>PARTNER PROGRAM SALERS The advantages of the Salers breed Native<span class=\"excerpt-hellip\"> [\u2026]<\/span><\/p>\n","protected":false},"author":3,"featured_media":0,"parent":0,"menu_order":0,"comment_status":"open","ping_status":"closed","template":"elementor_header_footer","meta":{"footnotes":""},"class_list":["post-6852","page","type-page","status-publish","hentry"],"yoast_head":"<!-- This site is optimized with the Yoast SEO plugin v27.3 - https:\/\/yoast.com\/product\/yoast-seo-wordpress\/ -->\n<title>SALERS - AURIVA-Elevage.com<\/title>\n<meta name=\"robots\" content=\"index, follow, max-snippet:-1, max-image-preview:large, max-video-preview:-1\" \/>\n<link rel=\"canonical\" href=\"https:\/\/auriva-elevage.com\/en\/salers\/\" \/>\n<meta property=\"og:locale\" content=\"en_US\" \/>\n<meta property=\"og:type\" content=\"article\" \/>\n<meta property=\"og:title\" content=\"SALERS - AURIVA-Elevage.com\" \/>\n<meta property=\"og:description\" content=\"PARTNER PROGRAM SALERS The advantages of the Salers breed Native [\u2026]\" \/>\n<meta property=\"og:url\" content=\"https:\/\/auriva-elevage.com\/en\/salers\/\" \/>\n<meta property=\"og:site_name\" content=\"AURIVA-Elevage.com\" \/>\n<meta property=\"article:publisher\" content=\"https:\/\/www.facebook.com\/aurivaelevage\/\" \/>\n<meta property=\"article:modified_time\" content=\"2026-02-03T08:55:23+00:00\" \/>\n<meta property=\"og:image\" content=\"https:\/\/auriva-elevage.com\/wp-content\/uploads\/2023\/06\/13-HOUSTONSalers.jpg\" \/>\n\t<meta property=\"og:image:width\" content=\"812\" \/>\n\t<meta property=\"og:image:height\" content=\"984\" \/>\n\t<meta property=\"og:image:type\" content=\"image\/jpeg\" \/>\n<meta name=\"twitter:card\" content=\"summary_large_image\" \/>\n<meta name=\"twitter:label1\" content=\"Est. reading time\" \/>\n\t<meta name=\"twitter:data1\" content=\"1 minute\" \/>\n<script type=\"application\/ld+json\" class=\"yoast-schema-graph\">{\"@context\":\"https:\\\/\\\/schema.org\",\"@graph\":[{\"@type\":\"WebPage\",\"@id\":\"https:\\\/\\\/auriva-elevage.com\\\/en\\\/salers\\\/\",\"url\":\"https:\\\/\\\/auriva-elevage.com\\\/en\\\/salers\\\/\",\"name\":\"SALERS - AURIVA-Elevage.com\",\"isPartOf\":{\"@id\":\"https:\\\/\\\/auriva-elevage.com\\\/en\\\/#website\"},\"primaryImageOfPage\":{\"@id\":\"https:\\\/\\\/auriva-elevage.com\\\/en\\\/salers\\\/#primaryimage\"},\"image\":{\"@id\":\"https:\\\/\\\/auriva-elevage.com\\\/en\\\/salers\\\/#primaryimage\"},\"thumbnailUrl\":\"https:\\\/\\\/auriva-elevage.com\\\/wp-content\\\/uploads\\\/2023\\\/06\\\/13-HOUSTONSalers.jpg\",\"datePublished\":\"2023-06-27T16:19:47+00:00\",\"dateModified\":\"2026-02-03T08:55:23+00:00\",\"breadcrumb\":{\"@id\":\"https:\\\/\\\/auriva-elevage.com\\\/en\\\/salers\\\/#breadcrumb\"},\"inLanguage\":\"en-US\",\"potentialAction\":[{\"@type\":\"ReadAction\",\"target\":[\"https:\\\/\\\/auriva-elevage.com\\\/en\\\/salers\\\/\"]}]},{\"@type\":\"ImageObject\",\"inLanguage\":\"en-US\",\"@id\":\"https:\\\/\\\/auriva-elevage.com\\\/en\\\/salers\\\/#primaryimage\",\"url\":\"https:\\\/\\\/auriva-elevage.com\\\/wp-content\\\/uploads\\\/2023\\\/06\\\/13-HOUSTONSalers.jpg\",\"contentUrl\":\"https:\\\/\\\/auriva-elevage.com\\\/wp-content\\\/uploads\\\/2023\\\/06\\\/13-HOUSTONSalers.jpg\"},{\"@type\":\"BreadcrumbList\",\"@id\":\"https:\\\/\\\/auriva-elevage.com\\\/en\\\/salers\\\/#breadcrumb\",\"itemListElement\":[{\"@type\":\"ListItem\",\"position\":1,\"name\":\"Accueil\",\"item\":\"https:\\\/\\\/auriva-elevage.com\\\/en\\\/home\\\/\"},{\"@type\":\"ListItem\",\"position\":2,\"name\":\"SALERS\"}]},{\"@type\":\"WebSite\",\"@id\":\"https:\\\/\\\/auriva-elevage.com\\\/en\\\/#website\",\"url\":\"https:\\\/\\\/auriva-elevage.com\\\/en\\\/\",\"name\":\"AURIVA-Elevage\",\"description\":\"L&#039;\u00e9levage nouvelle g\u00e9n\u00e9ration\",\"publisher\":{\"@id\":\"https:\\\/\\\/auriva-elevage.com\\\/en\\\/#organization\"},\"potentialAction\":[{\"@type\":\"SearchAction\",\"target\":{\"@type\":\"EntryPoint\",\"urlTemplate\":\"https:\\\/\\\/auriva-elevage.com\\\/en\\\/?s={search_term_string}\"},\"query-input\":{\"@type\":\"PropertyValueSpecification\",\"valueRequired\":true,\"valueName\":\"search_term_string\"}}],\"inLanguage\":\"en-US\"},{\"@type\":\"Organization\",\"@id\":\"https:\\\/\\\/auriva-elevage.com\\\/en\\\/#organization\",\"name\":\"AURIVA-Elevage\",\"url\":\"https:\\\/\\\/auriva-elevage.com\\\/en\\\/\",\"logo\":{\"@type\":\"ImageObject\",\"inLanguage\":\"en-US\",\"@id\":\"https:\\\/\\\/auriva-elevage.com\\\/en\\\/#\\\/schema\\\/logo\\\/image\\\/\",\"url\":\"https:\\\/\\\/auriva-elevage.com\\\/wp-content\\\/uploads\\\/2022\\\/12\\\/Auriva_RVB-blancorange200.png\",\"contentUrl\":\"https:\\\/\\\/auriva-elevage.com\\\/wp-content\\\/uploads\\\/2022\\\/12\\\/Auriva_RVB-blancorange200.png\",\"width\":200,\"height\":178,\"caption\":\"AURIVA-Elevage\"},\"image\":{\"@id\":\"https:\\\/\\\/auriva-elevage.com\\\/en\\\/#\\\/schema\\\/logo\\\/image\\\/\"},\"sameAs\":[\"https:\\\/\\\/www.facebook.com\\\/aurivaelevage\\\/\",\"https:\\\/\\\/www.instagram.com\\\/auriva_elevage\\\/\",\"https:\\\/\\\/www.youtube.com\\\/channel\\\/UCJZKuf_iczqPTU6v0Gu1Hlw\",\"https:\\\/\\\/www.linkedin.com\\\/company\\\/10562979\\\/admin\\\/\"]}]}<\/script>\n<!-- \/ Yoast SEO plugin. -->","yoast_head_json":{"title":"SALERS - AURIVA-Elevage.com","robots":{"index":"index","follow":"follow","max-snippet":"max-snippet:-1","max-image-preview":"max-image-preview:large","max-video-preview":"max-video-preview:-1"},"canonical":"https:\/\/auriva-elevage.com\/en\/salers\/","og_locale":"en_US","og_type":"article","og_title":"SALERS - AURIVA-Elevage.com","og_description":"PARTNER PROGRAM SALERS The advantages of the Salers breed Native [\u2026]","og_url":"https:\/\/auriva-elevage.com\/en\/salers\/","og_site_name":"AURIVA-Elevage.com","article_publisher":"https:\/\/www.facebook.com\/aurivaelevage\/","article_modified_time":"2026-02-03T08:55:23+00:00","og_image":[{"width":812,"height":984,"url":"https:\/\/auriva-elevage.com\/wp-content\/uploads\/2023\/06\/13-HOUSTONSalers.jpg","type":"image\/jpeg"}],"twitter_card":"summary_large_image","twitter_misc":{"Est. reading time":"1 minute"},"schema":{"@context":"https:\/\/schema.org","@graph":[{"@type":"WebPage","@id":"https:\/\/auriva-elevage.com\/en\/salers\/","url":"https:\/\/auriva-elevage.com\/en\/salers\/","name":"SALERS - AURIVA-Elevage.com","isPartOf":{"@id":"https:\/\/auriva-elevage.com\/en\/#website"},"primaryImageOfPage":{"@id":"https:\/\/auriva-elevage.com\/en\/salers\/#primaryimage"},"image":{"@id":"https:\/\/auriva-elevage.com\/en\/salers\/#primaryimage"},"thumbnailUrl":"https:\/\/auriva-elevage.com\/wp-content\/uploads\/2023\/06\/13-HOUSTONSalers.jpg","datePublished":"2023-06-27T16:19:47+00:00","dateModified":"2026-02-03T08:55:23+00:00","breadcrumb":{"@id":"https:\/\/auriva-elevage.com\/en\/salers\/#breadcrumb"},"inLanguage":"en-US","potentialAction":[{"@type":"ReadAction","target":["https:\/\/auriva-elevage.com\/en\/salers\/"]}]},{"@type":"ImageObject","inLanguage":"en-US","@id":"https:\/\/auriva-elevage.com\/en\/salers\/#primaryimage","url":"https:\/\/auriva-elevage.com\/wp-content\/uploads\/2023\/06\/13-HOUSTONSalers.jpg","contentUrl":"https:\/\/auriva-elevage.com\/wp-content\/uploads\/2023\/06\/13-HOUSTONSalers.jpg"},{"@type":"BreadcrumbList","@id":"https:\/\/auriva-elevage.com\/en\/salers\/#breadcrumb","itemListElement":[{"@type":"ListItem","position":1,"name":"Accueil","item":"https:\/\/auriva-elevage.com\/en\/home\/"},{"@type":"ListItem","position":2,"name":"SALERS"}]},{"@type":"WebSite","@id":"https:\/\/auriva-elevage.com\/en\/#website","url":"https:\/\/auriva-elevage.com\/en\/","name":"AURIVA-Elevage","description":"L&#039;\u00e9levage nouvelle g\u00e9n\u00e9ration","publisher":{"@id":"https:\/\/auriva-elevage.com\/en\/#organization"},"potentialAction":[{"@type":"SearchAction","target":{"@type":"EntryPoint","urlTemplate":"https:\/\/auriva-elevage.com\/en\/?s={search_term_string}"},"query-input":{"@type":"PropertyValueSpecification","valueRequired":true,"valueName":"search_term_string"}}],"inLanguage":"en-US"},{"@type":"Organization","@id":"https:\/\/auriva-elevage.com\/en\/#organization","name":"AURIVA-Elevage","url":"https:\/\/auriva-elevage.com\/en\/","logo":{"@type":"ImageObject","inLanguage":"en-US","@id":"https:\/\/auriva-elevage.com\/en\/#\/schema\/logo\/image\/","url":"https:\/\/auriva-elevage.com\/wp-content\/uploads\/2022\/12\/Auriva_RVB-blancorange200.png","contentUrl":"https:\/\/auriva-elevage.com\/wp-content\/uploads\/2022\/12\/Auriva_RVB-blancorange200.png","width":200,"height":178,"caption":"AURIVA-Elevage"},"image":{"@id":"https:\/\/auriva-elevage.com\/en\/#\/schema\/logo\/image\/"},"sameAs":["https:\/\/www.facebook.com\/aurivaelevage\/","https:\/\/www.instagram.com\/auriva_elevage\/","https:\/\/www.youtube.com\/channel\/UCJZKuf_iczqPTU6v0Gu1Hlw","https:\/\/www.linkedin.com\/company\/10562979\/admin\/"]}]}},"_links":{"self":[{"href":"https:\/\/auriva-elevage.com\/en\/wp-json\/wp\/v2\/pages\/6852","targetHints":{"allow":["GET"]}}],"collection":[{"href":"https:\/\/auriva-elevage.com\/en\/wp-json\/wp\/v2\/pages"}],"about":[{"href":"https:\/\/auriva-elevage.com\/en\/wp-json\/wp\/v2\/types\/page"}],"author":[{"embeddable":true,"href":"https:\/\/auriva-elevage.com\/en\/wp-json\/wp\/v2\/users\/3"}],"replies":[{"embeddable":true,"href":"https:\/\/auriva-elevage.com\/en\/wp-json\/wp\/v2\/comments?post=6852"}],"version-history":[{"count":4,"href":"https:\/\/auriva-elevage.com\/en\/wp-json\/wp\/v2\/pages\/6852\/revisions"}],"predecessor-version":[{"id":13320,"href":"https:\/\/auriva-elevage.com\/en\/wp-json\/wp\/v2\/pages\/6852\/revisions\/13320"}],"wp:attachment":[{"href":"https:\/\/auriva-elevage.com\/en\/wp-json\/wp\/v2\/media?parent=6852"}],"curies":[{"name":"wp","href":"https:\/\/api.w.org\/{rel}","templated":true}]}}