{"id":7042,"date":"2023-07-04T18:39:25","date_gmt":"2023-07-04T16:39:25","guid":{"rendered":"https:\/\/auriva-elevage.com\/caprin\/"},"modified":"2024-11-22T14:37:39","modified_gmt":"2024-11-22T13:37:39","slug":"caprin","status":"publish","type":"page","link":"https:\/\/auriva-elevage.com\/en\/caprin\/","title":{"rendered":"CAPRIN"},"content":{"rendered":"\t\t<div data-elementor-type=\"wp-page\" data-elementor-id=\"7042\" class=\"elementor elementor-7042 elementor-3619\" data-elementor-settings=\"{&quot;ha_cmc_init_switcher&quot;:&quot;no&quot;}\" data-elementor-post-type=\"page\">\n\t\t\t\t\t\t<section class=\"elementor-section elementor-top-section elementor-element elementor-element-42f0979 elementor-section-stretched elementor-section-boxed elementor-section-height-default elementor-section-height-default\" data-id=\"42f0979\" data-element_type=\"section\" data-e-type=\"section\" data-settings=\"{&quot;stretch_section&quot;:&quot;section-stretched&quot;,&quot;background_background&quot;:&quot;classic&quot;}\">\n\t\t\t\t\t\t<div class=\"elementor-container elementor-column-gap-wider\">\n\t\t\t\t\t<div class=\"elementor-column elementor-col-100 elementor-top-column elementor-element elementor-element-06b5384\" data-id=\"06b5384\" data-element_type=\"column\" data-e-type=\"column\">\n\t\t\t<div class=\"elementor-widget-wrap elementor-element-populated\">\n\t\t\t\t\t\t<section class=\"elementor-section elementor-inner-section elementor-element elementor-element-c930b30 elementor-section-boxed elementor-section-height-default elementor-section-height-default\" data-id=\"c930b30\" data-element_type=\"section\" data-e-type=\"section\">\n\t\t\t\t\t\t<div class=\"elementor-container elementor-column-gap-default\">\n\t\t\t\t\t<div class=\"elementor-column elementor-col-33 elementor-inner-column elementor-element elementor-element-a859ae2\" data-id=\"a859ae2\" data-element_type=\"column\" data-e-type=\"column\">\n\t\t\t<div class=\"elementor-widget-wrap elementor-element-populated\">\n\t\t\t\t\t\t<div class=\"elementor-element elementor-element-e5b7841 elementor-widget elementor-widget-text-editor\" data-id=\"e5b7841\" data-element_type=\"widget\" data-e-type=\"widget\" data-widget_type=\"text-editor.default\">\n\t\t\t\t<div class=\"elementor-widget-container\">\n\t\t\t\t\t\t\t\t\t<h6><span style=\"color: #feba4d;\">PARTNER PROGRAM<\/span><\/h6>\n<h2><span style=\"color: #ffffff;\">CAPRINS<\/span><\/h2>\n\t\t\t\t\t\t\t\t<\/div>\n\t\t\t\t<\/div>\n\t\t\t\t<div class=\"elementor-element elementor-element-2519978 elementor-widget elementor-widget-text-editor\" data-id=\"2519978\" data-element_type=\"widget\" data-e-type=\"widget\" data-widget_type=\"text-editor.default\">\n\t\t\t\t<div class=\"elementor-widget-container\">\n\t\t\t\t\t\t\t\t\t<p><span style=\"color: #ffffff;\">As a partner in goat genetics developed by Capg\u00e8nes, AURIVA and its member cooperatives mainly distribute insemination doses of the French Alpine and Saanen breeds, and account for around 35% of national goat insemination.  <\/span><\/p>\n<p><span style=\"color: #ffffff;\">Renowned for the quality of their milk, the 2 breeds are also characterized by their ability to adapt to different territories, farming methods and climates.<\/span><\/p>\n<p><span style=\"color: #ffffff;\">Hardy, the Alpine is particularly present in Savoie, but represents 55% of females submitted to milk recording in France, and is able to acclimatize to a wide range of systems. Like the Alpine, the Saanen, a worldwide breed, is adaptable and has an excellent temperament, with performances (milk and morphology) that have been greatly improved by genetics and selection over the last few years.<\/span><\/p>\n\t\t\t\t\t\t\t\t<\/div>\n\t\t\t\t<\/div>\n\t\t\t\t\t<\/div>\n\t\t<\/div>\n\t\t\t\t<div class=\"elementor-column elementor-col-33 elementor-inner-column elementor-element elementor-element-5dff508\" data-id=\"5dff508\" data-element_type=\"column\" data-e-type=\"column\">\n\t\t\t<div class=\"elementor-widget-wrap elementor-element-populated\">\n\t\t\t\t\t\t<div class=\"elementor-element elementor-element-8a8b119 elementor-widget elementor-widget-image\" data-id=\"8a8b119\" data-element_type=\"widget\" data-e-type=\"widget\" data-widget_type=\"image.default\">\n\t\t\t\t<div class=\"elementor-widget-container\">\n\t\t\t\t\t\t\t\t\t\t\t\t\t\t\t<img fetchpriority=\"high\" decoding=\"async\" width=\"372\" height=\"1024\" src=\"https:\/\/auriva-elevage.com\/wp-content\/uploads\/2023\/07\/saanen-372x1024.jpg\" class=\"attachment-large size-large wp-image-5002\" alt=\"\" srcset=\"https:\/\/auriva-elevage.com\/wp-content\/uploads\/2023\/07\/saanen-372x1024.jpg 372w, https:\/\/auriva-elevage.com\/wp-content\/uploads\/2023\/07\/saanen-109x300.jpg 109w, https:\/\/auriva-elevage.com\/wp-content\/uploads\/2023\/07\/saanen-768x2114.jpg 768w, https:\/\/auriva-elevage.com\/wp-content\/uploads\/2023\/07\/saanen-558x1536.jpg 558w, https:\/\/auriva-elevage.com\/wp-content\/uploads\/2023\/07\/saanen-744x2048.jpg 744w, https:\/\/auriva-elevage.com\/wp-content\/uploads\/2023\/07\/saanen-27x75.jpg 27w, https:\/\/auriva-elevage.com\/wp-content\/uploads\/2023\/07\/saanen-349x960.jpg 349w, https:\/\/auriva-elevage.com\/wp-content\/uploads\/2023\/07\/saanen.jpg 800w\" sizes=\"(max-width:767px) 372px, 372px\" \/>\t\t\t\t\t\t\t\t\t\t\t\t\t\t\t<\/div>\n\t\t\t\t<\/div>\n\t\t\t\t<div class=\"elementor-element elementor-element-b5d3d78 elementor-align-center elementor-widget elementor-widget-button\" data-id=\"b5d3d78\" data-element_type=\"widget\" data-e-type=\"widget\" data-widget_type=\"button.default\">\n\t\t\t\t<div class=\"elementor-widget-container\">\n\t\t\t\t\t\t\t\t\t<div class=\"elementor-button-wrapper\">\n\t\t\t\t\t<a class=\"elementor-button elementor-button-link elementor-size-sm\" href=\"https:\/\/auriva-elevage.com\/wp-content\/uploads\/2023\/07\/la_race_saanen_francaise_FR.pdf\">\n\t\t\t\t\t\t<span class=\"elementor-button-content-wrapper\">\n\t\t\t\t\t\t\t\t\t<span class=\"elementor-button-text\">More about Saanen<\/span>\n\t\t\t\t\t<\/span>\n\t\t\t\t\t<\/a>\n\t\t\t\t<\/div>\n\t\t\t\t\t\t\t\t<\/div>\n\t\t\t\t<\/div>\n\t\t\t\t\t<\/div>\n\t\t<\/div>\n\t\t\t\t<div class=\"elementor-column elementor-col-33 elementor-inner-column elementor-element elementor-element-cb9f2cc\" data-id=\"cb9f2cc\" data-element_type=\"column\" data-e-type=\"column\">\n\t\t\t<div class=\"elementor-widget-wrap elementor-element-populated\">\n\t\t\t\t\t\t<div class=\"elementor-element elementor-element-002b9fe elementor-widget elementor-widget-image\" data-id=\"002b9fe\" data-element_type=\"widget\" data-e-type=\"widget\" data-widget_type=\"image.default\">\n\t\t\t\t<div class=\"elementor-widget-container\">\n\t\t\t\t\t\t\t\t\t\t\t\t\t\t\t<img decoding=\"async\" width=\"372\" height=\"1024\" src=\"https:\/\/auriva-elevage.com\/wp-content\/uploads\/2023\/07\/alpine-372x1024.jpg\" class=\"attachment-large size-large wp-image-5006\" alt=\"\" srcset=\"https:\/\/auriva-elevage.com\/wp-content\/uploads\/2023\/07\/alpine-372x1024.jpg 372w, https:\/\/auriva-elevage.com\/wp-content\/uploads\/2023\/07\/alpine-109x300.jpg 109w, https:\/\/auriva-elevage.com\/wp-content\/uploads\/2023\/07\/alpine-768x2114.jpg 768w, https:\/\/auriva-elevage.com\/wp-content\/uploads\/2023\/07\/alpine-558x1536.jpg 558w, https:\/\/auriva-elevage.com\/wp-content\/uploads\/2023\/07\/alpine-744x2048.jpg 744w, https:\/\/auriva-elevage.com\/wp-content\/uploads\/2023\/07\/alpine-27x75.jpg 27w, https:\/\/auriva-elevage.com\/wp-content\/uploads\/2023\/07\/alpine-349x960.jpg 349w, https:\/\/auriva-elevage.com\/wp-content\/uploads\/2023\/07\/alpine.jpg 800w\" sizes=\"(max-width:767px) 372px, 372px\" \/>\t\t\t\t\t\t\t\t\t\t\t\t\t\t\t<\/div>\n\t\t\t\t<\/div>\n\t\t\t\t<div class=\"elementor-element elementor-element-d6be14a elementor-align-center elementor-widget elementor-widget-button\" data-id=\"d6be14a\" data-element_type=\"widget\" data-e-type=\"widget\" data-widget_type=\"button.default\">\n\t\t\t\t<div class=\"elementor-widget-container\">\n\t\t\t\t\t\t\t\t\t<div class=\"elementor-button-wrapper\">\n\t\t\t\t\t<a class=\"elementor-button elementor-button-link elementor-size-sm\" href=\"https:\/\/auriva-elevage.com\/wp-content\/uploads\/2023\/07\/la_race_alpine_francaise_FR.pdf\">\n\t\t\t\t\t\t<span class=\"elementor-button-content-wrapper\">\n\t\t\t\t\t\t\t\t\t<span class=\"elementor-button-text\">More about Alpine<\/span>\n\t\t\t\t\t<\/span>\n\t\t\t\t\t<\/a>\n\t\t\t\t<\/div>\n\t\t\t\t\t\t\t\t<\/div>\n\t\t\t\t<\/div>\n\t\t\t\t\t<\/div>\n\t\t<\/div>\n\t\t\t\t\t<\/div>\n\t\t<\/section>\n\t\t\t\t\t<\/div>\n\t\t<\/div>\n\t\t\t\t\t<\/div>\n\t\t<\/section>\n\t\t<div class=\"elementor-element elementor-element-7af3dc8 e-flex e-con-boxed e-con e-parent\" data-id=\"7af3dc8\" data-element_type=\"container\" data-e-type=\"container\">\n\t\t\t\t\t<div class=\"e-con-inner\">\n\t\t\t\t<div class=\"elementor-element elementor-element-cb90fa8 elementor-widget elementor-widget-spacer\" data-id=\"cb90fa8\" data-element_type=\"widget\" data-e-type=\"widget\" data-widget_type=\"spacer.default\">\n\t\t\t\t<div class=\"elementor-widget-container\">\n\t\t\t\t\t\t\t<div class=\"elementor-spacer\">\n\t\t\t<div class=\"elementor-spacer-inner\"><\/div>\n\t\t<\/div>\n\t\t\t\t\t\t<\/div>\n\t\t\t\t<\/div>\n\t\t\t\t\t<\/div>\n\t\t\t\t<\/div>\n\t\t<div class=\"elementor-element elementor-element-e199efe e-flex e-con-boxed e-con e-parent\" data-id=\"e199efe\" data-element_type=\"container\" data-e-type=\"container\">\n\t\t\t\t\t<div class=\"e-con-inner\">\n\t\t<div class=\"elementor-element elementor-element-764d3ea e-con-full e-flex e-con e-child\" data-id=\"764d3ea\" data-element_type=\"container\" data-e-type=\"container\" data-settings=\"{&quot;background_background&quot;:&quot;classic&quot;}\">\n\t\t\t\t<div class=\"elementor-element elementor-element-3cab8f9 elementor-widget elementor-widget-image\" data-id=\"3cab8f9\" data-element_type=\"widget\" data-e-type=\"widget\" data-widget_type=\"image.default\">\n\t\t\t\t<div class=\"elementor-widget-container\">\n\t\t\t\t\t\t\t\t\t\t\t\t\t\t\t<img decoding=\"async\" src=\"https:\/\/auriva-elevage.com\/wp-content\/uploads\/elementor\/thumbs\/GUIDO-BRUNI-q8xdyphf5wm37dbsv4dcr1x8la240ozo4qrsfv8rbw.jpg\" title=\"GUIDO-BRUNI\" alt=\"GUIDO-BRUNI\" loading=\"lazy\" \/>\t\t\t\t\t\t\t\t\t\t\t\t\t\t\t<\/div>\n\t\t\t\t<\/div>\n\t\t\t\t<div class=\"elementor-element elementor-element-742f9c8 elementor-widget elementor-widget-text-editor\" data-id=\"742f9c8\" data-element_type=\"widget\" data-e-type=\"widget\" data-widget_type=\"text-editor.default\">\n\t\t\t\t<div class=\"elementor-widget-container\">\n\t\t\t\t\t\t\t\t\t<h5><span style=\"color: #000000;\">Coupling, advice&#8230; ?<\/span><\/h5>\n<p><span style=\"color: #000000;\">Guido Bruno, Caprine Genetics and Reproduction Technician<\/span><\/p>\n\t\t\t\t\t\t\t\t<\/div>\n\t\t\t\t<\/div>\n\t\t\t\t<div class=\"elementor-element elementor-element-dc82afa elementor-icon-list--layout-traditional elementor-list-item-link-full_width elementor-widget elementor-widget-icon-list\" data-id=\"dc82afa\" data-element_type=\"widget\" data-e-type=\"widget\" data-widget_type=\"icon-list.default\">\n\t\t\t\t<div class=\"elementor-widget-container\">\n\t\t\t\t\t\t\t<ul class=\"elementor-icon-list-items\">\n\t\t\t\t\t\t\t<li class=\"elementor-icon-list-item\">\n\t\t\t\t\t\t\t\t\t\t\t<a href=\"mailto:guido.bruni@auriva-elevage.fr%20%20\">\n\n\t\t\t\t\t\t\t\t\t\t\t\t<span class=\"elementor-icon-list-icon\">\n\t\t\t\t\t\t\t<i aria-hidden=\"true\" class=\"icon icon-email\"><\/i>\t\t\t\t\t\t<\/span>\n\t\t\t\t\t\t\t\t\t\t<span class=\"elementor-icon-list-text\">guido.bruni@auriva-elevage.fr<\/span>\n\t\t\t\t\t\t\t\t\t\t\t<\/a>\n\t\t\t\t\t\t\t\t\t<\/li>\n\t\t\t\t\t\t\t\t<li class=\"elementor-icon-list-item\">\n\t\t\t\t\t\t\t\t\t\t\t<a href=\"\">\n\n\t\t\t\t\t\t\t\t\t\t\t\t<span class=\"elementor-icon-list-icon\">\n\t\t\t\t\t\t\t<i aria-hidden=\"true\" class=\"icon icon-phone-handset\"><\/i>\t\t\t\t\t\t<\/span>\n\t\t\t\t\t\t\t\t\t\t<span class=\"elementor-icon-list-text\">+39 339 780 1527  <\/span>\n\t\t\t\t\t\t\t\t\t\t\t<\/a>\n\t\t\t\t\t\t\t\t\t<\/li>\n\t\t\t\t\t\t<\/ul>\n\t\t\t\t\t\t<\/div>\n\t\t\t\t<\/div>\n\t\t\t\t<\/div>\n\t\t<div class=\"elementor-element elementor-element-74bd17c e-con-full e-flex e-con e-child\" data-id=\"74bd17c\" data-element_type=\"container\" data-e-type=\"container\" data-settings=\"{&quot;background_background&quot;:&quot;classic&quot;}\">\n\t\t\t\t<div class=\"elementor-element elementor-element-dbe5ab2 elementor-widget elementor-widget-spacer\" data-id=\"dbe5ab2\" data-element_type=\"widget\" data-e-type=\"widget\" data-widget_type=\"spacer.default\">\n\t\t\t\t<div class=\"elementor-widget-container\">\n\t\t\t\t\t\t\t<div class=\"elementor-spacer\">\n\t\t\t<div class=\"elementor-spacer-inner\"><\/div>\n\t\t<\/div>\n\t\t\t\t\t\t<\/div>\n\t\t\t\t<\/div>\n\t\t\t\t<div class=\"elementor-element elementor-element-9f19cd8 elementor-cta--skin-cover elementor-widget elementor-widget-call-to-action\" data-id=\"9f19cd8\" data-element_type=\"widget\" data-e-type=\"widget\" data-widget_type=\"call-to-action.default\">\n\t\t\t\t<div class=\"elementor-widget-container\">\n\t\t\t\t\t\t\t<div class=\"elementor-cta\">\n\t\t\t\t\t<div class=\"elementor-cta__bg-wrapper\">\n\t\t\t\t<div class=\"elementor-cta__bg elementor-bg\" style=\"background-image: url();\" role=\"img\" aria-label=\"\"><\/div>\n\t\t\t\t<div class=\"elementor-cta__bg-overlay\"><\/div>\n\t\t\t<\/div>\n\t\t\t\t\t\t\t<div class=\"elementor-cta__content\">\n\t\t\t\t\n\t\t\t\t\t\t\t\t\t<h2 class=\"elementor-cta__title elementor-cta__content-item elementor-content-item\">\n\t\t\t\t\t\tCatalog 2024-2025\t\t\t\t\t<\/h2>\n\t\t\t\t\n\t\t\t\t\n\t\t\t\t\t\t\t\t\t<div class=\"elementor-cta__button-wrapper elementor-cta__content-item elementor-content-item \">\n\t\t\t\t\t<a class=\"elementor-cta__button elementor-button elementor-size-\" href=\"https:\/\/auriva-elevage.com\/wp-content\/uploads\/2024\/11\/CAPGENES_Catalogue2024_V2_WEB.pdf\" target=\"_blank\">\n\t\t\t\t\t\tClick here\t\t\t\t\t<\/a>\n\t\t\t\t\t<\/div>\n\t\t\t\t\t\t\t<\/div>\n\t\t\t\t\t\t<\/div>\n\t\t\t\t\t\t<\/div>\n\t\t\t\t<\/div>\n\t\t\t\t<\/div>\n\t\t\t\t\t<\/div>\n\t\t\t\t<\/div>\n\t\t<div class=\"elementor-element elementor-element-fbca94f e-flex e-con-boxed e-con e-parent\" data-id=\"fbca94f\" data-element_type=\"container\" data-e-type=\"container\" data-settings=\"{&quot;background_background&quot;:&quot;classic&quot;}\">\n\t\t\t\t\t<div class=\"e-con-inner\">\n\t\t<div class=\"elementor-element elementor-element-a56e65f e-con-full e-flex e-con e-child\" data-id=\"a56e65f\" data-element_type=\"container\" data-e-type=\"container\" data-settings=\"{&quot;background_background&quot;:&quot;classic&quot;}\">\n\t\t\t\t<div class=\"elementor-element elementor-element-c052713 elementor-view-default elementor-position-block-start elementor-mobile-position-block-start elementor-widget elementor-widget-icon-box\" data-id=\"c052713\" data-element_type=\"widget\" data-e-type=\"widget\" data-widget_type=\"icon-box.default\">\n\t\t\t\t<div class=\"elementor-widget-container\">\n\t\t\t\t\t\t\t<div class=\"elementor-icon-box-wrapper\">\n\n\t\t\t\t\t\t<div class=\"elementor-icon-box-icon\">\n\t\t\t\t<a href=\"\" class=\"elementor-icon\" tabindex=\"-1\" aria-label=\"To order doses or request genotyping\">\n\t\t\t\t<i aria-hidden=\"true\" class=\"icon icon-shopping-cart11\"><\/i>\t\t\t\t<\/a>\n\t\t\t<\/div>\n\t\t\t\n\t\t\t\t\t\t<div class=\"elementor-icon-box-content\">\n\n\t\t\t\t\t\t\t\t\t<h3 class=\"elementor-icon-box-title\">\n\t\t\t\t\t\t<a href=\"\" >\n\t\t\t\t\t\t\tTo order doses or request genotyping\t\t\t\t\t\t<\/a>\n\t\t\t\t\t<\/h3>\n\t\t\t\t\n\t\t\t\t\t\t\t\t\t<p class=\"elementor-icon-box-description\">\n\t\t\t\t\t\tPlease contact your insemination cooperative.  \t\t\t\t\t<\/p>\n\t\t\t\t\n\t\t\t<\/div>\n\t\t\t\n\t\t<\/div>\n\t\t\t\t\t\t<\/div>\n\t\t\t\t<\/div>\n\t\t\t\t<\/div>\n\t\t<div class=\"elementor-element elementor-element-236c058 e-con-full e-flex e-con e-child\" data-id=\"236c058\" data-element_type=\"container\" data-e-type=\"container\" data-settings=\"{&quot;background_background&quot;:&quot;classic&quot;}\">\n\t\t\t\t<div class=\"elementor-element elementor-element-8b68311 elementor-widget elementor-widget-image\" data-id=\"8b68311\" data-element_type=\"widget\" data-e-type=\"widget\" data-widget_type=\"image.default\">\n\t\t\t\t<div class=\"elementor-widget-container\">\n\t\t\t\t\t\t\t\t\t\t\t\t\t\t\t\t<a href=\"https:\/\/www.simmentalfrance.fr\/\">\n\t\t\t\t\t\t\t<img decoding=\"async\" width=\"225\" height=\"60\" src=\"https:\/\/auriva-elevage.com\/wp-content\/uploads\/2023\/07\/logo-capgenes-long-225x60-1.png\" class=\"attachment-large size-large wp-image-5008\" alt=\"\" srcset=\"https:\/\/auriva-elevage.com\/wp-content\/uploads\/2023\/07\/logo-capgenes-long-225x60-1.png 225w, https:\/\/auriva-elevage.com\/wp-content\/uploads\/2023\/07\/logo-capgenes-long-225x60-1-150x40.png 150w\" sizes=\"(max-width:767px) 225px, 225px\" \/>\t\t\t\t\t\t\t\t<\/a>\n\t\t\t\t\t\t\t\t\t\t\t\t\t\t\t<\/div>\n\t\t\t\t<\/div>\n\t\t\t\t<div class=\"elementor-element elementor-element-e919fa8 elementor-align-center elementor-widget elementor-widget-button\" data-id=\"e919fa8\" data-element_type=\"widget\" data-e-type=\"widget\" data-widget_type=\"button.default\">\n\t\t\t\t<div class=\"elementor-widget-container\">\n\t\t\t\t\t\t\t\t\t<div class=\"elementor-button-wrapper\">\n\t\t\t\t\t<a class=\"elementor-button elementor-button-link elementor-size-sm\" href=\"https:\/\/www.capgenes.com\/\" target=\"_blank\">\n\t\t\t\t\t\t<span class=\"elementor-button-content-wrapper\">\n\t\t\t\t\t\t\t\t\t<span class=\"elementor-button-text\">Find out more<\/span>\n\t\t\t\t\t<\/span>\n\t\t\t\t\t<\/a>\n\t\t\t\t<\/div>\n\t\t\t\t\t\t\t\t<\/div>\n\t\t\t\t<\/div>\n\t\t\t\t<\/div>\n\t\t\t\t\t<\/div>\n\t\t\t\t<\/div>\n\t\t\t\t<\/div>\n\t\t","protected":false},"excerpt":{"rendered":"<p>PARTNER PROGRAM CAPRINS As a partner in goat genetics developed<span class=\"excerpt-hellip\"> [\u2026]<\/span><\/p>\n","protected":false},"author":3,"featured_media":0,"parent":0,"menu_order":0,"comment_status":"open","ping_status":"closed","template":"elementor_header_footer","meta":{"footnotes":""},"class_list":["post-7042","page","type-page","status-publish","hentry"],"yoast_head":"<!-- This site is optimized with the Yoast SEO plugin v27.3 - https:\/\/yoast.com\/product\/yoast-seo-wordpress\/ -->\n<title>CAPRIN - AURIVA-Elevage.com<\/title>\n<meta name=\"robots\" content=\"index, follow, max-snippet:-1, max-image-preview:large, max-video-preview:-1\" \/>\n<link rel=\"canonical\" href=\"https:\/\/auriva-elevage.com\/en\/caprin\/\" \/>\n<meta property=\"og:locale\" content=\"en_US\" \/>\n<meta property=\"og:type\" content=\"article\" \/>\n<meta property=\"og:title\" content=\"CAPRIN - AURIVA-Elevage.com\" \/>\n<meta property=\"og:description\" content=\"PARTNER PROGRAM CAPRINS As a partner in goat genetics developed [\u2026]\" \/>\n<meta property=\"og:url\" content=\"https:\/\/auriva-elevage.com\/en\/caprin\/\" \/>\n<meta property=\"og:site_name\" content=\"AURIVA-Elevage.com\" \/>\n<meta property=\"article:publisher\" content=\"https:\/\/www.facebook.com\/aurivaelevage\/\" \/>\n<meta property=\"article:modified_time\" content=\"2024-11-22T13:37:39+00:00\" \/>\n<meta property=\"og:image\" content=\"https:\/\/auriva-elevage.com\/wp-content\/uploads\/2023\/07\/saanen.jpg\" \/>\n\t<meta property=\"og:image:width\" content=\"800\" \/>\n\t<meta property=\"og:image:height\" content=\"2202\" \/>\n\t<meta property=\"og:image:type\" content=\"image\/jpeg\" \/>\n<meta name=\"twitter:card\" content=\"summary_large_image\" \/>\n<meta name=\"twitter:label1\" content=\"Est. reading time\" \/>\n\t<meta name=\"twitter:data1\" content=\"1 minute\" \/>\n<script type=\"application\/ld+json\" class=\"yoast-schema-graph\">{\"@context\":\"https:\\\/\\\/schema.org\",\"@graph\":[{\"@type\":\"WebPage\",\"@id\":\"https:\\\/\\\/auriva-elevage.com\\\/en\\\/caprin\\\/\",\"url\":\"https:\\\/\\\/auriva-elevage.com\\\/en\\\/caprin\\\/\",\"name\":\"CAPRIN - AURIVA-Elevage.com\",\"isPartOf\":{\"@id\":\"https:\\\/\\\/auriva-elevage.com\\\/en\\\/#website\"},\"primaryImageOfPage\":{\"@id\":\"https:\\\/\\\/auriva-elevage.com\\\/en\\\/caprin\\\/#primaryimage\"},\"image\":{\"@id\":\"https:\\\/\\\/auriva-elevage.com\\\/en\\\/caprin\\\/#primaryimage\"},\"thumbnailUrl\":\"https:\\\/\\\/auriva-elevage.com\\\/wp-content\\\/uploads\\\/2023\\\/07\\\/saanen-372x1024.jpg\",\"datePublished\":\"2023-07-04T16:39:25+00:00\",\"dateModified\":\"2024-11-22T13:37:39+00:00\",\"breadcrumb\":{\"@id\":\"https:\\\/\\\/auriva-elevage.com\\\/en\\\/caprin\\\/#breadcrumb\"},\"inLanguage\":\"en-US\",\"potentialAction\":[{\"@type\":\"ReadAction\",\"target\":[\"https:\\\/\\\/auriva-elevage.com\\\/en\\\/caprin\\\/\"]}]},{\"@type\":\"ImageObject\",\"inLanguage\":\"en-US\",\"@id\":\"https:\\\/\\\/auriva-elevage.com\\\/en\\\/caprin\\\/#primaryimage\",\"url\":\"https:\\\/\\\/auriva-elevage.com\\\/wp-content\\\/uploads\\\/2023\\\/07\\\/saanen-372x1024.jpg\",\"contentUrl\":\"https:\\\/\\\/auriva-elevage.com\\\/wp-content\\\/uploads\\\/2023\\\/07\\\/saanen-372x1024.jpg\"},{\"@type\":\"BreadcrumbList\",\"@id\":\"https:\\\/\\\/auriva-elevage.com\\\/en\\\/caprin\\\/#breadcrumb\",\"itemListElement\":[{\"@type\":\"ListItem\",\"position\":1,\"name\":\"Accueil\",\"item\":\"https:\\\/\\\/auriva-elevage.com\\\/en\\\/home\\\/\"},{\"@type\":\"ListItem\",\"position\":2,\"name\":\"CAPRIN\"}]},{\"@type\":\"WebSite\",\"@id\":\"https:\\\/\\\/auriva-elevage.com\\\/en\\\/#website\",\"url\":\"https:\\\/\\\/auriva-elevage.com\\\/en\\\/\",\"name\":\"AURIVA-Elevage\",\"description\":\"L&#039;\u00e9levage nouvelle g\u00e9n\u00e9ration\",\"publisher\":{\"@id\":\"https:\\\/\\\/auriva-elevage.com\\\/en\\\/#organization\"},\"potentialAction\":[{\"@type\":\"SearchAction\",\"target\":{\"@type\":\"EntryPoint\",\"urlTemplate\":\"https:\\\/\\\/auriva-elevage.com\\\/en\\\/?s={search_term_string}\"},\"query-input\":{\"@type\":\"PropertyValueSpecification\",\"valueRequired\":true,\"valueName\":\"search_term_string\"}}],\"inLanguage\":\"en-US\"},{\"@type\":\"Organization\",\"@id\":\"https:\\\/\\\/auriva-elevage.com\\\/en\\\/#organization\",\"name\":\"AURIVA-Elevage\",\"url\":\"https:\\\/\\\/auriva-elevage.com\\\/en\\\/\",\"logo\":{\"@type\":\"ImageObject\",\"inLanguage\":\"en-US\",\"@id\":\"https:\\\/\\\/auriva-elevage.com\\\/en\\\/#\\\/schema\\\/logo\\\/image\\\/\",\"url\":\"https:\\\/\\\/auriva-elevage.com\\\/wp-content\\\/uploads\\\/2022\\\/12\\\/Auriva_RVB-blancorange200.png\",\"contentUrl\":\"https:\\\/\\\/auriva-elevage.com\\\/wp-content\\\/uploads\\\/2022\\\/12\\\/Auriva_RVB-blancorange200.png\",\"width\":200,\"height\":178,\"caption\":\"AURIVA-Elevage\"},\"image\":{\"@id\":\"https:\\\/\\\/auriva-elevage.com\\\/en\\\/#\\\/schema\\\/logo\\\/image\\\/\"},\"sameAs\":[\"https:\\\/\\\/www.facebook.com\\\/aurivaelevage\\\/\",\"https:\\\/\\\/www.instagram.com\\\/auriva_elevage\\\/\",\"https:\\\/\\\/www.youtube.com\\\/channel\\\/UCJZKuf_iczqPTU6v0Gu1Hlw\",\"https:\\\/\\\/www.linkedin.com\\\/company\\\/10562979\\\/admin\\\/\"]}]}<\/script>\n<!-- \/ Yoast SEO plugin. -->","yoast_head_json":{"title":"CAPRIN - AURIVA-Elevage.com","robots":{"index":"index","follow":"follow","max-snippet":"max-snippet:-1","max-image-preview":"max-image-preview:large","max-video-preview":"max-video-preview:-1"},"canonical":"https:\/\/auriva-elevage.com\/en\/caprin\/","og_locale":"en_US","og_type":"article","og_title":"CAPRIN - AURIVA-Elevage.com","og_description":"PARTNER PROGRAM CAPRINS As a partner in goat genetics developed [\u2026]","og_url":"https:\/\/auriva-elevage.com\/en\/caprin\/","og_site_name":"AURIVA-Elevage.com","article_publisher":"https:\/\/www.facebook.com\/aurivaelevage\/","article_modified_time":"2024-11-22T13:37:39+00:00","og_image":[{"width":800,"height":2202,"url":"https:\/\/auriva-elevage.com\/wp-content\/uploads\/2023\/07\/saanen.jpg","type":"image\/jpeg"}],"twitter_card":"summary_large_image","twitter_misc":{"Est. reading time":"1 minute"},"schema":{"@context":"https:\/\/schema.org","@graph":[{"@type":"WebPage","@id":"https:\/\/auriva-elevage.com\/en\/caprin\/","url":"https:\/\/auriva-elevage.com\/en\/caprin\/","name":"CAPRIN - AURIVA-Elevage.com","isPartOf":{"@id":"https:\/\/auriva-elevage.com\/en\/#website"},"primaryImageOfPage":{"@id":"https:\/\/auriva-elevage.com\/en\/caprin\/#primaryimage"},"image":{"@id":"https:\/\/auriva-elevage.com\/en\/caprin\/#primaryimage"},"thumbnailUrl":"https:\/\/auriva-elevage.com\/wp-content\/uploads\/2023\/07\/saanen-372x1024.jpg","datePublished":"2023-07-04T16:39:25+00:00","dateModified":"2024-11-22T13:37:39+00:00","breadcrumb":{"@id":"https:\/\/auriva-elevage.com\/en\/caprin\/#breadcrumb"},"inLanguage":"en-US","potentialAction":[{"@type":"ReadAction","target":["https:\/\/auriva-elevage.com\/en\/caprin\/"]}]},{"@type":"ImageObject","inLanguage":"en-US","@id":"https:\/\/auriva-elevage.com\/en\/caprin\/#primaryimage","url":"https:\/\/auriva-elevage.com\/wp-content\/uploads\/2023\/07\/saanen-372x1024.jpg","contentUrl":"https:\/\/auriva-elevage.com\/wp-content\/uploads\/2023\/07\/saanen-372x1024.jpg"},{"@type":"BreadcrumbList","@id":"https:\/\/auriva-elevage.com\/en\/caprin\/#breadcrumb","itemListElement":[{"@type":"ListItem","position":1,"name":"Accueil","item":"https:\/\/auriva-elevage.com\/en\/home\/"},{"@type":"ListItem","position":2,"name":"CAPRIN"}]},{"@type":"WebSite","@id":"https:\/\/auriva-elevage.com\/en\/#website","url":"https:\/\/auriva-elevage.com\/en\/","name":"AURIVA-Elevage","description":"L&#039;\u00e9levage nouvelle g\u00e9n\u00e9ration","publisher":{"@id":"https:\/\/auriva-elevage.com\/en\/#organization"},"potentialAction":[{"@type":"SearchAction","target":{"@type":"EntryPoint","urlTemplate":"https:\/\/auriva-elevage.com\/en\/?s={search_term_string}"},"query-input":{"@type":"PropertyValueSpecification","valueRequired":true,"valueName":"search_term_string"}}],"inLanguage":"en-US"},{"@type":"Organization","@id":"https:\/\/auriva-elevage.com\/en\/#organization","name":"AURIVA-Elevage","url":"https:\/\/auriva-elevage.com\/en\/","logo":{"@type":"ImageObject","inLanguage":"en-US","@id":"https:\/\/auriva-elevage.com\/en\/#\/schema\/logo\/image\/","url":"https:\/\/auriva-elevage.com\/wp-content\/uploads\/2022\/12\/Auriva_RVB-blancorange200.png","contentUrl":"https:\/\/auriva-elevage.com\/wp-content\/uploads\/2022\/12\/Auriva_RVB-blancorange200.png","width":200,"height":178,"caption":"AURIVA-Elevage"},"image":{"@id":"https:\/\/auriva-elevage.com\/en\/#\/schema\/logo\/image\/"},"sameAs":["https:\/\/www.facebook.com\/aurivaelevage\/","https:\/\/www.instagram.com\/auriva_elevage\/","https:\/\/www.youtube.com\/channel\/UCJZKuf_iczqPTU6v0Gu1Hlw","https:\/\/www.linkedin.com\/company\/10562979\/admin\/"]}]}},"_links":{"self":[{"href":"https:\/\/auriva-elevage.com\/en\/wp-json\/wp\/v2\/pages\/7042","targetHints":{"allow":["GET"]}}],"collection":[{"href":"https:\/\/auriva-elevage.com\/en\/wp-json\/wp\/v2\/pages"}],"about":[{"href":"https:\/\/auriva-elevage.com\/en\/wp-json\/wp\/v2\/types\/page"}],"author":[{"embeddable":true,"href":"https:\/\/auriva-elevage.com\/en\/wp-json\/wp\/v2\/users\/3"}],"replies":[{"embeddable":true,"href":"https:\/\/auriva-elevage.com\/en\/wp-json\/wp\/v2\/comments?post=7042"}],"version-history":[{"count":6,"href":"https:\/\/auriva-elevage.com\/en\/wp-json\/wp\/v2\/pages\/7042\/revisions"}],"predecessor-version":[{"id":10367,"href":"https:\/\/auriva-elevage.com\/en\/wp-json\/wp\/v2\/pages\/7042\/revisions\/10367"}],"wp:attachment":[{"href":"https:\/\/auriva-elevage.com\/en\/wp-json\/wp\/v2\/media?parent=7042"}],"curies":[{"name":"wp","href":"https:\/\/api.w.org\/{rel}","templated":true}]}}