{"id":7213,"date":"2023-07-13T15:35:36","date_gmt":"2023-07-13T13:35:36","guid":{"rendered":"https:\/\/auriva-elevage.com\/abondance\/abondance-selection-chart\/"},"modified":"2023-11-28T10:20:57","modified_gmt":"2023-11-28T09:20:57","slug":"abondance-selection-chart","status":"publish","type":"page","link":"https:\/\/auriva-elevage.com\/en\/abondance\/abondance-selection-chart\/","title":{"rendered":"Abondance selection chart"},"content":{"rendered":"\t\t<div data-elementor-type=\"wp-page\" data-elementor-id=\"7213\" class=\"elementor elementor-7213 elementor-5193\" data-elementor-settings=\"{&quot;ha_cmc_init_switcher&quot;:&quot;no&quot;}\" data-elementor-post-type=\"page\">\n\t\t\t\t<div class=\"elementor-element elementor-element-e7eb626 e-flex e-con-boxed e-con e-parent\" data-id=\"e7eb626\" data-element_type=\"container\" data-e-type=\"container\" data-settings=\"{&quot;background_background&quot;:&quot;classic&quot;}\">\n\t\t\t\t\t<div class=\"e-con-inner\">\n\t\t<div class=\"elementor-element elementor-element-a4648c2 e-flex e-con-boxed e-con e-parent\" data-id=\"a4648c2\" data-element_type=\"container\" data-e-type=\"container\">\n\t\t\t\t\t<div class=\"e-con-inner\">\n\t\t\t\t<div class=\"elementor-element elementor-element-8338ff9 elementor-align-right elementor-widget elementor-widget-breadcrumbs\" data-id=\"8338ff9\" data-element_type=\"widget\" data-e-type=\"widget\" data-widget_type=\"breadcrumbs.default\">\n\t\t\t\t<div class=\"elementor-widget-container\">\n\t\t\t\t\t<p id=\"breadcrumbs\"><span><span><a href=\"https:\/\/auriva-elevage.com\/en\/home\/\">Accueil<\/a><\/span><\/span><\/p>\t\t\t\t<\/div>\n\t\t\t\t<\/div>\n\t\t\t\t\t<\/div>\n\t\t\t\t<\/div>\n\t\t\t\t\t<\/div>\n\t\t\t\t<\/div>\n\t\t<div class=\"elementor-element elementor-element-d141e79 e-flex e-con-boxed e-con e-parent\" data-id=\"d141e79\" data-element_type=\"container\" data-e-type=\"container\" data-settings=\"{&quot;background_background&quot;:&quot;classic&quot;}\">\n\t\t\t\t\t<div class=\"e-con-inner\">\n\t\t<div class=\"elementor-element elementor-element-5aff6d0 e-con-full e-flex e-con e-parent\" data-id=\"5aff6d0\" data-element_type=\"container\" data-e-type=\"container\">\n\t\t\t\t<div class=\"elementor-element elementor-element-a040e41 elementor-widget elementor-widget-text-editor\" data-id=\"a040e41\" data-element_type=\"widget\" data-e-type=\"widget\" data-widget_type=\"text-editor.default\">\n\t\t\t\t<div class=\"elementor-widget-container\">\n\t\t\t\t\t\t\t\t\t<h6><span style=\"color: #feba4d;\">SELECTION CHART<\/span><\/h6>\n<h1><span style=\"color: #000000;\">ABONDANCE<\/span><\/h1>\n\t\t\t\t\t\t\t\t<\/div>\n\t\t\t\t<\/div>\n\t\t\t\t<div class=\"elementor-element elementor-element-a870c19 elementor-widget elementor-widget-image\" data-id=\"a870c19\" data-element_type=\"widget\" data-e-type=\"widget\" data-widget_type=\"image.default\">\n\t\t\t\t<div class=\"elementor-widget-container\">\n\t\t\t\t\t\t\t\t\t\t\t\t\t\t\t<img fetchpriority=\"high\" decoding=\"async\" width=\"1024\" height=\"684\" src=\"https:\/\/auriva-elevage.com\/wp-content\/uploads\/2023\/05\/ILLU-7-1024x684.jpg\" class=\"attachment-large size-large wp-image-4562\" alt=\"\" srcset=\"https:\/\/auriva-elevage.com\/wp-content\/uploads\/2023\/05\/ILLU-7-1024x684.jpg 1024w, https:\/\/auriva-elevage.com\/wp-content\/uploads\/2023\/05\/ILLU-7-300x200.jpg 300w, https:\/\/auriva-elevage.com\/wp-content\/uploads\/2023\/05\/ILLU-7-768x513.jpg 768w, https:\/\/auriva-elevage.com\/wp-content\/uploads\/2023\/05\/ILLU-7-219x146.jpg 219w, https:\/\/auriva-elevage.com\/wp-content\/uploads\/2023\/05\/ILLU-7-50x33.jpg 50w, https:\/\/auriva-elevage.com\/wp-content\/uploads\/2023\/05\/ILLU-7-112x75.jpg 112w, https:\/\/auriva-elevage.com\/wp-content\/uploads\/2023\/05\/ILLU-7-480x321.jpg 480w, https:\/\/auriva-elevage.com\/wp-content\/uploads\/2023\/05\/ILLU-7.jpg 1529w\" sizes=\"(max-width:767px) 480px, (max-width:1024px) 100vw, 1024px\" \/>\t\t\t\t\t\t\t\t\t\t\t\t\t\t\t<\/div>\n\t\t\t\t<\/div>\n\t\t\t\t<\/div>\n\t\t<div class=\"elementor-element elementor-element-5f703ca e-con-full e-flex e-con e-parent\" data-id=\"5f703ca\" data-element_type=\"container\" data-e-type=\"container\">\n\t\t\t\t<div class=\"elementor-element elementor-element-a1f2b4a elementor-widget elementor-widget-text-editor\" data-id=\"a1f2b4a\" data-element_type=\"widget\" data-e-type=\"widget\" data-widget_type=\"text-editor.default\">\n\t\t\t\t<div class=\"elementor-widget-container\">\n\t\t\t\t\t\t\t\t\t<p>The fruit of the joint efforts of AURIVA, OS RAR and the breeders involved, discover or rediscover the Abondance sire selection scheme and how the best sires in the breed are selected.<\/p>\n<p>Each year, the Genetics Committee selects between 45 and 50 sires and defines the minimum requirements for each of the 24,000 females submitted for milk testing. Among the 3,500 or so cows that meet all these thresholds, VARGEN proposes the 600 most appropriate matings for managing variability and genetic progress.<\/p>\n<p>Breed technicians then qualify 350 to 400 matings during technical visits to farms.  <\/p>\n<p>Around 170 male calves are born and genotyped the following year. After sorting by the layout committee, only 28 of them enter the breeding station.<\/p>\n<p>Before entering production, a final selection is made to retain the 20 genomic bulls in the series, seeking maximum diversity in the proposed profiles and origins.<\/p>\n<p>The genomic offer is then completed by a range of confirmed bulls. The aim is then to propose a mix of uses on the farm to encourage the widest possible individual and collective genetic progress.  <\/p>\n\t\t\t\t\t\t\t\t<\/div>\n\t\t\t\t<\/div>\n\t\t\t\t<\/div>\n\t\t\t\t\t<\/div>\n\t\t\t\t<\/div>\n\t\t<div class=\"elementor-element elementor-element-7a984aa e-flex e-con-boxed e-con e-parent\" data-id=\"7a984aa\" data-element_type=\"container\" data-e-type=\"container\" data-settings=\"{&quot;background_background&quot;:&quot;classic&quot;}\">\n\t\t\t\t\t<div class=\"e-con-inner\">\n\t\t\t\t<div class=\"elementor-element elementor-element-c197519 elementor-widget elementor-widget-image\" data-id=\"c197519\" data-element_type=\"widget\" data-e-type=\"widget\" data-widget_type=\"image.default\">\n\t\t\t\t<div class=\"elementor-widget-container\">\n\t\t\t\t\t\t\t\t\t\t\t\t\t\t\t\t<a href=\"https:\/\/auriva-elevage.com\/wp-content\/uploads\/2023\/07\/Schema-Abondance-commissions.jpg\">\n\t\t\t\t\t\t\t<img decoding=\"async\" width=\"768\" height=\"586\" src=\"https:\/\/auriva-elevage.com\/wp-content\/uploads\/2023\/07\/Schema-Abondance-commissions-web-768x586.png\" class=\"attachment-medium_large size-medium_large wp-image-5164\" alt=\"Schema de la race Abondance\" srcset=\"https:\/\/auriva-elevage.com\/wp-content\/uploads\/2023\/07\/Schema-Abondance-commissions-web-768x586.png 768w, https:\/\/auriva-elevage.com\/wp-content\/uploads\/2023\/07\/Schema-Abondance-commissions-web-300x229.png 300w, https:\/\/auriva-elevage.com\/wp-content\/uploads\/2023\/07\/Schema-Abondance-commissions-web-1024x782.png 1024w, https:\/\/auriva-elevage.com\/wp-content\/uploads\/2023\/07\/Schema-Abondance-commissions-web-98x75.png 98w, https:\/\/auriva-elevage.com\/wp-content\/uploads\/2023\/07\/Schema-Abondance-commissions-web-480x366.png 480w, https:\/\/auriva-elevage.com\/wp-content\/uploads\/2023\/07\/Schema-Abondance-commissions-web.png 1200w\" sizes=\"(max-width:767px) 480px, (max-width:768px) 100vw, 768px\" \/>\t\t\t\t\t\t\t\t<\/a>\n\t\t\t\t\t\t\t\t\t\t\t\t\t\t\t<\/div>\n\t\t\t\t<\/div>\n\t\t\t\t<div class=\"elementor-element elementor-element-c91566e elementor-widget elementor-widget-spacer\" data-id=\"c91566e\" data-element_type=\"widget\" data-e-type=\"widget\" data-widget_type=\"spacer.default\">\n\t\t\t\t<div class=\"elementor-widget-container\">\n\t\t\t\t\t\t\t<div class=\"elementor-spacer\">\n\t\t\t<div class=\"elementor-spacer-inner\"><\/div>\n\t\t<\/div>\n\t\t\t\t\t\t<\/div>\n\t\t\t\t<\/div>\n\t\t\t\t<div class=\"elementor-element elementor-element-0f915a0 elementor-align-center elementor-widget elementor-widget-button\" data-id=\"0f915a0\" data-element_type=\"widget\" data-e-type=\"widget\" data-widget_type=\"button.default\">\n\t\t\t\t<div class=\"elementor-widget-container\">\n\t\t\t\t\t\t\t\t\t<div class=\"elementor-button-wrapper\">\n\t\t\t\t\t<a class=\"elementor-button elementor-button-link elementor-size-sm\" href=\"https:\/\/auriva-elevage.com\/wp-content\/uploads\/2023\/07\/Schema-Abondance-commissions.jpg\">\n\t\t\t\t\t\t<span class=\"elementor-button-content-wrapper\">\n\t\t\t\t\t\t\t\t\t<span class=\"elementor-button-text\">View larger image<\/span>\n\t\t\t\t\t<\/span>\n\t\t\t\t\t<\/a>\n\t\t\t\t<\/div>\n\t\t\t\t\t\t\t\t<\/div>\n\t\t\t\t<\/div>\n\t\t\t\t\t<\/div>\n\t\t\t\t<\/div>\n\t\t\t\t<\/div>\n\t\t","protected":false},"excerpt":{"rendered":"<p>SELECTION CHART ABONDANCE The fruit of the joint efforts of<span class=\"excerpt-hellip\"> [\u2026]<\/span><\/p>\n","protected":false},"author":3,"featured_media":0,"parent":6844,"menu_order":0,"comment_status":"open","ping_status":"closed","template":"elementor_header_footer","meta":{"footnotes":""},"class_list":["post-7213","page","type-page","status-publish","hentry"],"yoast_head":"<!-- This site is optimized with the Yoast SEO plugin v27.3 - https:\/\/yoast.com\/product\/yoast-seo-wordpress\/ -->\n<title>Abondance selection chart - AURIVA-Elevage.com<\/title>\n<meta name=\"robots\" content=\"index, follow, max-snippet:-1, max-image-preview:large, max-video-preview:-1\" \/>\n<link rel=\"canonical\" href=\"https:\/\/auriva-elevage.com\/en\/abondance\/abondance-selection-chart\/\" \/>\n<meta property=\"og:locale\" content=\"en_US\" \/>\n<meta property=\"og:type\" content=\"article\" \/>\n<meta property=\"og:title\" content=\"Abondance selection chart - AURIVA-Elevage.com\" \/>\n<meta property=\"og:description\" content=\"SELECTION CHART ABONDANCE The fruit of the joint efforts of [\u2026]\" \/>\n<meta property=\"og:url\" content=\"https:\/\/auriva-elevage.com\/en\/abondance\/abondance-selection-chart\/\" \/>\n<meta property=\"og:site_name\" content=\"AURIVA-Elevage.com\" \/>\n<meta property=\"article:publisher\" content=\"https:\/\/www.facebook.com\/aurivaelevage\/\" \/>\n<meta property=\"article:modified_time\" content=\"2023-11-28T09:20:57+00:00\" \/>\n<meta property=\"og:image\" content=\"https:\/\/auriva-elevage.com\/wp-content\/uploads\/2023\/05\/ILLU-7-1024x684.jpg\" \/>\n<meta name=\"twitter:card\" content=\"summary_large_image\" \/>\n<meta name=\"twitter:label1\" content=\"Est. reading time\" \/>\n\t<meta name=\"twitter:data1\" content=\"1 minute\" \/>\n<script type=\"application\/ld+json\" class=\"yoast-schema-graph\">{\"@context\":\"https:\\\/\\\/schema.org\",\"@graph\":[{\"@type\":\"WebPage\",\"@id\":\"https:\\\/\\\/auriva-elevage.com\\\/en\\\/abondance\\\/abondance-selection-chart\\\/\",\"url\":\"https:\\\/\\\/auriva-elevage.com\\\/en\\\/abondance\\\/abondance-selection-chart\\\/\",\"name\":\"Abondance selection chart - AURIVA-Elevage.com\",\"isPartOf\":{\"@id\":\"https:\\\/\\\/auriva-elevage.com\\\/en\\\/#website\"},\"primaryImageOfPage\":{\"@id\":\"https:\\\/\\\/auriva-elevage.com\\\/en\\\/abondance\\\/abondance-selection-chart\\\/#primaryimage\"},\"image\":{\"@id\":\"https:\\\/\\\/auriva-elevage.com\\\/en\\\/abondance\\\/abondance-selection-chart\\\/#primaryimage\"},\"thumbnailUrl\":\"https:\\\/\\\/auriva-elevage.com\\\/wp-content\\\/uploads\\\/2023\\\/05\\\/ILLU-7-1024x684.jpg\",\"datePublished\":\"2023-07-13T13:35:36+00:00\",\"dateModified\":\"2023-11-28T09:20:57+00:00\",\"breadcrumb\":{\"@id\":\"https:\\\/\\\/auriva-elevage.com\\\/en\\\/abondance\\\/abondance-selection-chart\\\/#breadcrumb\"},\"inLanguage\":\"en-US\",\"potentialAction\":[{\"@type\":\"ReadAction\",\"target\":[\"https:\\\/\\\/auriva-elevage.com\\\/en\\\/abondance\\\/abondance-selection-chart\\\/\"]}]},{\"@type\":\"ImageObject\",\"inLanguage\":\"en-US\",\"@id\":\"https:\\\/\\\/auriva-elevage.com\\\/en\\\/abondance\\\/abondance-selection-chart\\\/#primaryimage\",\"url\":\"https:\\\/\\\/auriva-elevage.com\\\/wp-content\\\/uploads\\\/2023\\\/05\\\/ILLU-7-1024x684.jpg\",\"contentUrl\":\"https:\\\/\\\/auriva-elevage.com\\\/wp-content\\\/uploads\\\/2023\\\/05\\\/ILLU-7-1024x684.jpg\"},{\"@type\":\"BreadcrumbList\",\"@id\":\"https:\\\/\\\/auriva-elevage.com\\\/en\\\/abondance\\\/abondance-selection-chart\\\/#breadcrumb\",\"itemListElement\":[{\"@type\":\"ListItem\",\"position\":1,\"name\":\"Accueil\",\"item\":\"https:\\\/\\\/auriva-elevage.com\\\/en\\\/home\\\/\"},{\"@type\":\"ListItem\",\"position\":2,\"name\":\"ABONDANCE\",\"item\":\"https:\\\/\\\/auriva-elevage.com\\\/en\\\/abondance\\\/\"},{\"@type\":\"ListItem\",\"position\":3,\"name\":\"Abondance selection chart\"}]},{\"@type\":\"WebSite\",\"@id\":\"https:\\\/\\\/auriva-elevage.com\\\/en\\\/#website\",\"url\":\"https:\\\/\\\/auriva-elevage.com\\\/en\\\/\",\"name\":\"AURIVA-Elevage\",\"description\":\"L&#039;\u00e9levage nouvelle g\u00e9n\u00e9ration\",\"publisher\":{\"@id\":\"https:\\\/\\\/auriva-elevage.com\\\/en\\\/#organization\"},\"potentialAction\":[{\"@type\":\"SearchAction\",\"target\":{\"@type\":\"EntryPoint\",\"urlTemplate\":\"https:\\\/\\\/auriva-elevage.com\\\/en\\\/?s={search_term_string}\"},\"query-input\":{\"@type\":\"PropertyValueSpecification\",\"valueRequired\":true,\"valueName\":\"search_term_string\"}}],\"inLanguage\":\"en-US\"},{\"@type\":\"Organization\",\"@id\":\"https:\\\/\\\/auriva-elevage.com\\\/en\\\/#organization\",\"name\":\"AURIVA-Elevage\",\"url\":\"https:\\\/\\\/auriva-elevage.com\\\/en\\\/\",\"logo\":{\"@type\":\"ImageObject\",\"inLanguage\":\"en-US\",\"@id\":\"https:\\\/\\\/auriva-elevage.com\\\/en\\\/#\\\/schema\\\/logo\\\/image\\\/\",\"url\":\"https:\\\/\\\/auriva-elevage.com\\\/wp-content\\\/uploads\\\/2022\\\/12\\\/Auriva_RVB-blancorange200.png\",\"contentUrl\":\"https:\\\/\\\/auriva-elevage.com\\\/wp-content\\\/uploads\\\/2022\\\/12\\\/Auriva_RVB-blancorange200.png\",\"width\":200,\"height\":178,\"caption\":\"AURIVA-Elevage\"},\"image\":{\"@id\":\"https:\\\/\\\/auriva-elevage.com\\\/en\\\/#\\\/schema\\\/logo\\\/image\\\/\"},\"sameAs\":[\"https:\\\/\\\/www.facebook.com\\\/aurivaelevage\\\/\",\"https:\\\/\\\/www.instagram.com\\\/auriva_elevage\\\/\",\"https:\\\/\\\/www.youtube.com\\\/channel\\\/UCJZKuf_iczqPTU6v0Gu1Hlw\",\"https:\\\/\\\/www.linkedin.com\\\/company\\\/10562979\\\/admin\\\/\"]}]}<\/script>\n<!-- \/ Yoast SEO plugin. -->","yoast_head_json":{"title":"Abondance selection chart - AURIVA-Elevage.com","robots":{"index":"index","follow":"follow","max-snippet":"max-snippet:-1","max-image-preview":"max-image-preview:large","max-video-preview":"max-video-preview:-1"},"canonical":"https:\/\/auriva-elevage.com\/en\/abondance\/abondance-selection-chart\/","og_locale":"en_US","og_type":"article","og_title":"Abondance selection chart - AURIVA-Elevage.com","og_description":"SELECTION CHART ABONDANCE The fruit of the joint efforts of [\u2026]","og_url":"https:\/\/auriva-elevage.com\/en\/abondance\/abondance-selection-chart\/","og_site_name":"AURIVA-Elevage.com","article_publisher":"https:\/\/www.facebook.com\/aurivaelevage\/","article_modified_time":"2023-11-28T09:20:57+00:00","og_image":[{"url":"https:\/\/auriva-elevage.com\/wp-content\/uploads\/2023\/05\/ILLU-7-1024x684.jpg","type":"","width":"","height":""}],"twitter_card":"summary_large_image","twitter_misc":{"Est. reading time":"1 minute"},"schema":{"@context":"https:\/\/schema.org","@graph":[{"@type":"WebPage","@id":"https:\/\/auriva-elevage.com\/en\/abondance\/abondance-selection-chart\/","url":"https:\/\/auriva-elevage.com\/en\/abondance\/abondance-selection-chart\/","name":"Abondance selection chart - AURIVA-Elevage.com","isPartOf":{"@id":"https:\/\/auriva-elevage.com\/en\/#website"},"primaryImageOfPage":{"@id":"https:\/\/auriva-elevage.com\/en\/abondance\/abondance-selection-chart\/#primaryimage"},"image":{"@id":"https:\/\/auriva-elevage.com\/en\/abondance\/abondance-selection-chart\/#primaryimage"},"thumbnailUrl":"https:\/\/auriva-elevage.com\/wp-content\/uploads\/2023\/05\/ILLU-7-1024x684.jpg","datePublished":"2023-07-13T13:35:36+00:00","dateModified":"2023-11-28T09:20:57+00:00","breadcrumb":{"@id":"https:\/\/auriva-elevage.com\/en\/abondance\/abondance-selection-chart\/#breadcrumb"},"inLanguage":"en-US","potentialAction":[{"@type":"ReadAction","target":["https:\/\/auriva-elevage.com\/en\/abondance\/abondance-selection-chart\/"]}]},{"@type":"ImageObject","inLanguage":"en-US","@id":"https:\/\/auriva-elevage.com\/en\/abondance\/abondance-selection-chart\/#primaryimage","url":"https:\/\/auriva-elevage.com\/wp-content\/uploads\/2023\/05\/ILLU-7-1024x684.jpg","contentUrl":"https:\/\/auriva-elevage.com\/wp-content\/uploads\/2023\/05\/ILLU-7-1024x684.jpg"},{"@type":"BreadcrumbList","@id":"https:\/\/auriva-elevage.com\/en\/abondance\/abondance-selection-chart\/#breadcrumb","itemListElement":[{"@type":"ListItem","position":1,"name":"Accueil","item":"https:\/\/auriva-elevage.com\/en\/home\/"},{"@type":"ListItem","position":2,"name":"ABONDANCE","item":"https:\/\/auriva-elevage.com\/en\/abondance\/"},{"@type":"ListItem","position":3,"name":"Abondance selection chart"}]},{"@type":"WebSite","@id":"https:\/\/auriva-elevage.com\/en\/#website","url":"https:\/\/auriva-elevage.com\/en\/","name":"AURIVA-Elevage","description":"L&#039;\u00e9levage nouvelle g\u00e9n\u00e9ration","publisher":{"@id":"https:\/\/auriva-elevage.com\/en\/#organization"},"potentialAction":[{"@type":"SearchAction","target":{"@type":"EntryPoint","urlTemplate":"https:\/\/auriva-elevage.com\/en\/?s={search_term_string}"},"query-input":{"@type":"PropertyValueSpecification","valueRequired":true,"valueName":"search_term_string"}}],"inLanguage":"en-US"},{"@type":"Organization","@id":"https:\/\/auriva-elevage.com\/en\/#organization","name":"AURIVA-Elevage","url":"https:\/\/auriva-elevage.com\/en\/","logo":{"@type":"ImageObject","inLanguage":"en-US","@id":"https:\/\/auriva-elevage.com\/en\/#\/schema\/logo\/image\/","url":"https:\/\/auriva-elevage.com\/wp-content\/uploads\/2022\/12\/Auriva_RVB-blancorange200.png","contentUrl":"https:\/\/auriva-elevage.com\/wp-content\/uploads\/2022\/12\/Auriva_RVB-blancorange200.png","width":200,"height":178,"caption":"AURIVA-Elevage"},"image":{"@id":"https:\/\/auriva-elevage.com\/en\/#\/schema\/logo\/image\/"},"sameAs":["https:\/\/www.facebook.com\/aurivaelevage\/","https:\/\/www.instagram.com\/auriva_elevage\/","https:\/\/www.youtube.com\/channel\/UCJZKuf_iczqPTU6v0Gu1Hlw","https:\/\/www.linkedin.com\/company\/10562979\/admin\/"]}]}},"_links":{"self":[{"href":"https:\/\/auriva-elevage.com\/en\/wp-json\/wp\/v2\/pages\/7213","targetHints":{"allow":["GET"]}}],"collection":[{"href":"https:\/\/auriva-elevage.com\/en\/wp-json\/wp\/v2\/pages"}],"about":[{"href":"https:\/\/auriva-elevage.com\/en\/wp-json\/wp\/v2\/types\/page"}],"author":[{"embeddable":true,"href":"https:\/\/auriva-elevage.com\/en\/wp-json\/wp\/v2\/users\/3"}],"replies":[{"embeddable":true,"href":"https:\/\/auriva-elevage.com\/en\/wp-json\/wp\/v2\/comments?post=7213"}],"version-history":[{"count":1,"href":"https:\/\/auriva-elevage.com\/en\/wp-json\/wp\/v2\/pages\/7213\/revisions"}],"predecessor-version":[{"id":7214,"href":"https:\/\/auriva-elevage.com\/en\/wp-json\/wp\/v2\/pages\/7213\/revisions\/7214"}],"up":[{"embeddable":true,"href":"https:\/\/auriva-elevage.com\/en\/wp-json\/wp\/v2\/pages\/6844"}],"wp:attachment":[{"href":"https:\/\/auriva-elevage.com\/en\/wp-json\/wp\/v2\/media?parent=7213"}],"curies":[{"name":"wp","href":"https:\/\/api.w.org\/{rel}","templated":true}]}}