{"id":6858,"date":"2023-07-13T15:35:36","date_gmt":"2023-07-13T13:35:36","guid":{"rendered":"https:\/\/auriva-elevage.com\/__trashed\/esquema-de-seleccion-abondance\/"},"modified":"2023-11-28T10:20:36","modified_gmt":"2023-11-28T09:20:36","slug":"esquema-de-seleccion-abondance","status":"publish","type":"page","link":"https:\/\/auriva-elevage.com\/es\/abondance\/esquema-de-seleccion-abondance\/","title":{"rendered":"Esquema de selecci\u00f3n Abondance"},"content":{"rendered":"\t\t<div data-elementor-type=\"wp-page\" data-elementor-id=\"6858\" class=\"elementor elementor-6858 elementor-5193\" data-elementor-settings=\"{&quot;ha_cmc_init_switcher&quot;:&quot;no&quot;}\" data-elementor-post-type=\"page\">\n\t\t\t\t<div class=\"elementor-element elementor-element-e7eb626 e-flex e-con-boxed e-con e-parent\" data-id=\"e7eb626\" data-element_type=\"container\" data-e-type=\"container\" data-settings=\"{&quot;background_background&quot;:&quot;classic&quot;}\">\n\t\t\t\t\t<div class=\"e-con-inner\">\n\t\t<div class=\"elementor-element elementor-element-a4648c2 e-flex e-con-boxed e-con e-parent\" data-id=\"a4648c2\" data-element_type=\"container\" data-e-type=\"container\">\n\t\t\t\t\t<div class=\"e-con-inner\">\n\t\t\t\t<div class=\"elementor-element elementor-element-8338ff9 elementor-align-right elementor-widget elementor-widget-breadcrumbs\" data-id=\"8338ff9\" data-element_type=\"widget\" data-e-type=\"widget\" data-widget_type=\"breadcrumbs.default\">\n\t\t\t\t<div class=\"elementor-widget-container\">\n\t\t\t\t\t<p id=\"breadcrumbs\"><span><span><a href=\"https:\/\/auriva-elevage.com\/es\/inicio\/\">Accueil<\/a><\/span><\/span><\/p>\t\t\t\t<\/div>\n\t\t\t\t<\/div>\n\t\t\t\t\t<\/div>\n\t\t\t\t<\/div>\n\t\t\t\t\t<\/div>\n\t\t\t\t<\/div>\n\t\t<div class=\"elementor-element elementor-element-d141e79 e-flex e-con-boxed e-con e-parent\" data-id=\"d141e79\" data-element_type=\"container\" data-e-type=\"container\" data-settings=\"{&quot;background_background&quot;:&quot;classic&quot;}\">\n\t\t\t\t\t<div class=\"e-con-inner\">\n\t\t<div class=\"elementor-element elementor-element-5aff6d0 e-con-full e-flex e-con e-parent\" data-id=\"5aff6d0\" data-element_type=\"container\" data-e-type=\"container\">\n\t\t\t\t<div class=\"elementor-element elementor-element-a040e41 elementor-widget elementor-widget-text-editor\" data-id=\"a040e41\" data-element_type=\"widget\" data-e-type=\"widget\" data-widget_type=\"text-editor.default\">\n\t\t\t\t<div class=\"elementor-widget-container\">\n\t\t\t\t\t\t\t\t\t<h6><span style=\"color: #feba4d;\">CUADRO DE SELECCI\u00d3N<\/span><\/h6>\n<h1><span style=\"color: #000000;\">ABONDANZA<\/span><\/h1>\n\t\t\t\t\t\t\t\t<\/div>\n\t\t\t\t<\/div>\n\t\t\t\t<div class=\"elementor-element elementor-element-a870c19 elementor-widget elementor-widget-image\" data-id=\"a870c19\" data-element_type=\"widget\" data-e-type=\"widget\" data-widget_type=\"image.default\">\n\t\t\t\t<div class=\"elementor-widget-container\">\n\t\t\t\t\t\t\t\t\t\t\t\t\t\t\t<img fetchpriority=\"high\" decoding=\"async\" width=\"1024\" height=\"684\" src=\"https:\/\/auriva-elevage.com\/wp-content\/uploads\/2023\/05\/ILLU-7-1024x684.jpg\" class=\"attachment-large size-large wp-image-4563\" alt=\"\" srcset=\"https:\/\/auriva-elevage.com\/wp-content\/uploads\/2023\/05\/ILLU-7-1024x684.jpg 1024w, https:\/\/auriva-elevage.com\/wp-content\/uploads\/2023\/05\/ILLU-7-300x200.jpg 300w, https:\/\/auriva-elevage.com\/wp-content\/uploads\/2023\/05\/ILLU-7-768x513.jpg 768w, https:\/\/auriva-elevage.com\/wp-content\/uploads\/2023\/05\/ILLU-7-219x146.jpg 219w, https:\/\/auriva-elevage.com\/wp-content\/uploads\/2023\/05\/ILLU-7-50x33.jpg 50w, https:\/\/auriva-elevage.com\/wp-content\/uploads\/2023\/05\/ILLU-7-112x75.jpg 112w, https:\/\/auriva-elevage.com\/wp-content\/uploads\/2023\/05\/ILLU-7-480x321.jpg 480w, https:\/\/auriva-elevage.com\/wp-content\/uploads\/2023\/05\/ILLU-7.jpg 1529w\" sizes=\"(max-width:767px) 480px, (max-width:1024px) 100vw, 1024px\" \/>\t\t\t\t\t\t\t\t\t\t\t\t\t\t\t<\/div>\n\t\t\t\t<\/div>\n\t\t\t\t<\/div>\n\t\t<div class=\"elementor-element elementor-element-5f703ca e-con-full e-flex e-con e-parent\" data-id=\"5f703ca\" data-element_type=\"container\" data-e-type=\"container\">\n\t\t\t\t<div class=\"elementor-element elementor-element-a1f2b4a elementor-widget elementor-widget-text-editor\" data-id=\"a1f2b4a\" data-element_type=\"widget\" data-e-type=\"widget\" data-widget_type=\"text-editor.default\">\n\t\t\t\t<div class=\"elementor-widget-container\">\n\t\t\t\t\t\t\t\t\t<p>Fruto del trabajo conjunto de AURIVA, la OS RAR y los ganaderos implicados, descubre o redescubre el esquema de selecci\u00f3n de los toros de Abondance y c\u00f3mo se seleccionan los mejores toros de la raza.<\/p>\n<p>Cada a\u00f1o, el Comit\u00e9 de Gen\u00e9tica selecciona entre 45 y 50 toros machos y define los requisitos m\u00ednimos para cada una de las 24.000 hembras presentadas a las pruebas de leche. A partir de las aproximadamente 3500 vacas que cumplen todos estos umbrales, VARGEN propone los 600 apareamientos m\u00e1s adecuados para gestionar la variabilidad y el progreso gen\u00e9tico.<\/p>\n<p>A continuaci\u00f3n, los t\u00e9cnicos de la raza califican entre 350 y 400 apareamientos durante las visitas t\u00e9cnicas a las explotaciones.  <\/p>\n<p>Alrededor de 170 terneros machos nacen y son genotipados al a\u00f1o siguiente. Tras ser clasificados por el comit\u00e9 del plan, s\u00f3lo 28 de ellos entran en la estaci\u00f3n de cr\u00eda.<\/p>\n<p>Antes de que comience la producci\u00f3n, se realiza una selecci\u00f3n final para elegir los 20 toros gen\u00f3micos de la serie, buscando la m\u00e1xima diversidad en los perfiles y or\u00edgenes propuestos.<\/p>\n<p>La oferta gen\u00f3mica se completa con una gama de toros confirmados. Se trata, pues, de ofrecer una combinaci\u00f3n de usos en las explotaciones para favorecer el mayor progreso gen\u00e9tico individual y colectivo posible.  <\/p>\n\t\t\t\t\t\t\t\t<\/div>\n\t\t\t\t<\/div>\n\t\t\t\t<\/div>\n\t\t\t\t\t<\/div>\n\t\t\t\t<\/div>\n\t\t<div class=\"elementor-element elementor-element-7a984aa e-flex e-con-boxed e-con e-parent\" data-id=\"7a984aa\" data-element_type=\"container\" data-e-type=\"container\" data-settings=\"{&quot;background_background&quot;:&quot;classic&quot;}\">\n\t\t\t\t\t<div class=\"e-con-inner\">\n\t\t\t\t<div class=\"elementor-element elementor-element-c197519 elementor-widget elementor-widget-image\" data-id=\"c197519\" data-element_type=\"widget\" data-e-type=\"widget\" data-widget_type=\"image.default\">\n\t\t\t\t<div class=\"elementor-widget-container\">\n\t\t\t\t\t\t\t\t\t\t\t\t\t\t\t\t<a href=\"https:\/\/auriva-elevage.com\/wp-content\/uploads\/2023\/07\/Schema-Abondance-commissions.jpg\">\n\t\t\t\t\t\t\t<img decoding=\"async\" width=\"768\" height=\"586\" src=\"https:\/\/auriva-elevage.com\/wp-content\/uploads\/2023\/07\/Schema-Abondance-commissions-web-768x586.png\" class=\"attachment-medium_large size-medium_large wp-image-5165\" alt=\"Schema de la race Abondance\" srcset=\"https:\/\/auriva-elevage.com\/wp-content\/uploads\/2023\/07\/Schema-Abondance-commissions-web-768x586.png 768w, https:\/\/auriva-elevage.com\/wp-content\/uploads\/2023\/07\/Schema-Abondance-commissions-web-300x229.png 300w, https:\/\/auriva-elevage.com\/wp-content\/uploads\/2023\/07\/Schema-Abondance-commissions-web-1024x782.png 1024w, https:\/\/auriva-elevage.com\/wp-content\/uploads\/2023\/07\/Schema-Abondance-commissions-web-98x75.png 98w, https:\/\/auriva-elevage.com\/wp-content\/uploads\/2023\/07\/Schema-Abondance-commissions-web-480x366.png 480w, https:\/\/auriva-elevage.com\/wp-content\/uploads\/2023\/07\/Schema-Abondance-commissions-web.png 1200w\" sizes=\"(max-width:767px) 480px, (max-width:768px) 100vw, 768px\" \/>\t\t\t\t\t\t\t\t<\/a>\n\t\t\t\t\t\t\t\t\t\t\t\t\t\t\t<\/div>\n\t\t\t\t<\/div>\n\t\t\t\t<div class=\"elementor-element elementor-element-c91566e elementor-widget elementor-widget-spacer\" data-id=\"c91566e\" data-element_type=\"widget\" data-e-type=\"widget\" data-widget_type=\"spacer.default\">\n\t\t\t\t<div class=\"elementor-widget-container\">\n\t\t\t\t\t\t\t<div class=\"elementor-spacer\">\n\t\t\t<div class=\"elementor-spacer-inner\"><\/div>\n\t\t<\/div>\n\t\t\t\t\t\t<\/div>\n\t\t\t\t<\/div>\n\t\t\t\t<div class=\"elementor-element elementor-element-0f915a0 elementor-align-center elementor-widget elementor-widget-button\" data-id=\"0f915a0\" data-element_type=\"widget\" data-e-type=\"widget\" data-widget_type=\"button.default\">\n\t\t\t\t<div class=\"elementor-widget-container\">\n\t\t\t\t\t\t\t\t\t<div class=\"elementor-button-wrapper\">\n\t\t\t\t\t<a class=\"elementor-button elementor-button-link elementor-size-sm\" href=\"https:\/\/auriva-elevage.com\/wp-content\/uploads\/2023\/07\/Schema-Abondance-commissions.jpg\">\n\t\t\t\t\t\t<span class=\"elementor-button-content-wrapper\">\n\t\t\t\t\t\t\t\t\t<span class=\"elementor-button-text\">Ampliar el diagrama<\/span>\n\t\t\t\t\t<\/span>\n\t\t\t\t\t<\/a>\n\t\t\t\t<\/div>\n\t\t\t\t\t\t\t\t<\/div>\n\t\t\t\t<\/div>\n\t\t\t\t\t<\/div>\n\t\t\t\t<\/div>\n\t\t\t\t<\/div>\n\t\t","protected":false},"excerpt":{"rendered":"<p>CUADRO DE SELECCI\u00d3N ABONDANZA Fruto del trabajo conjunto de AURIVA,<span class=\"excerpt-hellip\"> [\u2026]<\/span><\/p>\n","protected":false},"author":3,"featured_media":0,"parent":5170,"menu_order":0,"comment_status":"open","ping_status":"closed","template":"elementor_header_footer","meta":{"footnotes":""},"class_list":["post-6858","page","type-page","status-publish","hentry"],"yoast_head":"<!-- This site is optimized with the Yoast SEO plugin v27.3 - https:\/\/yoast.com\/product\/yoast-seo-wordpress\/ -->\n<title>Esquema de selecci\u00f3n Abondance - AURIVA-Elevage.com<\/title>\n<meta name=\"robots\" content=\"index, follow, max-snippet:-1, max-image-preview:large, max-video-preview:-1\" \/>\n<link rel=\"canonical\" href=\"https:\/\/auriva-elevage.com\/es\/abondance\/esquema-de-seleccion-abondance\/\" \/>\n<meta property=\"og:locale\" content=\"es_ES\" \/>\n<meta property=\"og:type\" content=\"article\" \/>\n<meta property=\"og:title\" content=\"Esquema de selecci\u00f3n Abondance - AURIVA-Elevage.com\" \/>\n<meta property=\"og:description\" content=\"CUADRO DE SELECCI\u00d3N ABONDANZA Fruto del trabajo conjunto de AURIVA, [\u2026]\" \/>\n<meta property=\"og:url\" content=\"https:\/\/auriva-elevage.com\/es\/abondance\/esquema-de-seleccion-abondance\/\" \/>\n<meta property=\"og:site_name\" content=\"AURIVA-Elevage.com\" \/>\n<meta property=\"article:publisher\" content=\"https:\/\/www.facebook.com\/aurivaelevage\/\" \/>\n<meta property=\"article:modified_time\" content=\"2023-11-28T09:20:36+00:00\" \/>\n<meta property=\"og:image\" content=\"https:\/\/auriva-elevage.com\/wp-content\/uploads\/2023\/05\/ILLU-7-1024x684.jpg\" \/>\n<meta name=\"twitter:card\" content=\"summary_large_image\" \/>\n<meta name=\"twitter:label1\" content=\"Tiempo de lectura\" \/>\n\t<meta name=\"twitter:data1\" content=\"1 minuto\" \/>\n<script type=\"application\/ld+json\" class=\"yoast-schema-graph\">{\"@context\":\"https:\\\/\\\/schema.org\",\"@graph\":[{\"@type\":\"WebPage\",\"@id\":\"https:\\\/\\\/auriva-elevage.com\\\/es\\\/abondance\\\/esquema-de-seleccion-abondance\\\/\",\"url\":\"https:\\\/\\\/auriva-elevage.com\\\/es\\\/abondance\\\/esquema-de-seleccion-abondance\\\/\",\"name\":\"Esquema de selecci\u00f3n Abondance - AURIVA-Elevage.com\",\"isPartOf\":{\"@id\":\"https:\\\/\\\/auriva-elevage.com\\\/es\\\/#website\"},\"primaryImageOfPage\":{\"@id\":\"https:\\\/\\\/auriva-elevage.com\\\/es\\\/abondance\\\/esquema-de-seleccion-abondance\\\/#primaryimage\"},\"image\":{\"@id\":\"https:\\\/\\\/auriva-elevage.com\\\/es\\\/abondance\\\/esquema-de-seleccion-abondance\\\/#primaryimage\"},\"thumbnailUrl\":\"https:\\\/\\\/auriva-elevage.com\\\/wp-content\\\/uploads\\\/2023\\\/05\\\/ILLU-7-1024x684.jpg\",\"datePublished\":\"2023-07-13T13:35:36+00:00\",\"dateModified\":\"2023-11-28T09:20:36+00:00\",\"breadcrumb\":{\"@id\":\"https:\\\/\\\/auriva-elevage.com\\\/es\\\/abondance\\\/esquema-de-seleccion-abondance\\\/#breadcrumb\"},\"inLanguage\":\"es\",\"potentialAction\":[{\"@type\":\"ReadAction\",\"target\":[\"https:\\\/\\\/auriva-elevage.com\\\/es\\\/abondance\\\/esquema-de-seleccion-abondance\\\/\"]}]},{\"@type\":\"ImageObject\",\"inLanguage\":\"es\",\"@id\":\"https:\\\/\\\/auriva-elevage.com\\\/es\\\/abondance\\\/esquema-de-seleccion-abondance\\\/#primaryimage\",\"url\":\"https:\\\/\\\/auriva-elevage.com\\\/wp-content\\\/uploads\\\/2023\\\/05\\\/ILLU-7-1024x684.jpg\",\"contentUrl\":\"https:\\\/\\\/auriva-elevage.com\\\/wp-content\\\/uploads\\\/2023\\\/05\\\/ILLU-7-1024x684.jpg\"},{\"@type\":\"BreadcrumbList\",\"@id\":\"https:\\\/\\\/auriva-elevage.com\\\/es\\\/abondance\\\/esquema-de-seleccion-abondance\\\/#breadcrumb\",\"itemListElement\":[{\"@type\":\"ListItem\",\"position\":1,\"name\":\"Accueil\",\"item\":\"https:\\\/\\\/auriva-elevage.com\\\/es\\\/inicio\\\/\"},{\"@type\":\"ListItem\",\"position\":2,\"name\":\"ABONDANZA\",\"item\":\"https:\\\/\\\/auriva-elevage.com\\\/es\\\/abondance\\\/\"},{\"@type\":\"ListItem\",\"position\":3,\"name\":\"Esquema de selecci\u00f3n Abondance\"}]},{\"@type\":\"WebSite\",\"@id\":\"https:\\\/\\\/auriva-elevage.com\\\/es\\\/#website\",\"url\":\"https:\\\/\\\/auriva-elevage.com\\\/es\\\/\",\"name\":\"AURIVA-Elevage\",\"description\":\"L&#039;\u00e9levage nouvelle g\u00e9n\u00e9ration\",\"publisher\":{\"@id\":\"https:\\\/\\\/auriva-elevage.com\\\/es\\\/#organization\"},\"potentialAction\":[{\"@type\":\"SearchAction\",\"target\":{\"@type\":\"EntryPoint\",\"urlTemplate\":\"https:\\\/\\\/auriva-elevage.com\\\/es\\\/?s={search_term_string}\"},\"query-input\":{\"@type\":\"PropertyValueSpecification\",\"valueRequired\":true,\"valueName\":\"search_term_string\"}}],\"inLanguage\":\"es\"},{\"@type\":\"Organization\",\"@id\":\"https:\\\/\\\/auriva-elevage.com\\\/es\\\/#organization\",\"name\":\"AURIVA-Elevage\",\"url\":\"https:\\\/\\\/auriva-elevage.com\\\/es\\\/\",\"logo\":{\"@type\":\"ImageObject\",\"inLanguage\":\"es\",\"@id\":\"https:\\\/\\\/auriva-elevage.com\\\/es\\\/#\\\/schema\\\/logo\\\/image\\\/\",\"url\":\"https:\\\/\\\/auriva-elevage.com\\\/wp-content\\\/uploads\\\/2022\\\/12\\\/Auriva_RVB-blancorange200.png\",\"contentUrl\":\"https:\\\/\\\/auriva-elevage.com\\\/wp-content\\\/uploads\\\/2022\\\/12\\\/Auriva_RVB-blancorange200.png\",\"width\":200,\"height\":178,\"caption\":\"AURIVA-Elevage\"},\"image\":{\"@id\":\"https:\\\/\\\/auriva-elevage.com\\\/es\\\/#\\\/schema\\\/logo\\\/image\\\/\"},\"sameAs\":[\"https:\\\/\\\/www.facebook.com\\\/aurivaelevage\\\/\",\"https:\\\/\\\/www.instagram.com\\\/auriva_elevage\\\/\",\"https:\\\/\\\/www.youtube.com\\\/channel\\\/UCJZKuf_iczqPTU6v0Gu1Hlw\",\"https:\\\/\\\/www.linkedin.com\\\/company\\\/10562979\\\/admin\\\/\"]}]}<\/script>\n<!-- \/ Yoast SEO plugin. -->","yoast_head_json":{"title":"Esquema de selecci\u00f3n Abondance - AURIVA-Elevage.com","robots":{"index":"index","follow":"follow","max-snippet":"max-snippet:-1","max-image-preview":"max-image-preview:large","max-video-preview":"max-video-preview:-1"},"canonical":"https:\/\/auriva-elevage.com\/es\/abondance\/esquema-de-seleccion-abondance\/","og_locale":"es_ES","og_type":"article","og_title":"Esquema de selecci\u00f3n Abondance - AURIVA-Elevage.com","og_description":"CUADRO DE SELECCI\u00d3N ABONDANZA Fruto del trabajo conjunto de AURIVA, [\u2026]","og_url":"https:\/\/auriva-elevage.com\/es\/abondance\/esquema-de-seleccion-abondance\/","og_site_name":"AURIVA-Elevage.com","article_publisher":"https:\/\/www.facebook.com\/aurivaelevage\/","article_modified_time":"2023-11-28T09:20:36+00:00","og_image":[{"url":"https:\/\/auriva-elevage.com\/wp-content\/uploads\/2023\/05\/ILLU-7-1024x684.jpg","type":"","width":"","height":""}],"twitter_card":"summary_large_image","twitter_misc":{"Tiempo de lectura":"1 minuto"},"schema":{"@context":"https:\/\/schema.org","@graph":[{"@type":"WebPage","@id":"https:\/\/auriva-elevage.com\/es\/abondance\/esquema-de-seleccion-abondance\/","url":"https:\/\/auriva-elevage.com\/es\/abondance\/esquema-de-seleccion-abondance\/","name":"Esquema de selecci\u00f3n Abondance - AURIVA-Elevage.com","isPartOf":{"@id":"https:\/\/auriva-elevage.com\/es\/#website"},"primaryImageOfPage":{"@id":"https:\/\/auriva-elevage.com\/es\/abondance\/esquema-de-seleccion-abondance\/#primaryimage"},"image":{"@id":"https:\/\/auriva-elevage.com\/es\/abondance\/esquema-de-seleccion-abondance\/#primaryimage"},"thumbnailUrl":"https:\/\/auriva-elevage.com\/wp-content\/uploads\/2023\/05\/ILLU-7-1024x684.jpg","datePublished":"2023-07-13T13:35:36+00:00","dateModified":"2023-11-28T09:20:36+00:00","breadcrumb":{"@id":"https:\/\/auriva-elevage.com\/es\/abondance\/esquema-de-seleccion-abondance\/#breadcrumb"},"inLanguage":"es","potentialAction":[{"@type":"ReadAction","target":["https:\/\/auriva-elevage.com\/es\/abondance\/esquema-de-seleccion-abondance\/"]}]},{"@type":"ImageObject","inLanguage":"es","@id":"https:\/\/auriva-elevage.com\/es\/abondance\/esquema-de-seleccion-abondance\/#primaryimage","url":"https:\/\/auriva-elevage.com\/wp-content\/uploads\/2023\/05\/ILLU-7-1024x684.jpg","contentUrl":"https:\/\/auriva-elevage.com\/wp-content\/uploads\/2023\/05\/ILLU-7-1024x684.jpg"},{"@type":"BreadcrumbList","@id":"https:\/\/auriva-elevage.com\/es\/abondance\/esquema-de-seleccion-abondance\/#breadcrumb","itemListElement":[{"@type":"ListItem","position":1,"name":"Accueil","item":"https:\/\/auriva-elevage.com\/es\/inicio\/"},{"@type":"ListItem","position":2,"name":"ABONDANZA","item":"https:\/\/auriva-elevage.com\/es\/abondance\/"},{"@type":"ListItem","position":3,"name":"Esquema de selecci\u00f3n Abondance"}]},{"@type":"WebSite","@id":"https:\/\/auriva-elevage.com\/es\/#website","url":"https:\/\/auriva-elevage.com\/es\/","name":"AURIVA-Elevage","description":"L&#039;\u00e9levage nouvelle g\u00e9n\u00e9ration","publisher":{"@id":"https:\/\/auriva-elevage.com\/es\/#organization"},"potentialAction":[{"@type":"SearchAction","target":{"@type":"EntryPoint","urlTemplate":"https:\/\/auriva-elevage.com\/es\/?s={search_term_string}"},"query-input":{"@type":"PropertyValueSpecification","valueRequired":true,"valueName":"search_term_string"}}],"inLanguage":"es"},{"@type":"Organization","@id":"https:\/\/auriva-elevage.com\/es\/#organization","name":"AURIVA-Elevage","url":"https:\/\/auriva-elevage.com\/es\/","logo":{"@type":"ImageObject","inLanguage":"es","@id":"https:\/\/auriva-elevage.com\/es\/#\/schema\/logo\/image\/","url":"https:\/\/auriva-elevage.com\/wp-content\/uploads\/2022\/12\/Auriva_RVB-blancorange200.png","contentUrl":"https:\/\/auriva-elevage.com\/wp-content\/uploads\/2022\/12\/Auriva_RVB-blancorange200.png","width":200,"height":178,"caption":"AURIVA-Elevage"},"image":{"@id":"https:\/\/auriva-elevage.com\/es\/#\/schema\/logo\/image\/"},"sameAs":["https:\/\/www.facebook.com\/aurivaelevage\/","https:\/\/www.instagram.com\/auriva_elevage\/","https:\/\/www.youtube.com\/channel\/UCJZKuf_iczqPTU6v0Gu1Hlw","https:\/\/www.linkedin.com\/company\/10562979\/admin\/"]}]}},"_links":{"self":[{"href":"https:\/\/auriva-elevage.com\/es\/wp-json\/wp\/v2\/pages\/6858","targetHints":{"allow":["GET"]}}],"collection":[{"href":"https:\/\/auriva-elevage.com\/es\/wp-json\/wp\/v2\/pages"}],"about":[{"href":"https:\/\/auriva-elevage.com\/es\/wp-json\/wp\/v2\/types\/page"}],"author":[{"embeddable":true,"href":"https:\/\/auriva-elevage.com\/es\/wp-json\/wp\/v2\/users\/3"}],"replies":[{"embeddable":true,"href":"https:\/\/auriva-elevage.com\/es\/wp-json\/wp\/v2\/comments?post=6858"}],"version-history":[{"count":11,"href":"https:\/\/auriva-elevage.com\/es\/wp-json\/wp\/v2\/pages\/6858\/revisions"}],"predecessor-version":[{"id":7169,"href":"https:\/\/auriva-elevage.com\/es\/wp-json\/wp\/v2\/pages\/6858\/revisions\/7169"}],"up":[{"embeddable":true,"href":"https:\/\/auriva-elevage.com\/es\/wp-json\/wp\/v2\/pages\/5170"}],"wp:attachment":[{"href":"https:\/\/auriva-elevage.com\/es\/wp-json\/wp\/v2\/media?parent=6858"}],"curies":[{"name":"wp","href":"https:\/\/api.w.org\/{rel}","templated":true}]}}