{"id":6871,"date":"2023-07-13T18:46:43","date_gmt":"2023-07-13T16:46:43","guid":{"rendered":"https:\/\/auriva-elevage.com\/esquema-de-seleccion-tarentais\/"},"modified":"2023-11-28T10:20:00","modified_gmt":"2023-11-28T09:20:00","slug":"esquema-de-seleccion-tarentais","status":"publish","type":"page","link":"https:\/\/auriva-elevage.com\/es\/tarentais\/esquema-de-seleccion-tarentais\/","title":{"rendered":"Esquema de selecci\u00f3n Tarentais"},"content":{"rendered":"\t\t<div data-elementor-type=\"wp-page\" data-elementor-id=\"6871\" class=\"elementor elementor-6871 elementor-5414\" data-elementor-settings=\"{&quot;ha_cmc_init_switcher&quot;:&quot;no&quot;}\" data-elementor-post-type=\"page\">\n\t\t\t\t<div class=\"elementor-element elementor-element-e7eb626 e-flex e-con-boxed e-con e-parent\" data-id=\"e7eb626\" data-element_type=\"container\" data-e-type=\"container\" data-settings=\"{&quot;background_background&quot;:&quot;classic&quot;}\">\n\t\t\t\t\t<div class=\"e-con-inner\">\n\t\t<div class=\"elementor-element elementor-element-a4648c2 e-flex e-con-boxed e-con e-parent\" data-id=\"a4648c2\" data-element_type=\"container\" data-e-type=\"container\">\n\t\t\t\t\t<div class=\"e-con-inner\">\n\t\t\t\t<div class=\"elementor-element elementor-element-8338ff9 elementor-align-right elementor-widget elementor-widget-breadcrumbs\" data-id=\"8338ff9\" data-element_type=\"widget\" data-e-type=\"widget\" data-widget_type=\"breadcrumbs.default\">\n\t\t\t\t<div class=\"elementor-widget-container\">\n\t\t\t\t\t<p id=\"breadcrumbs\"><span><span><a href=\"https:\/\/auriva-elevage.com\/es\/inicio\/\">Accueil<\/a><\/span><\/span><\/p>\t\t\t\t<\/div>\n\t\t\t\t<\/div>\n\t\t\t\t\t<\/div>\n\t\t\t\t<\/div>\n\t\t\t\t\t<\/div>\n\t\t\t\t<\/div>\n\t\t<div class=\"elementor-element elementor-element-d141e79 e-flex e-con-boxed e-con e-parent\" data-id=\"d141e79\" data-element_type=\"container\" data-e-type=\"container\" data-settings=\"{&quot;background_background&quot;:&quot;classic&quot;}\">\n\t\t\t\t\t<div class=\"e-con-inner\">\n\t\t<div class=\"elementor-element elementor-element-5aff6d0 e-con-full e-flex e-con e-parent\" data-id=\"5aff6d0\" data-element_type=\"container\" data-e-type=\"container\">\n\t\t\t\t<div class=\"elementor-element elementor-element-a040e41 elementor-widget elementor-widget-text-editor\" data-id=\"a040e41\" data-element_type=\"widget\" data-e-type=\"widget\" data-widget_type=\"text-editor.default\">\n\t\t\t\t<div class=\"elementor-widget-container\">\n\t\t\t\t\t\t\t\t\t<h6><span style=\"color: #feba4d;\">CUADRO DE SELECCI\u00d3N<\/span><\/h6>\n<h1><span style=\"color: #000000;\">TARENTAIS<\/span><\/h1>\n\t\t\t\t\t\t\t\t<\/div>\n\t\t\t\t<\/div>\n\t\t\t\t<div class=\"elementor-element elementor-element-a870c19 elementor-widget elementor-widget-image\" data-id=\"a870c19\" data-element_type=\"widget\" data-e-type=\"widget\" data-widget_type=\"image.default\">\n\t\t\t\t<div class=\"elementor-widget-container\">\n\t\t\t\t\t\t\t\t\t\t\t\t\t\t\t<img fetchpriority=\"high\" decoding=\"async\" width=\"1000\" height=\"667\" src=\"https:\/\/auriva-elevage.com\/wp-content\/uploads\/2023\/07\/TM-016.jpg\" class=\"attachment-large size-large wp-image-5422\" alt=\"Troupeau de Tarine en Alpage\" srcset=\"https:\/\/auriva-elevage.com\/wp-content\/uploads\/2023\/07\/TM-016.jpg 1000w, https:\/\/auriva-elevage.com\/wp-content\/uploads\/2023\/07\/TM-016-300x200.jpg 300w, https:\/\/auriva-elevage.com\/wp-content\/uploads\/2023\/07\/TM-016-768x512.jpg 768w, https:\/\/auriva-elevage.com\/wp-content\/uploads\/2023\/07\/TM-016-112x75.jpg 112w, https:\/\/auriva-elevage.com\/wp-content\/uploads\/2023\/07\/TM-016-480x320.jpg 480w\" sizes=\"(max-width:767px) 480px, (max-width:1000px) 100vw, 1000px\" \/>\t\t\t\t\t\t\t\t\t\t\t\t\t\t\t<\/div>\n\t\t\t\t<\/div>\n\t\t\t\t<\/div>\n\t\t<div class=\"elementor-element elementor-element-5f703ca e-con-full e-flex e-con e-parent\" data-id=\"5f703ca\" data-element_type=\"container\" data-e-type=\"container\">\n\t\t\t\t<div class=\"elementor-element elementor-element-2e3e93a elementor-widget elementor-widget-heading\" data-id=\"2e3e93a\" data-element_type=\"widget\" data-e-type=\"widget\" data-widget_type=\"heading.default\">\n\t\t\t\t<div class=\"elementor-widget-container\">\n\t\t\t\t\t<h3 class=\"elementor-heading-title elementor-size-default\">\u00a1Rumbo a la actuaci\u00f3n!<\/h3>\t\t\t\t<\/div>\n\t\t\t\t<\/div>\n\t\t\t\t<div class=\"elementor-element elementor-element-a1f2b4a elementor-widget elementor-widget-text-editor\" data-id=\"a1f2b4a\" data-element_type=\"widget\" data-e-type=\"widget\" data-widget_type=\"text-editor.default\">\n\t\t\t\t<div class=\"elementor-widget-container\">\n\t\t\t\t\t\t\t\t\t<p>Fruto de los esfuerzos conjuntos de AURIVA, Cap Tarentaise y los criadores implicados, a continuaci\u00f3n le mostramos c\u00f3mo funciona el esquema de selecci\u00f3n Tarentaise.  <\/p>\n<p>Cada a\u00f1o, el comit\u00e9 de producto de Cap Tarentaise selecciona entre 50 y 80 toros machos y establece normas m\u00ednimas para cada una de las 16.800 hembras inscritas en el registro lechero. A partir de las cerca de 1.500 vacas que cumplen todos estos umbrales, VARGEN propone a continuaci\u00f3n los 600 apareamientos m\u00e1s adecuados para gestionar la variabilidad y el progreso gen\u00e9tico.<\/p>\n<p>A continuaci\u00f3n, los t\u00e9cnicos de la raza califican de 350 a 400 apareamientos madre-hijo (MAT) durante las visitas t\u00e9cnicas a las explotaciones. Al a\u00f1o siguiente nacen unos 120 terneros machos y se les asigna un genotipo. S\u00f3lo 25 de ellos entran en la estaci\u00f3n de cr\u00eda tras ser clasificados por la comisi\u00f3n gen\u00e9tica.<\/p>\n<p>Por \u00faltimo, antes de que los toros entren en producci\u00f3n, se realiza una selecci\u00f3n final para elegir los 18 toros de la serie, buscando la m\u00e1xima diversidad en los perfiles ofrecidos y los or\u00edgenes.<\/p>\n<p>Cada a\u00f1o, ofertas gen\u00e9ticas de este nivel de calidad no existir\u00edan sin el compromiso diario de los criadores y la confianza que depositan en los t\u00e9cnicos de la raza. Este plan refleja compromisos mutuos, decisiones fuertes como el paso a la gen\u00f3mica hace algunos a\u00f1os, pero sobre todo resultados y progresos gen\u00e9ticos para el desarrollo de la raza, de sus sectores y sobre todo de sus ganaderos.  <\/p>\n\t\t\t\t\t\t\t\t<\/div>\n\t\t\t\t<\/div>\n\t\t\t\t<\/div>\n\t\t\t\t\t<\/div>\n\t\t\t\t<\/div>\n\t\t<div class=\"elementor-element elementor-element-7a984aa e-flex e-con-boxed e-con e-parent\" data-id=\"7a984aa\" data-element_type=\"container\" data-e-type=\"container\" data-settings=\"{&quot;background_background&quot;:&quot;classic&quot;}\">\n\t\t\t\t\t<div class=\"e-con-inner\">\n\t\t\t\t<div class=\"elementor-element elementor-element-c197519 elementor-widget elementor-widget-image\" data-id=\"c197519\" data-element_type=\"widget\" data-e-type=\"widget\" data-widget_type=\"image.default\">\n\t\t\t\t<div class=\"elementor-widget-container\">\n\t\t\t\t\t\t\t\t\t\t\t\t\t\t\t\t<a href=\"https:\/\/auriva-elevage.com\/wp-content\/uploads\/2023\/07\/Schema-Tarin-commissions-web.jpg\">\n\t\t\t\t\t\t\t<img decoding=\"async\" width=\"595\" height=\"425\" src=\"https:\/\/auriva-elevage.com\/wp-content\/uploads\/2023\/07\/Schema-Tarin-commissions-web.png\" class=\"attachment-medium_large size-medium_large wp-image-5434\" alt=\"\" srcset=\"https:\/\/auriva-elevage.com\/wp-content\/uploads\/2023\/07\/Schema-Tarin-commissions-web.png 595w, https:\/\/auriva-elevage.com\/wp-content\/uploads\/2023\/07\/Schema-Tarin-commissions-web-300x214.png 300w, https:\/\/auriva-elevage.com\/wp-content\/uploads\/2023\/07\/Schema-Tarin-commissions-web-105x75.png 105w, https:\/\/auriva-elevage.com\/wp-content\/uploads\/2023\/07\/Schema-Tarin-commissions-web-480x343.png 480w\" sizes=\"(max-width:767px) 480px, 595px\" \/>\t\t\t\t\t\t\t\t<\/a>\n\t\t\t\t\t\t\t\t\t\t\t\t\t\t\t<\/div>\n\t\t\t\t<\/div>\n\t\t\t\t<div class=\"elementor-element elementor-element-c91566e elementor-widget elementor-widget-spacer\" data-id=\"c91566e\" data-element_type=\"widget\" data-e-type=\"widget\" data-widget_type=\"spacer.default\">\n\t\t\t\t<div class=\"elementor-widget-container\">\n\t\t\t\t\t\t\t<div class=\"elementor-spacer\">\n\t\t\t<div class=\"elementor-spacer-inner\"><\/div>\n\t\t<\/div>\n\t\t\t\t\t\t<\/div>\n\t\t\t\t<\/div>\n\t\t\t\t<div class=\"elementor-element elementor-element-0f915a0 elementor-align-center elementor-widget elementor-widget-button\" data-id=\"0f915a0\" data-element_type=\"widget\" data-e-type=\"widget\" data-widget_type=\"button.default\">\n\t\t\t\t<div class=\"elementor-widget-container\">\n\t\t\t\t\t\t\t\t\t<div class=\"elementor-button-wrapper\">\n\t\t\t\t\t<a class=\"elementor-button elementor-button-link elementor-size-sm\" href=\"https:\/\/auriva-elevage.com\/wp-content\/uploads\/2023\/07\/Schema-Tarin-commissions-web.jpg\">\n\t\t\t\t\t\t<span class=\"elementor-button-content-wrapper\">\n\t\t\t\t\t\t\t\t\t<span class=\"elementor-button-text\">Ampliar el diagrama<\/span>\n\t\t\t\t\t<\/span>\n\t\t\t\t\t<\/a>\n\t\t\t\t<\/div>\n\t\t\t\t\t\t\t\t<\/div>\n\t\t\t\t<\/div>\n\t\t\t\t\t<\/div>\n\t\t\t\t<\/div>\n\t\t\t\t<\/div>\n\t\t","protected":false},"excerpt":{"rendered":"<p>CUADRO DE SELECCI\u00d3N TARENTAIS \u00a1Rumbo a la actuaci\u00f3n! Fruto de<span class=\"excerpt-hellip\"> [\u2026]<\/span><\/p>\n","protected":false},"author":3,"featured_media":0,"parent":7184,"menu_order":0,"comment_status":"open","ping_status":"closed","template":"elementor_header_footer","meta":{"footnotes":""},"class_list":["post-6871","page","type-page","status-publish","hentry"],"yoast_head":"<!-- This site is optimized with the Yoast SEO plugin v27.3 - https:\/\/yoast.com\/product\/yoast-seo-wordpress\/ -->\n<title>Esquema de selecci\u00f3n Tarentais - AURIVA-Elevage.com<\/title>\n<meta name=\"robots\" content=\"index, follow, max-snippet:-1, max-image-preview:large, max-video-preview:-1\" \/>\n<link rel=\"canonical\" href=\"https:\/\/auriva-elevage.com\/es\/tarentais\/esquema-de-seleccion-tarentais\/\" \/>\n<meta property=\"og:locale\" content=\"es_ES\" \/>\n<meta property=\"og:type\" content=\"article\" \/>\n<meta property=\"og:title\" content=\"Esquema de selecci\u00f3n Tarentais - AURIVA-Elevage.com\" \/>\n<meta property=\"og:description\" content=\"CUADRO DE SELECCI\u00d3N TARENTAIS \u00a1Rumbo a la actuaci\u00f3n! Fruto de [\u2026]\" \/>\n<meta property=\"og:url\" content=\"https:\/\/auriva-elevage.com\/es\/tarentais\/esquema-de-seleccion-tarentais\/\" \/>\n<meta property=\"og:site_name\" content=\"AURIVA-Elevage.com\" \/>\n<meta property=\"article:publisher\" content=\"https:\/\/www.facebook.com\/aurivaelevage\/\" \/>\n<meta property=\"article:modified_time\" content=\"2023-11-28T09:20:00+00:00\" \/>\n<meta property=\"og:image\" content=\"https:\/\/auriva-elevage.com\/wp-content\/uploads\/2023\/07\/TM-016.jpg\" \/>\n<meta name=\"twitter:card\" content=\"summary_large_image\" \/>\n<meta name=\"twitter:label1\" content=\"Tiempo de lectura\" \/>\n\t<meta name=\"twitter:data1\" content=\"1 minuto\" \/>\n<script type=\"application\/ld+json\" class=\"yoast-schema-graph\">{\"@context\":\"https:\\\/\\\/schema.org\",\"@graph\":[{\"@type\":\"WebPage\",\"@id\":\"https:\\\/\\\/auriva-elevage.com\\\/es\\\/tarentais\\\/esquema-de-seleccion-tarentais\\\/\",\"url\":\"https:\\\/\\\/auriva-elevage.com\\\/es\\\/tarentais\\\/esquema-de-seleccion-tarentais\\\/\",\"name\":\"Esquema de selecci\u00f3n Tarentais - AURIVA-Elevage.com\",\"isPartOf\":{\"@id\":\"https:\\\/\\\/auriva-elevage.com\\\/es\\\/#website\"},\"primaryImageOfPage\":{\"@id\":\"https:\\\/\\\/auriva-elevage.com\\\/es\\\/tarentais\\\/esquema-de-seleccion-tarentais\\\/#primaryimage\"},\"image\":{\"@id\":\"https:\\\/\\\/auriva-elevage.com\\\/es\\\/tarentais\\\/esquema-de-seleccion-tarentais\\\/#primaryimage\"},\"thumbnailUrl\":\"https:\\\/\\\/auriva-elevage.com\\\/wp-content\\\/uploads\\\/2023\\\/07\\\/TM-016.jpg\",\"datePublished\":\"2023-07-13T16:46:43+00:00\",\"dateModified\":\"2023-11-28T09:20:00+00:00\",\"breadcrumb\":{\"@id\":\"https:\\\/\\\/auriva-elevage.com\\\/es\\\/tarentais\\\/esquema-de-seleccion-tarentais\\\/#breadcrumb\"},\"inLanguage\":\"es\",\"potentialAction\":[{\"@type\":\"ReadAction\",\"target\":[\"https:\\\/\\\/auriva-elevage.com\\\/es\\\/tarentais\\\/esquema-de-seleccion-tarentais\\\/\"]}]},{\"@type\":\"ImageObject\",\"inLanguage\":\"es\",\"@id\":\"https:\\\/\\\/auriva-elevage.com\\\/es\\\/tarentais\\\/esquema-de-seleccion-tarentais\\\/#primaryimage\",\"url\":\"https:\\\/\\\/auriva-elevage.com\\\/wp-content\\\/uploads\\\/2023\\\/07\\\/TM-016.jpg\",\"contentUrl\":\"https:\\\/\\\/auriva-elevage.com\\\/wp-content\\\/uploads\\\/2023\\\/07\\\/TM-016.jpg\"},{\"@type\":\"BreadcrumbList\",\"@id\":\"https:\\\/\\\/auriva-elevage.com\\\/es\\\/tarentais\\\/esquema-de-seleccion-tarentais\\\/#breadcrumb\",\"itemListElement\":[{\"@type\":\"ListItem\",\"position\":1,\"name\":\"Accueil\",\"item\":\"https:\\\/\\\/auriva-elevage.com\\\/es\\\/inicio\\\/\"},{\"@type\":\"ListItem\",\"position\":2,\"name\":\"Esquema de selecci\u00f3n Tarentais\"}]},{\"@type\":\"WebSite\",\"@id\":\"https:\\\/\\\/auriva-elevage.com\\\/es\\\/#website\",\"url\":\"https:\\\/\\\/auriva-elevage.com\\\/es\\\/\",\"name\":\"AURIVA-Elevage\",\"description\":\"L&#039;\u00e9levage nouvelle g\u00e9n\u00e9ration\",\"publisher\":{\"@id\":\"https:\\\/\\\/auriva-elevage.com\\\/es\\\/#organization\"},\"potentialAction\":[{\"@type\":\"SearchAction\",\"target\":{\"@type\":\"EntryPoint\",\"urlTemplate\":\"https:\\\/\\\/auriva-elevage.com\\\/es\\\/?s={search_term_string}\"},\"query-input\":{\"@type\":\"PropertyValueSpecification\",\"valueRequired\":true,\"valueName\":\"search_term_string\"}}],\"inLanguage\":\"es\"},{\"@type\":\"Organization\",\"@id\":\"https:\\\/\\\/auriva-elevage.com\\\/es\\\/#organization\",\"name\":\"AURIVA-Elevage\",\"url\":\"https:\\\/\\\/auriva-elevage.com\\\/es\\\/\",\"logo\":{\"@type\":\"ImageObject\",\"inLanguage\":\"es\",\"@id\":\"https:\\\/\\\/auriva-elevage.com\\\/es\\\/#\\\/schema\\\/logo\\\/image\\\/\",\"url\":\"https:\\\/\\\/auriva-elevage.com\\\/wp-content\\\/uploads\\\/2022\\\/12\\\/Auriva_RVB-blancorange200.png\",\"contentUrl\":\"https:\\\/\\\/auriva-elevage.com\\\/wp-content\\\/uploads\\\/2022\\\/12\\\/Auriva_RVB-blancorange200.png\",\"width\":200,\"height\":178,\"caption\":\"AURIVA-Elevage\"},\"image\":{\"@id\":\"https:\\\/\\\/auriva-elevage.com\\\/es\\\/#\\\/schema\\\/logo\\\/image\\\/\"},\"sameAs\":[\"https:\\\/\\\/www.facebook.com\\\/aurivaelevage\\\/\",\"https:\\\/\\\/www.instagram.com\\\/auriva_elevage\\\/\",\"https:\\\/\\\/www.youtube.com\\\/channel\\\/UCJZKuf_iczqPTU6v0Gu1Hlw\",\"https:\\\/\\\/www.linkedin.com\\\/company\\\/10562979\\\/admin\\\/\"]}]}<\/script>\n<!-- \/ Yoast SEO plugin. -->","yoast_head_json":{"title":"Esquema de selecci\u00f3n Tarentais - AURIVA-Elevage.com","robots":{"index":"index","follow":"follow","max-snippet":"max-snippet:-1","max-image-preview":"max-image-preview:large","max-video-preview":"max-video-preview:-1"},"canonical":"https:\/\/auriva-elevage.com\/es\/tarentais\/esquema-de-seleccion-tarentais\/","og_locale":"es_ES","og_type":"article","og_title":"Esquema de selecci\u00f3n Tarentais - AURIVA-Elevage.com","og_description":"CUADRO DE SELECCI\u00d3N TARENTAIS \u00a1Rumbo a la actuaci\u00f3n! Fruto de [\u2026]","og_url":"https:\/\/auriva-elevage.com\/es\/tarentais\/esquema-de-seleccion-tarentais\/","og_site_name":"AURIVA-Elevage.com","article_publisher":"https:\/\/www.facebook.com\/aurivaelevage\/","article_modified_time":"2023-11-28T09:20:00+00:00","og_image":[{"url":"https:\/\/auriva-elevage.com\/wp-content\/uploads\/2023\/07\/TM-016.jpg","type":"","width":"","height":""}],"twitter_card":"summary_large_image","twitter_misc":{"Tiempo de lectura":"1 minuto"},"schema":{"@context":"https:\/\/schema.org","@graph":[{"@type":"WebPage","@id":"https:\/\/auriva-elevage.com\/es\/tarentais\/esquema-de-seleccion-tarentais\/","url":"https:\/\/auriva-elevage.com\/es\/tarentais\/esquema-de-seleccion-tarentais\/","name":"Esquema de selecci\u00f3n Tarentais - AURIVA-Elevage.com","isPartOf":{"@id":"https:\/\/auriva-elevage.com\/es\/#website"},"primaryImageOfPage":{"@id":"https:\/\/auriva-elevage.com\/es\/tarentais\/esquema-de-seleccion-tarentais\/#primaryimage"},"image":{"@id":"https:\/\/auriva-elevage.com\/es\/tarentais\/esquema-de-seleccion-tarentais\/#primaryimage"},"thumbnailUrl":"https:\/\/auriva-elevage.com\/wp-content\/uploads\/2023\/07\/TM-016.jpg","datePublished":"2023-07-13T16:46:43+00:00","dateModified":"2023-11-28T09:20:00+00:00","breadcrumb":{"@id":"https:\/\/auriva-elevage.com\/es\/tarentais\/esquema-de-seleccion-tarentais\/#breadcrumb"},"inLanguage":"es","potentialAction":[{"@type":"ReadAction","target":["https:\/\/auriva-elevage.com\/es\/tarentais\/esquema-de-seleccion-tarentais\/"]}]},{"@type":"ImageObject","inLanguage":"es","@id":"https:\/\/auriva-elevage.com\/es\/tarentais\/esquema-de-seleccion-tarentais\/#primaryimage","url":"https:\/\/auriva-elevage.com\/wp-content\/uploads\/2023\/07\/TM-016.jpg","contentUrl":"https:\/\/auriva-elevage.com\/wp-content\/uploads\/2023\/07\/TM-016.jpg"},{"@type":"BreadcrumbList","@id":"https:\/\/auriva-elevage.com\/es\/tarentais\/esquema-de-seleccion-tarentais\/#breadcrumb","itemListElement":[{"@type":"ListItem","position":1,"name":"Accueil","item":"https:\/\/auriva-elevage.com\/es\/inicio\/"},{"@type":"ListItem","position":2,"name":"Esquema de selecci\u00f3n Tarentais"}]},{"@type":"WebSite","@id":"https:\/\/auriva-elevage.com\/es\/#website","url":"https:\/\/auriva-elevage.com\/es\/","name":"AURIVA-Elevage","description":"L&#039;\u00e9levage nouvelle g\u00e9n\u00e9ration","publisher":{"@id":"https:\/\/auriva-elevage.com\/es\/#organization"},"potentialAction":[{"@type":"SearchAction","target":{"@type":"EntryPoint","urlTemplate":"https:\/\/auriva-elevage.com\/es\/?s={search_term_string}"},"query-input":{"@type":"PropertyValueSpecification","valueRequired":true,"valueName":"search_term_string"}}],"inLanguage":"es"},{"@type":"Organization","@id":"https:\/\/auriva-elevage.com\/es\/#organization","name":"AURIVA-Elevage","url":"https:\/\/auriva-elevage.com\/es\/","logo":{"@type":"ImageObject","inLanguage":"es","@id":"https:\/\/auriva-elevage.com\/es\/#\/schema\/logo\/image\/","url":"https:\/\/auriva-elevage.com\/wp-content\/uploads\/2022\/12\/Auriva_RVB-blancorange200.png","contentUrl":"https:\/\/auriva-elevage.com\/wp-content\/uploads\/2022\/12\/Auriva_RVB-blancorange200.png","width":200,"height":178,"caption":"AURIVA-Elevage"},"image":{"@id":"https:\/\/auriva-elevage.com\/es\/#\/schema\/logo\/image\/"},"sameAs":["https:\/\/www.facebook.com\/aurivaelevage\/","https:\/\/www.instagram.com\/auriva_elevage\/","https:\/\/www.youtube.com\/channel\/UCJZKuf_iczqPTU6v0Gu1Hlw","https:\/\/www.linkedin.com\/company\/10562979\/admin\/"]}]}},"_links":{"self":[{"href":"https:\/\/auriva-elevage.com\/es\/wp-json\/wp\/v2\/pages\/6871","targetHints":{"allow":["GET"]}}],"collection":[{"href":"https:\/\/auriva-elevage.com\/es\/wp-json\/wp\/v2\/pages"}],"about":[{"href":"https:\/\/auriva-elevage.com\/es\/wp-json\/wp\/v2\/types\/page"}],"author":[{"embeddable":true,"href":"https:\/\/auriva-elevage.com\/es\/wp-json\/wp\/v2\/users\/3"}],"replies":[{"embeddable":true,"href":"https:\/\/auriva-elevage.com\/es\/wp-json\/wp\/v2\/comments?post=6871"}],"version-history":[{"count":9,"href":"https:\/\/auriva-elevage.com\/es\/wp-json\/wp\/v2\/pages\/6871\/revisions"}],"predecessor-version":[{"id":7139,"href":"https:\/\/auriva-elevage.com\/es\/wp-json\/wp\/v2\/pages\/6871\/revisions\/7139"}],"up":[{"embeddable":true,"href":"https:\/\/auriva-elevage.com\/es\/wp-json\/wp\/v2\/pages\/7184"}],"wp:attachment":[{"href":"https:\/\/auriva-elevage.com\/es\/wp-json\/wp\/v2\/media?parent=6871"}],"curies":[{"name":"wp","href":"https:\/\/api.w.org\/{rel}","templated":true}]}}