{"id":9240,"date":"2024-07-15T17:10:57","date_gmt":"2024-07-15T15:10:57","guid":{"rendered":"https:\/\/auriva-elevage.com\/concursos-yperios\/"},"modified":"2024-07-15T17:10:57","modified_gmt":"2024-07-15T15:10:57","slug":"concursos-yperios","status":"publish","type":"page","link":"https:\/\/auriva-elevage.com\/es\/concursos-yperios\/","title":{"rendered":"CONCURSOS YPERIOS"},"content":{"rendered":"","protected":false},"excerpt":{"rendered":"","protected":false},"author":3,"featured_media":0,"parent":0,"menu_order":0,"comment_status":"closed","ping_status":"closed","template":"","meta":{"footnotes":""},"class_list":["post-9240","page","type-page","status-publish","hentry"],"yoast_head":"<!-- This site is optimized with the Yoast SEO plugin v27.3 - https:\/\/yoast.com\/product\/yoast-seo-wordpress\/ -->\n<title>CONCURSOS YPERIOS - AURIVA-Elevage.com<\/title>\n<meta name=\"robots\" content=\"index, follow, max-snippet:-1, max-image-preview:large, max-video-preview:-1\" \/>\n<link rel=\"canonical\" href=\"https:\/\/auriva-elevage.com\/es\/concursos-yperios\/\" \/>\n<meta property=\"og:locale\" content=\"es_ES\" \/>\n<meta property=\"og:type\" content=\"article\" \/>\n<meta property=\"og:title\" content=\"CONCURSOS YPERIOS - AURIVA-Elevage.com\" \/>\n<meta property=\"og:url\" content=\"https:\/\/auriva-elevage.com\/es\/concursos-yperios\/\" \/>\n<meta property=\"og:site_name\" content=\"AURIVA-Elevage.com\" \/>\n<meta property=\"article:publisher\" content=\"https:\/\/www.facebook.com\/aurivaelevage\/\" \/>\n<meta name=\"twitter:card\" content=\"summary_large_image\" \/>\n<script type=\"application\/ld+json\" class=\"yoast-schema-graph\">{\"@context\":\"https:\\\/\\\/schema.org\",\"@graph\":[{\"@type\":\"WebPage\",\"@id\":\"https:\\\/\\\/auriva-elevage.com\\\/es\\\/concursos-yperios\\\/\",\"url\":\"https:\\\/\\\/auriva-elevage.com\\\/es\\\/concursos-yperios\\\/\",\"name\":\"CONCURSOS YPERIOS - AURIVA-Elevage.com\",\"isPartOf\":{\"@id\":\"https:\\\/\\\/auriva-elevage.com\\\/es\\\/#website\"},\"datePublished\":\"2024-07-15T15:10:57+00:00\",\"breadcrumb\":{\"@id\":\"https:\\\/\\\/auriva-elevage.com\\\/es\\\/concursos-yperios\\\/#breadcrumb\"},\"inLanguage\":\"es\",\"potentialAction\":[{\"@type\":\"ReadAction\",\"target\":[\"https:\\\/\\\/auriva-elevage.com\\\/es\\\/concursos-yperios\\\/\"]}]},{\"@type\":\"BreadcrumbList\",\"@id\":\"https:\\\/\\\/auriva-elevage.com\\\/es\\\/concursos-yperios\\\/#breadcrumb\",\"itemListElement\":[{\"@type\":\"ListItem\",\"position\":1,\"name\":\"Accueil\",\"item\":\"https:\\\/\\\/auriva-elevage.com\\\/es\\\/inicio\\\/\"},{\"@type\":\"ListItem\",\"position\":2,\"name\":\"CONCURSOS YPERIOS\"}]},{\"@type\":\"WebSite\",\"@id\":\"https:\\\/\\\/auriva-elevage.com\\\/es\\\/#website\",\"url\":\"https:\\\/\\\/auriva-elevage.com\\\/es\\\/\",\"name\":\"AURIVA-Elevage\",\"description\":\"L&#039;\u00e9levage nouvelle g\u00e9n\u00e9ration\",\"publisher\":{\"@id\":\"https:\\\/\\\/auriva-elevage.com\\\/es\\\/#organization\"},\"potentialAction\":[{\"@type\":\"SearchAction\",\"target\":{\"@type\":\"EntryPoint\",\"urlTemplate\":\"https:\\\/\\\/auriva-elevage.com\\\/es\\\/?s={search_term_string}\"},\"query-input\":{\"@type\":\"PropertyValueSpecification\",\"valueRequired\":true,\"valueName\":\"search_term_string\"}}],\"inLanguage\":\"es\"},{\"@type\":\"Organization\",\"@id\":\"https:\\\/\\\/auriva-elevage.com\\\/es\\\/#organization\",\"name\":\"AURIVA-Elevage\",\"url\":\"https:\\\/\\\/auriva-elevage.com\\\/es\\\/\",\"logo\":{\"@type\":\"ImageObject\",\"inLanguage\":\"es\",\"@id\":\"https:\\\/\\\/auriva-elevage.com\\\/es\\\/#\\\/schema\\\/logo\\\/image\\\/\",\"url\":\"https:\\\/\\\/auriva-elevage.com\\\/wp-content\\\/uploads\\\/2022\\\/12\\\/Auriva_RVB-blancorange200.png\",\"contentUrl\":\"https:\\\/\\\/auriva-elevage.com\\\/wp-content\\\/uploads\\\/2022\\\/12\\\/Auriva_RVB-blancorange200.png\",\"width\":200,\"height\":178,\"caption\":\"AURIVA-Elevage\"},\"image\":{\"@id\":\"https:\\\/\\\/auriva-elevage.com\\\/es\\\/#\\\/schema\\\/logo\\\/image\\\/\"},\"sameAs\":[\"https:\\\/\\\/www.facebook.com\\\/aurivaelevage\\\/\",\"https:\\\/\\\/www.instagram.com\\\/auriva_elevage\\\/\",\"https:\\\/\\\/www.youtube.com\\\/channel\\\/UCJZKuf_iczqPTU6v0Gu1Hlw\",\"https:\\\/\\\/www.linkedin.com\\\/company\\\/10562979\\\/admin\\\/\"]}]}<\/script>\n<!-- \/ Yoast SEO plugin. -->","yoast_head_json":{"title":"CONCURSOS YPERIOS - AURIVA-Elevage.com","robots":{"index":"index","follow":"follow","max-snippet":"max-snippet:-1","max-image-preview":"max-image-preview:large","max-video-preview":"max-video-preview:-1"},"canonical":"https:\/\/auriva-elevage.com\/es\/concursos-yperios\/","og_locale":"es_ES","og_type":"article","og_title":"CONCURSOS YPERIOS - AURIVA-Elevage.com","og_url":"https:\/\/auriva-elevage.com\/es\/concursos-yperios\/","og_site_name":"AURIVA-Elevage.com","article_publisher":"https:\/\/www.facebook.com\/aurivaelevage\/","twitter_card":"summary_large_image","schema":{"@context":"https:\/\/schema.org","@graph":[{"@type":"WebPage","@id":"https:\/\/auriva-elevage.com\/es\/concursos-yperios\/","url":"https:\/\/auriva-elevage.com\/es\/concursos-yperios\/","name":"CONCURSOS YPERIOS - AURIVA-Elevage.com","isPartOf":{"@id":"https:\/\/auriva-elevage.com\/es\/#website"},"datePublished":"2024-07-15T15:10:57+00:00","breadcrumb":{"@id":"https:\/\/auriva-elevage.com\/es\/concursos-yperios\/#breadcrumb"},"inLanguage":"es","potentialAction":[{"@type":"ReadAction","target":["https:\/\/auriva-elevage.com\/es\/concursos-yperios\/"]}]},{"@type":"BreadcrumbList","@id":"https:\/\/auriva-elevage.com\/es\/concursos-yperios\/#breadcrumb","itemListElement":[{"@type":"ListItem","position":1,"name":"Accueil","item":"https:\/\/auriva-elevage.com\/es\/inicio\/"},{"@type":"ListItem","position":2,"name":"CONCURSOS YPERIOS"}]},{"@type":"WebSite","@id":"https:\/\/auriva-elevage.com\/es\/#website","url":"https:\/\/auriva-elevage.com\/es\/","name":"AURIVA-Elevage","description":"L&#039;\u00e9levage nouvelle g\u00e9n\u00e9ration","publisher":{"@id":"https:\/\/auriva-elevage.com\/es\/#organization"},"potentialAction":[{"@type":"SearchAction","target":{"@type":"EntryPoint","urlTemplate":"https:\/\/auriva-elevage.com\/es\/?s={search_term_string}"},"query-input":{"@type":"PropertyValueSpecification","valueRequired":true,"valueName":"search_term_string"}}],"inLanguage":"es"},{"@type":"Organization","@id":"https:\/\/auriva-elevage.com\/es\/#organization","name":"AURIVA-Elevage","url":"https:\/\/auriva-elevage.com\/es\/","logo":{"@type":"ImageObject","inLanguage":"es","@id":"https:\/\/auriva-elevage.com\/es\/#\/schema\/logo\/image\/","url":"https:\/\/auriva-elevage.com\/wp-content\/uploads\/2022\/12\/Auriva_RVB-blancorange200.png","contentUrl":"https:\/\/auriva-elevage.com\/wp-content\/uploads\/2022\/12\/Auriva_RVB-blancorange200.png","width":200,"height":178,"caption":"AURIVA-Elevage"},"image":{"@id":"https:\/\/auriva-elevage.com\/es\/#\/schema\/logo\/image\/"},"sameAs":["https:\/\/www.facebook.com\/aurivaelevage\/","https:\/\/www.instagram.com\/auriva_elevage\/","https:\/\/www.youtube.com\/channel\/UCJZKuf_iczqPTU6v0Gu1Hlw","https:\/\/www.linkedin.com\/company\/10562979\/admin\/"]}]}},"_links":{"self":[{"href":"https:\/\/auriva-elevage.com\/es\/wp-json\/wp\/v2\/pages\/9240","targetHints":{"allow":["GET"]}}],"collection":[{"href":"https:\/\/auriva-elevage.com\/es\/wp-json\/wp\/v2\/pages"}],"about":[{"href":"https:\/\/auriva-elevage.com\/es\/wp-json\/wp\/v2\/types\/page"}],"author":[{"embeddable":true,"href":"https:\/\/auriva-elevage.com\/es\/wp-json\/wp\/v2\/users\/3"}],"replies":[{"embeddable":true,"href":"https:\/\/auriva-elevage.com\/es\/wp-json\/wp\/v2\/comments?post=9240"}],"version-history":[{"count":0,"href":"https:\/\/auriva-elevage.com\/es\/wp-json\/wp\/v2\/pages\/9240\/revisions"}],"wp:attachment":[{"href":"https:\/\/auriva-elevage.com\/es\/wp-json\/wp\/v2\/media?parent=9240"}],"curies":[{"name":"wp","href":"https:\/\/api.w.org\/{rel}","templated":true}]}}