{"id":9309,"date":"2024-07-16T09:28:45","date_gmt":"2024-07-16T07:28:45","guid":{"rendered":"https:\/\/auriva-elevage.com\/abondanza\/"},"modified":"2024-10-24T10:35:07","modified_gmt":"2024-10-24T08:35:07","slug":"abondanza","status":"publish","type":"page","link":"https:\/\/auriva-elevage.com\/es\/abondanza\/","title":{"rendered":"CONCURSO DE YPERIOS"},"content":{"rendered":"\t\t<div data-elementor-type=\"wp-page\" data-elementor-id=\"9309\" class=\"elementor elementor-9309 elementor-9303\" data-elementor-settings=\"{&quot;ha_cmc_init_switcher&quot;:&quot;no&quot;}\" data-elementor-post-type=\"page\">\n\t\t\t\t\t\t<section class=\"elementor-section elementor-top-section elementor-element elementor-element-42f0979 elementor-section-stretched elementor-section-boxed elementor-section-height-default elementor-section-height-default\" data-id=\"42f0979\" data-element_type=\"section\" data-e-type=\"section\" data-settings=\"{&quot;stretch_section&quot;:&quot;section-stretched&quot;,&quot;background_background&quot;:&quot;classic&quot;}\">\n\t\t\t\t\t\t<div class=\"elementor-container elementor-column-gap-wider\">\n\t\t\t\t\t<div class=\"elementor-column elementor-col-100 elementor-top-column elementor-element elementor-element-06b5384\" data-id=\"06b5384\" data-element_type=\"column\" data-e-type=\"column\">\n\t\t\t<div class=\"elementor-widget-wrap elementor-element-populated\">\n\t\t\t\t\t\t<div class=\"elementor-element elementor-element-762e16f elementor-widget__width-initial elementor-widget elementor-widget-image\" data-id=\"762e16f\" data-element_type=\"widget\" data-e-type=\"widget\" data-widget_type=\"image.default\">\n\t\t\t\t<div class=\"elementor-widget-container\">\n\t\t\t\t\t\t\t\t\t\t\t\t\t\t\t<img decoding=\"async\" width=\"300\" height=\"81\" src=\"https:\/\/auriva-elevage.com\/wp-content\/uploads\/2023\/06\/logotypes_AURIVA-ELEVAGE_logotype_YPERIOS_generique_horizontale-fond-rouge-web-300x81.png\" class=\"attachment-medium size-medium wp-image-4747\" alt=\"\" srcset=\"https:\/\/auriva-elevage.com\/wp-content\/uploads\/2023\/06\/logotypes_AURIVA-ELEVAGE_logotype_YPERIOS_generique_horizontale-fond-rouge-web-300x81.png 300w, https:\/\/auriva-elevage.com\/wp-content\/uploads\/2023\/06\/logotypes_AURIVA-ELEVAGE_logotype_YPERIOS_generique_horizontale-fond-rouge-web-1024x277.png 1024w, https:\/\/auriva-elevage.com\/wp-content\/uploads\/2023\/06\/logotypes_AURIVA-ELEVAGE_logotype_YPERIOS_generique_horizontale-fond-rouge-web-768x208.png 768w, https:\/\/auriva-elevage.com\/wp-content\/uploads\/2023\/06\/logotypes_AURIVA-ELEVAGE_logotype_YPERIOS_generique_horizontale-fond-rouge-web-150x41.png 150w, https:\/\/auriva-elevage.com\/wp-content\/uploads\/2023\/06\/logotypes_AURIVA-ELEVAGE_logotype_YPERIOS_generique_horizontale-fond-rouge-web-480x130.png 480w, https:\/\/auriva-elevage.com\/wp-content\/uploads\/2023\/06\/logotypes_AURIVA-ELEVAGE_logotype_YPERIOS_generique_horizontale-fond-rouge-web.png 1200w\" sizes=\"(max-width:767px) 300px, 300px\" \/>\t\t\t\t\t\t\t\t\t\t\t\t\t\t\t<\/div>\n\t\t\t\t<\/div>\n\t\t\t\t<section class=\"elementor-section elementor-inner-section elementor-element elementor-element-c930b30 elementor-section-boxed elementor-section-height-default elementor-section-height-default\" data-id=\"c930b30\" data-element_type=\"section\" data-e-type=\"section\">\n\t\t\t\t\t\t<div class=\"elementor-container elementor-column-gap-default\">\n\t\t\t\t\t<div class=\"elementor-column elementor-col-50 elementor-inner-column elementor-element elementor-element-a859ae2\" data-id=\"a859ae2\" data-element_type=\"column\" data-e-type=\"column\">\n\t\t\t<div class=\"elementor-widget-wrap elementor-element-populated\">\n\t\t\t\t\t\t<div class=\"elementor-element elementor-element-1a651bd elementor-widget elementor-widget-elementskit-heading\" data-id=\"1a651bd\" data-element_type=\"widget\" data-e-type=\"widget\" data-widget_type=\"elementskit-heading.default\">\n\t\t\t\t<div class=\"elementor-widget-container\">\n\t\t\t\t\t<div class=\"ekit-wid-con\" ><div class=\"ekit-heading elementskit-section-title-wraper text_left   ekit_heading_tablet-   ekit_heading_mobile-\"><div class=\"ekit_heading_separetor_wraper ekit_heading_elementskit-border-divider ekit-dotted\"><div class=\"elementskit-border-divider ekit-dotted\"><\/div><\/div><h2 class=\"ekit-heading--title elementskit-section-title \">Juega con YPERIOS y podr\u00e1s ganar :<\/h2><\/div><\/div>\t\t\t\t<\/div>\n\t\t\t\t<\/div>\n\t\t\t\t<div class=\"elementor-element elementor-element-f8bd2c4 elementor-icon-list--layout-traditional elementor-list-item-link-full_width elementor-widget elementor-widget-icon-list\" data-id=\"f8bd2c4\" data-element_type=\"widget\" data-e-type=\"widget\" data-widget_type=\"icon-list.default\">\n\t\t\t\t<div class=\"elementor-widget-container\">\n\t\t\t\t\t\t\t<ul class=\"elementor-icon-list-items\">\n\t\t\t\t\t\t\t<li class=\"elementor-icon-list-item\">\n\t\t\t\t\t\t\t\t\t\t\t<span class=\"elementor-icon-list-icon\">\n\t\t\t\t\t\t\t<svg xmlns=\"http:\/\/www.w3.org\/2000\/svg\" xmlns:xlink=\"http:\/\/www.w3.org\/1999\/xlink\" id=\"Calque_1\" x=\"0px\" y=\"0px\" viewBox=\"0 0 200 150\" style=\"enable-background:new 0 0 200 150;\" xml:space=\"preserve\"><style type=\"text\/css\">\t.st0{fill:#CB1143;}<\/style><polygon class=\"st0\" points=\"50.3,7.8 3.7,54.5 69,67.8 96.9,143.1 96.9,49 32.1,41.5 \"><\/polygon><polygon class=\"st0\" points=\"149.4,7.8 167.5,41.5 102.7,49 102.7,143.1 130.6,67.8 196,54.5 \"><\/polygon><\/svg>\t\t\t\t\t\t<\/span>\n\t\t\t\t\t\t\t\t\t\t<span class=\"elementor-icon-list-text\">10 dosis convencionales<\/span>\n\t\t\t\t\t\t\t\t\t<\/li>\n\t\t\t\t\t\t\t\t<li class=\"elementor-icon-list-item\">\n\t\t\t\t\t\t\t\t\t\t\t<span class=\"elementor-icon-list-icon\">\n\t\t\t\t\t\t\t<svg xmlns=\"http:\/\/www.w3.org\/2000\/svg\" xmlns:xlink=\"http:\/\/www.w3.org\/1999\/xlink\" id=\"Calque_1\" x=\"0px\" y=\"0px\" viewBox=\"0 0 200 150\" style=\"enable-background:new 0 0 200 150;\" xml:space=\"preserve\"><style type=\"text\/css\">\t.st0{fill:#CB1143;}<\/style><polygon class=\"st0\" points=\"50.3,7.8 3.7,54.5 69,67.8 96.9,143.1 96.9,49 32.1,41.5 \"><\/polygon><polygon class=\"st0\" points=\"149.4,7.8 167.5,41.5 102.7,49 102.7,143.1 130.6,67.8 196,54.5 \"><\/polygon><\/svg>\t\t\t\t\t\t<\/span>\n\t\t\t\t\t\t\t\t\t\t<span class=\"elementor-icon-list-text\">5 conjuntos de trajes YPERIOS<\/span>\n\t\t\t\t\t\t\t\t\t<\/li>\n\t\t\t\t\t\t\t\t<li class=\"elementor-icon-list-item\">\n\t\t\t\t\t\t\t\t\t\t\t<span class=\"elementor-icon-list-icon\">\n\t\t\t\t\t\t\t<svg xmlns=\"http:\/\/www.w3.org\/2000\/svg\" xmlns:xlink=\"http:\/\/www.w3.org\/1999\/xlink\" id=\"Calque_1\" x=\"0px\" y=\"0px\" viewBox=\"0 0 200 150\" style=\"enable-background:new 0 0 200 150;\" xml:space=\"preserve\"><style type=\"text\/css\">\t.st0{fill:#CB1143;}<\/style><polygon class=\"st0\" points=\"50.3,7.8 3.7,54.5 69,67.8 96.9,143.1 96.9,49 32.1,41.5 \"><\/polygon><polygon class=\"st0\" points=\"149.4,7.8 167.5,41.5 102.7,49 102.7,143.1 130.6,67.8 196,54.5 \"><\/polygon><\/svg>\t\t\t\t\t\t<\/span>\n\t\t\t\t\t\t\t\t\t\t<span class=\"elementor-icon-list-text\">100 invitaciones al sommet de l'\u00e9levage** (cumbre de la ganader\u00eda)<\/span>\n\t\t\t\t\t\t\t\t\t<\/li>\n\t\t\t\t\t\t<\/ul>\n\t\t\t\t\t\t<\/div>\n\t\t\t\t<\/div>\n\t\t\t\t<div class=\"elementor-element elementor-element-f1072d3 elementor-widget elementor-widget-text-editor\" data-id=\"f1072d3\" data-element_type=\"widget\" data-e-type=\"widget\" data-widget_type=\"text-editor.default\">\n\t\t\t\t<div class=\"elementor-widget-container\">\n\t\t\t\t\t\t\t\t\t<p>\u00a1Jugar es f\u00e1cil! S\u00f3lo tienes que rellenar el formulario de al lado y el 25 de septiembre se celebrar\u00e1 un sorteo para decidir los ganadores del gran premio. <\/p>\n\t\t\t\t\t\t\t\t<\/div>\n\t\t\t\t<\/div>\n\t\t\t\t<div class=\"elementor-element elementor-element-2bda23b elementor-widget elementor-widget-text-editor\" data-id=\"2bda23b\" data-element_type=\"widget\" data-e-type=\"widget\" data-widget_type=\"text-editor.default\">\n\t\t\t\t<div class=\"elementor-widget-container\">\n\t\t\t\t\t\t\t\t\t<p>*Dentro de los l\u00edmites de las dosis disponibles<\/p>\n<p>** Dos invitaciones electr\u00f3nicas por ganador v\u00e1lidas para 1 d\u00eda<\/p>\n<p>Los 56 ganadores ser\u00e1n seleccionados mediante un sorteo que se celebrar\u00e1 el 25 de septiembre en los locales de AURIVA-Elevage en Soual (81).<br \/>Los ganadores recibir\u00e1n una notificaci\u00f3n por correo electr\u00f3nico<\/p>\n\t\t\t\t\t\t\t\t<\/div>\n\t\t\t\t<\/div>\n\t\t\t\t\t<\/div>\n\t\t<\/div>\n\t\t\t\t<div class=\"elementor-column elementor-col-50 elementor-inner-column elementor-element elementor-element-5dff508\" data-id=\"5dff508\" data-element_type=\"column\" data-e-type=\"column\">\n\t\t\t<div class=\"elementor-widget-wrap elementor-element-populated\">\n\t\t\t\t\t\t<div class=\"elementor-element elementor-element-7ec6bc6 elementor-widget elementor-widget-shortcode\" data-id=\"7ec6bc6\" data-element_type=\"widget\" data-e-type=\"widget\" data-widget_type=\"shortcode.default\">\n\t\t\t\t<div class=\"elementor-widget-container\">\n\t\t\t\t\t\t\t<div class=\"elementor-shortcode\"><div class='_form_68'><\/div><script type='text\/javascript' src='https:\/\/setef.activehosted.com\/f\/embed.php?static=0&id=68&69E347F816A83&nostyles=0&preview=0'><\/script><\/div>\n\t\t\t\t\t\t<\/div>\n\t\t\t\t<\/div>\n\t\t\t\t<div class=\"elementor-element elementor-element-a905861 elementor-shape-circle elementor-grid-0 e-grid-align-center elementor-widget elementor-widget-social-icons\" data-id=\"a905861\" data-element_type=\"widget\" data-e-type=\"widget\" data-widget_type=\"social-icons.default\">\n\t\t\t\t<div class=\"elementor-widget-container\">\n\t\t\t\t\t\t\t<div class=\"elementor-social-icons-wrapper elementor-grid\" role=\"list\">\n\t\t\t\t\t\t\t<span class=\"elementor-grid-item\" role=\"listitem\">\n\t\t\t\t\t<a class=\"elementor-icon elementor-social-icon elementor-social-icon-facebook elementor-repeater-item-60f555b\" href=\"https:\/\/www.facebook.com\/aurivaelevage\" target=\"_blank\">\n\t\t\t\t\t\t<span class=\"elementor-screen-only\">Facebook<\/span>\n\t\t\t\t\t\t<i aria-hidden=\"true\" class=\"fab fa-facebook\"><\/i>\t\t\t\t\t<\/a>\n\t\t\t\t<\/span>\n\t\t\t\t\t\t\t<span class=\"elementor-grid-item\" role=\"listitem\">\n\t\t\t\t\t<a class=\"elementor-icon elementor-social-icon elementor-social-icon-instagram elementor-repeater-item-b040dcf\" href=\"https:\/\/www.instagram.com\/auriva_elevage\/\" target=\"_blank\">\n\t\t\t\t\t\t<span class=\"elementor-screen-only\">Instagram<\/span>\n\t\t\t\t\t\t<i aria-hidden=\"true\" class=\"fab fa-instagram\"><\/i>\t\t\t\t\t<\/a>\n\t\t\t\t<\/span>\n\t\t\t\t\t\t\t<span class=\"elementor-grid-item\" role=\"listitem\">\n\t\t\t\t\t<a class=\"elementor-icon elementor-social-icon elementor-social-icon-youtube elementor-repeater-item-84655ea\" href=\"https:\/\/www.youtube.com\/channel\/UCJZKuf_iczqPTU6v0Gu1Hlw\" target=\"_blank\">\n\t\t\t\t\t\t<span class=\"elementor-screen-only\">Youtube<\/span>\n\t\t\t\t\t\t<i aria-hidden=\"true\" class=\"fab fa-youtube\"><\/i>\t\t\t\t\t<\/a>\n\t\t\t\t<\/span>\n\t\t\t\t\t<\/div>\n\t\t\t\t\t\t<\/div>\n\t\t\t\t<\/div>\n\t\t\t\t\t<\/div>\n\t\t<\/div>\n\t\t\t\t\t<\/div>\n\t\t<\/section>\n\t\t\t\t\t<\/div>\n\t\t<\/div>\n\t\t\t\t\t<\/div>\n\t\t<\/section>\n\t\t<div class=\"elementor-element elementor-element-2547693 e-con-full e-flex e-con e-parent\" data-id=\"2547693\" data-element_type=\"container\" data-e-type=\"container\" data-settings=\"{&quot;background_background&quot;:&quot;classic&quot;}\">\n\t\t\t\t<div class=\"elementor-element elementor-element-976342a elementor-widget__width-inherit elementor-widget elementor-widget-image\" data-id=\"976342a\" data-element_type=\"widget\" data-e-type=\"widget\" data-widget_type=\"image.default\">\n\t\t\t\t<div class=\"elementor-widget-container\">\n\t\t\t\t\t\t\t\t\t\t\t\t\t\t\t<img fetchpriority=\"high\" decoding=\"async\" width=\"1934\" height=\"1542\" src=\"https:\/\/auriva-elevage.com\/wp-content\/uploads\/2024\/07\/SILOUK-SIROCCO-SCOUBIDOU-ciel.png\" class=\"attachment-full size-full wp-image-9339\" alt=\"\" srcset=\"https:\/\/auriva-elevage.com\/wp-content\/uploads\/2024\/07\/SILOUK-SIROCCO-SCOUBIDOU-ciel.png 1934w, https:\/\/auriva-elevage.com\/wp-content\/uploads\/2024\/07\/SILOUK-SIROCCO-SCOUBIDOU-ciel-300x239.png 300w, https:\/\/auriva-elevage.com\/wp-content\/uploads\/2024\/07\/SILOUK-SIROCCO-SCOUBIDOU-ciel-1024x816.png 1024w, https:\/\/auriva-elevage.com\/wp-content\/uploads\/2024\/07\/SILOUK-SIROCCO-SCOUBIDOU-ciel-768x612.png 768w, https:\/\/auriva-elevage.com\/wp-content\/uploads\/2024\/07\/SILOUK-SIROCCO-SCOUBIDOU-ciel-1536x1225.png 1536w, https:\/\/auriva-elevage.com\/wp-content\/uploads\/2024\/07\/SILOUK-SIROCCO-SCOUBIDOU-ciel-94x75.png 94w, https:\/\/auriva-elevage.com\/wp-content\/uploads\/2024\/07\/SILOUK-SIROCCO-SCOUBIDOU-ciel-480x383.png 480w\" sizes=\"(max-width:767px) 480px, (max-width:1934px) 100vw, 1934px\" \/>\t\t\t\t\t\t\t\t\t\t\t\t\t\t\t<\/div>\n\t\t\t\t<\/div>\n\t\t\t\t<\/div>\n\t\t<div class=\"elementor-element elementor-element-d1c007f e-flex e-con-boxed e-con e-parent\" data-id=\"d1c007f\" data-element_type=\"container\" data-e-type=\"container\" data-settings=\"{&quot;background_background&quot;:&quot;classic&quot;}\">\n\t\t\t\t\t<div class=\"e-con-inner\">\n\t\t\t\t\t<\/div>\n\t\t\t\t<\/div>\n\t\t\t\t<\/div>\n\t\t","protected":false},"excerpt":{"rendered":"<p>Juega con YPERIOS y podr\u00e1s ganar : 10 dosis convencionales<span class=\"excerpt-hellip\"> [\u2026]<\/span><\/p>\n","protected":false},"author":3,"featured_media":0,"parent":0,"menu_order":0,"comment_status":"open","ping_status":"closed","template":"elementor_header_footer","meta":{"footnotes":""},"class_list":["post-9309","page","type-page","status-publish","hentry"],"yoast_head":"<!-- This site is optimized with the Yoast SEO plugin v27.3 - https:\/\/yoast.com\/product\/yoast-seo-wordpress\/ -->\n<title>CONCURSO DE YPERIOS - AURIVA-Elevage.com<\/title>\n<meta name=\"robots\" content=\"index, follow, max-snippet:-1, max-image-preview:large, max-video-preview:-1\" \/>\n<link rel=\"canonical\" href=\"https:\/\/auriva-elevage.com\/es\/abondanza\/\" \/>\n<meta property=\"og:locale\" content=\"es_ES\" \/>\n<meta property=\"og:type\" content=\"article\" \/>\n<meta property=\"og:title\" content=\"CONCURSO DE YPERIOS - AURIVA-Elevage.com\" \/>\n<meta property=\"og:description\" content=\"Juega con YPERIOS y podr\u00e1s ganar : 10 dosis convencionales [\u2026]\" \/>\n<meta property=\"og:url\" content=\"https:\/\/auriva-elevage.com\/es\/abondanza\/\" \/>\n<meta property=\"og:site_name\" content=\"AURIVA-Elevage.com\" \/>\n<meta property=\"article:publisher\" content=\"https:\/\/www.facebook.com\/aurivaelevage\/\" \/>\n<meta property=\"article:modified_time\" content=\"2024-10-24T08:35:07+00:00\" \/>\n<meta property=\"og:image\" content=\"https:\/\/auriva-elevage.com\/wp-content\/uploads\/2023\/06\/logotypes_AURIVA-ELEVAGE_logotype_YPERIOS_generique_horizontale-fond-rouge-web-300x81.png\" \/>\n<meta name=\"twitter:card\" content=\"summary_large_image\" \/>\n<meta name=\"twitter:label1\" content=\"Tiempo de lectura\" \/>\n\t<meta name=\"twitter:data1\" content=\"1 minuto\" \/>\n<script type=\"application\/ld+json\" class=\"yoast-schema-graph\">{\"@context\":\"https:\\\/\\\/schema.org\",\"@graph\":[{\"@type\":\"WebPage\",\"@id\":\"https:\\\/\\\/auriva-elevage.com\\\/es\\\/abondanza\\\/\",\"url\":\"https:\\\/\\\/auriva-elevage.com\\\/es\\\/abondanza\\\/\",\"name\":\"CONCURSO DE YPERIOS - AURIVA-Elevage.com\",\"isPartOf\":{\"@id\":\"https:\\\/\\\/auriva-elevage.com\\\/es\\\/#website\"},\"primaryImageOfPage\":{\"@id\":\"https:\\\/\\\/auriva-elevage.com\\\/es\\\/abondanza\\\/#primaryimage\"},\"image\":{\"@id\":\"https:\\\/\\\/auriva-elevage.com\\\/es\\\/abondanza\\\/#primaryimage\"},\"thumbnailUrl\":\"https:\\\/\\\/auriva-elevage.com\\\/wp-content\\\/uploads\\\/2023\\\/06\\\/logotypes_AURIVA-ELEVAGE_logotype_YPERIOS_generique_horizontale-fond-rouge-web-300x81.png\",\"datePublished\":\"2024-07-16T07:28:45+00:00\",\"dateModified\":\"2024-10-24T08:35:07+00:00\",\"breadcrumb\":{\"@id\":\"https:\\\/\\\/auriva-elevage.com\\\/es\\\/abondanza\\\/#breadcrumb\"},\"inLanguage\":\"es\",\"potentialAction\":[{\"@type\":\"ReadAction\",\"target\":[\"https:\\\/\\\/auriva-elevage.com\\\/es\\\/abondanza\\\/\"]}]},{\"@type\":\"ImageObject\",\"inLanguage\":\"es\",\"@id\":\"https:\\\/\\\/auriva-elevage.com\\\/es\\\/abondanza\\\/#primaryimage\",\"url\":\"https:\\\/\\\/auriva-elevage.com\\\/wp-content\\\/uploads\\\/2023\\\/06\\\/logotypes_AURIVA-ELEVAGE_logotype_YPERIOS_generique_horizontale-fond-rouge-web-300x81.png\",\"contentUrl\":\"https:\\\/\\\/auriva-elevage.com\\\/wp-content\\\/uploads\\\/2023\\\/06\\\/logotypes_AURIVA-ELEVAGE_logotype_YPERIOS_generique_horizontale-fond-rouge-web-300x81.png\"},{\"@type\":\"BreadcrumbList\",\"@id\":\"https:\\\/\\\/auriva-elevage.com\\\/es\\\/abondanza\\\/#breadcrumb\",\"itemListElement\":[{\"@type\":\"ListItem\",\"position\":1,\"name\":\"Accueil\",\"item\":\"https:\\\/\\\/auriva-elevage.com\\\/es\\\/inicio\\\/\"},{\"@type\":\"ListItem\",\"position\":2,\"name\":\"CONCURSO DE YPERIOS\"}]},{\"@type\":\"WebSite\",\"@id\":\"https:\\\/\\\/auriva-elevage.com\\\/es\\\/#website\",\"url\":\"https:\\\/\\\/auriva-elevage.com\\\/es\\\/\",\"name\":\"AURIVA-Elevage\",\"description\":\"L&#039;\u00e9levage nouvelle g\u00e9n\u00e9ration\",\"publisher\":{\"@id\":\"https:\\\/\\\/auriva-elevage.com\\\/es\\\/#organization\"},\"potentialAction\":[{\"@type\":\"SearchAction\",\"target\":{\"@type\":\"EntryPoint\",\"urlTemplate\":\"https:\\\/\\\/auriva-elevage.com\\\/es\\\/?s={search_term_string}\"},\"query-input\":{\"@type\":\"PropertyValueSpecification\",\"valueRequired\":true,\"valueName\":\"search_term_string\"}}],\"inLanguage\":\"es\"},{\"@type\":\"Organization\",\"@id\":\"https:\\\/\\\/auriva-elevage.com\\\/es\\\/#organization\",\"name\":\"AURIVA-Elevage\",\"url\":\"https:\\\/\\\/auriva-elevage.com\\\/es\\\/\",\"logo\":{\"@type\":\"ImageObject\",\"inLanguage\":\"es\",\"@id\":\"https:\\\/\\\/auriva-elevage.com\\\/es\\\/#\\\/schema\\\/logo\\\/image\\\/\",\"url\":\"https:\\\/\\\/auriva-elevage.com\\\/wp-content\\\/uploads\\\/2022\\\/12\\\/Auriva_RVB-blancorange200.png\",\"contentUrl\":\"https:\\\/\\\/auriva-elevage.com\\\/wp-content\\\/uploads\\\/2022\\\/12\\\/Auriva_RVB-blancorange200.png\",\"width\":200,\"height\":178,\"caption\":\"AURIVA-Elevage\"},\"image\":{\"@id\":\"https:\\\/\\\/auriva-elevage.com\\\/es\\\/#\\\/schema\\\/logo\\\/image\\\/\"},\"sameAs\":[\"https:\\\/\\\/www.facebook.com\\\/aurivaelevage\\\/\",\"https:\\\/\\\/www.instagram.com\\\/auriva_elevage\\\/\",\"https:\\\/\\\/www.youtube.com\\\/channel\\\/UCJZKuf_iczqPTU6v0Gu1Hlw\",\"https:\\\/\\\/www.linkedin.com\\\/company\\\/10562979\\\/admin\\\/\"]}]}<\/script>\n<!-- \/ Yoast SEO plugin. -->","yoast_head_json":{"title":"CONCURSO DE YPERIOS - AURIVA-Elevage.com","robots":{"index":"index","follow":"follow","max-snippet":"max-snippet:-1","max-image-preview":"max-image-preview:large","max-video-preview":"max-video-preview:-1"},"canonical":"https:\/\/auriva-elevage.com\/es\/abondanza\/","og_locale":"es_ES","og_type":"article","og_title":"CONCURSO DE YPERIOS - AURIVA-Elevage.com","og_description":"Juega con YPERIOS y podr\u00e1s ganar : 10 dosis convencionales [\u2026]","og_url":"https:\/\/auriva-elevage.com\/es\/abondanza\/","og_site_name":"AURIVA-Elevage.com","article_publisher":"https:\/\/www.facebook.com\/aurivaelevage\/","article_modified_time":"2024-10-24T08:35:07+00:00","og_image":[{"url":"https:\/\/auriva-elevage.com\/wp-content\/uploads\/2023\/06\/logotypes_AURIVA-ELEVAGE_logotype_YPERIOS_generique_horizontale-fond-rouge-web-300x81.png","type":"","width":"","height":""}],"twitter_card":"summary_large_image","twitter_misc":{"Tiempo de lectura":"1 minuto"},"schema":{"@context":"https:\/\/schema.org","@graph":[{"@type":"WebPage","@id":"https:\/\/auriva-elevage.com\/es\/abondanza\/","url":"https:\/\/auriva-elevage.com\/es\/abondanza\/","name":"CONCURSO DE YPERIOS - AURIVA-Elevage.com","isPartOf":{"@id":"https:\/\/auriva-elevage.com\/es\/#website"},"primaryImageOfPage":{"@id":"https:\/\/auriva-elevage.com\/es\/abondanza\/#primaryimage"},"image":{"@id":"https:\/\/auriva-elevage.com\/es\/abondanza\/#primaryimage"},"thumbnailUrl":"https:\/\/auriva-elevage.com\/wp-content\/uploads\/2023\/06\/logotypes_AURIVA-ELEVAGE_logotype_YPERIOS_generique_horizontale-fond-rouge-web-300x81.png","datePublished":"2024-07-16T07:28:45+00:00","dateModified":"2024-10-24T08:35:07+00:00","breadcrumb":{"@id":"https:\/\/auriva-elevage.com\/es\/abondanza\/#breadcrumb"},"inLanguage":"es","potentialAction":[{"@type":"ReadAction","target":["https:\/\/auriva-elevage.com\/es\/abondanza\/"]}]},{"@type":"ImageObject","inLanguage":"es","@id":"https:\/\/auriva-elevage.com\/es\/abondanza\/#primaryimage","url":"https:\/\/auriva-elevage.com\/wp-content\/uploads\/2023\/06\/logotypes_AURIVA-ELEVAGE_logotype_YPERIOS_generique_horizontale-fond-rouge-web-300x81.png","contentUrl":"https:\/\/auriva-elevage.com\/wp-content\/uploads\/2023\/06\/logotypes_AURIVA-ELEVAGE_logotype_YPERIOS_generique_horizontale-fond-rouge-web-300x81.png"},{"@type":"BreadcrumbList","@id":"https:\/\/auriva-elevage.com\/es\/abondanza\/#breadcrumb","itemListElement":[{"@type":"ListItem","position":1,"name":"Accueil","item":"https:\/\/auriva-elevage.com\/es\/inicio\/"},{"@type":"ListItem","position":2,"name":"CONCURSO DE YPERIOS"}]},{"@type":"WebSite","@id":"https:\/\/auriva-elevage.com\/es\/#website","url":"https:\/\/auriva-elevage.com\/es\/","name":"AURIVA-Elevage","description":"L&#039;\u00e9levage nouvelle g\u00e9n\u00e9ration","publisher":{"@id":"https:\/\/auriva-elevage.com\/es\/#organization"},"potentialAction":[{"@type":"SearchAction","target":{"@type":"EntryPoint","urlTemplate":"https:\/\/auriva-elevage.com\/es\/?s={search_term_string}"},"query-input":{"@type":"PropertyValueSpecification","valueRequired":true,"valueName":"search_term_string"}}],"inLanguage":"es"},{"@type":"Organization","@id":"https:\/\/auriva-elevage.com\/es\/#organization","name":"AURIVA-Elevage","url":"https:\/\/auriva-elevage.com\/es\/","logo":{"@type":"ImageObject","inLanguage":"es","@id":"https:\/\/auriva-elevage.com\/es\/#\/schema\/logo\/image\/","url":"https:\/\/auriva-elevage.com\/wp-content\/uploads\/2022\/12\/Auriva_RVB-blancorange200.png","contentUrl":"https:\/\/auriva-elevage.com\/wp-content\/uploads\/2022\/12\/Auriva_RVB-blancorange200.png","width":200,"height":178,"caption":"AURIVA-Elevage"},"image":{"@id":"https:\/\/auriva-elevage.com\/es\/#\/schema\/logo\/image\/"},"sameAs":["https:\/\/www.facebook.com\/aurivaelevage\/","https:\/\/www.instagram.com\/auriva_elevage\/","https:\/\/www.youtube.com\/channel\/UCJZKuf_iczqPTU6v0Gu1Hlw","https:\/\/www.linkedin.com\/company\/10562979\/admin\/"]}]}},"_links":{"self":[{"href":"https:\/\/auriva-elevage.com\/es\/wp-json\/wp\/v2\/pages\/9309","targetHints":{"allow":["GET"]}}],"collection":[{"href":"https:\/\/auriva-elevage.com\/es\/wp-json\/wp\/v2\/pages"}],"about":[{"href":"https:\/\/auriva-elevage.com\/es\/wp-json\/wp\/v2\/types\/page"}],"author":[{"embeddable":true,"href":"https:\/\/auriva-elevage.com\/es\/wp-json\/wp\/v2\/users\/3"}],"replies":[{"embeddable":true,"href":"https:\/\/auriva-elevage.com\/es\/wp-json\/wp\/v2\/comments?post=9309"}],"version-history":[{"count":8,"href":"https:\/\/auriva-elevage.com\/es\/wp-json\/wp\/v2\/pages\/9309\/revisions"}],"predecessor-version":[{"id":10109,"href":"https:\/\/auriva-elevage.com\/es\/wp-json\/wp\/v2\/pages\/9309\/revisions\/10109"}],"wp:attachment":[{"href":"https:\/\/auriva-elevage.com\/es\/wp-json\/wp\/v2\/media?parent=9309"}],"curies":[{"name":"wp","href":"https:\/\/api.w.org\/{rel}","templated":true}]}}